{"id":15248,"date":"2025-04-11T02:27:14","date_gmt":"2025-04-11T09:27:14","guid":{"rendered":"https:\/\/beacheden.com\/womens-solid-color-high-waist-split-bikini\/"},"modified":"2025-07-21T13:52:18","modified_gmt":"2025-07-21T20:52:18","slug":"bikini-fendu-taille-haute-pour-femmes","status":"publish","type":"product","link":"https:\/\/beacheden.com\/fr\/bikini-fendu-taille-haute-pour-femmes\/","title":{"rendered":"Bikini fendu \u00e0 taille haute de couleur unie pour femmes"},"content":{"rendered":"<p>Faites une d\u00e9claration avec le <strong>Bikini fendu taille haute pour femmes <\/strong>Ce maillot de bain a \u00e9t\u00e9 con\u00e7u pour allier \u00e9l\u00e9gance et fonctionnalit\u00e9 sans effort. Ce maillot de bain chic pr\u00e9sente une coupe flatteuse \u00e0 la taille haute qui offre un soutien et une couverture sup\u00e9rieurs, tandis que la fente s\u00e9duisante ajoute une touche de sophistication.<\/p>\n<p>Fabriqu\u00e9 dans un tissu de qualit\u00e9 sup\u00e9rieure \u00e0 s\u00e9chage rapide, il garantit un confort et une durabilit\u00e9 maximum, que vous vous pr\u00e9lassiez au bord de la piscine ou que vous preniez le soleil \u00e0 la plage.<\/p>\n<p>Les bretelles r\u00e9glables et la coupe ajust\u00e9e offrent une silhouette personnalisable, soulignant vos courbes en toute confiance. \u00c9levez votre <a href=\"https:\/\/beacheden.com\/fr\/maillot-de-bain-une-piece-dos-nu\/?wmc-currency=EUR\" title=\"Maillot de bain une pi\u00e8ce dos nu sexy\" target=\"_blank\" rel=\"noopener\"  data-wpil-monitor-id=\"46\">collection de maillots de bain avec cette pi\u00e8ce incontournable<\/a> qui allie un style intemporel \u00e0 un design moderne - parfait pour toutes les femmes s\u00fbres d'elles et pr\u00eates \u00e0 briller !<\/p>\n<p><b>D\u00e9tails du produit :<\/b><br \/>\nSexe applicable : f\u00e9minin<br \/>\nNom du tissu : Polyester<br \/>\nContenu des composants du tissu : 82 (%)<br \/>\nCouleur : noir<br \/>\nManches : sans manches<\/p>\n<p><b>Informations sur la taille :<\/b><br \/>\nTaille : S, M, L, XL<\/p>\n<table>\n<colgroup>\n<col \/>\n<col \/>\n<col \/> <\/colgroup>\n<tbody>\n<tr>\n<td>Taille\uff08cm\uff09<\/td>\n<td>Buste<\/td>\n<td>Taille<\/td>\n<\/tr>\n<tr>\n<td>S<\/td>\n<td>86\/89<\/td>\n<td>66\/69<\/td>\n<\/tr>\n<tr>\n<td>M<\/td>\n<td>91\/94<\/td>\n<td>71\/74<\/td>\n<\/tr>\n<tr>\n<td>L<\/td>\n<td>98\/101.5<\/td>\n<td>77\/81<\/td>\n<\/tr>\n<tr>\n<td>XL<\/td>\n<td>101.5\/109<\/td>\n<td>84\/89<\/td>\n<\/tr>\n<tr>\n<td>2XL<\/td>\n<td>114<\/td>\n<td>94<\/td>\n<\/tr>\n<\/tbody>\n<\/table>\n<p><b>La pr\u00e9vention :<\/b><br \/>\n1. Les tailles asiatiques sont 1 \u00e0 2 tailles plus petites que les tailles <a href=\"https:\/\/beacheden.com\/fr\/bikini-sexy-a-taille-haute-avec-cotes-fendus\/?wmc-currency=EUR\" title=\"Bikini europ\u00e9en et am\u00e9ricain Bikini fendu de couleur unie Maillot de bain taille haute\" target=\"_blank\" rel=\"noopener\"  data-wpil-monitor-id=\"8\">Europ\u00e9en et am\u00e9ricain<\/a>. Si votre taille se situe entre les deux tailles, veuillez choisir la taille la plus grande. En raison des mesures manuelles, la diff\u00e9rence est de 2 \u00e0 3 cm.<br \/>\n2. Si vous ne savez pas comment choisir la taille, veuillez v\u00e9rifier soigneusement le tableau des tailles avant d'acheter l'article, ou contactez notre service client\u00e8le.<br \/>\n3. Comme vous le savez, les ordinateurs affichent les couleurs de diff\u00e9rentes mani\u00e8res, la couleur de l'article r\u00e9el peut \u00eatre l\u00e9g\u00e8rement diff\u00e9rente de l'image ci-dessous.<\/p>\n<p><b>Contenu du paquet :<\/b><br \/>\nSoutien-gorge X1+cale\u00e7on X1<\/p>\n<p>&nbsp;<\/p>\n<p><img decoding=\"async\" src=\"https:\/\/cf.cjdropshipping.com\/4f110182-5a96-4b79-b801-5910423cddb5.jpg\" alt=\"\"> <img decoding=\"async\" src=\"https:\/\/cf.cjdropshipping.com\/00d8240f-fede-4320-a8f1-47b67c43faa4.jpg\" alt=\"\"> <img decoding=\"async\" src=\"https:\/\/cf.cjdropshipping.com\/760a1a33-1230-4ac6-8cd5-b6ccd4112219.jpg\" alt=\"\"> <img decoding=\"async\" src=\"https:\/\/cf.cjdropshipping.com\/2bb896ac-bc99-4f55-be03-3f93257534f0.jpg\" alt=\"\"> <img loading=\"lazy\" decoding=\"async\" class=\"alignnone\" src=\"https:\/\/cf.cjdropshipping.com\/2f7ac455-d0cf-42a3-ba25-b00e90ddb947.jpg\" alt=\"Bikini fendu taille haute pour femmes\" width=\"1340\" height=\"1340\" \/><\/p>","protected":false},"excerpt":{"rendered":"<p>Le bikini fendu \u00e0 taille haute pour femmes allie \u00e9l\u00e9gance et maintien pour une coupe impeccable. Dot\u00e9 d'un <a href=\"https:\/\/beacheden.com\/fr\/maillot-de-bain-fendu-grande-taille\/?wmc-currency=EUR\" title=\"Stylish Plus Size Split Swimsuit Veil (Maillot de bain fendu)\" target=\"_blank\" rel=\"noopener\"  data-wpil-monitor-id=\"52\">Conception \u00e9l\u00e9gante en deux parties<\/a>Il accentue les courbes tout en assurant un confort tout au long de la journ\u00e9e, que ce soit \u00e0 la mer ou \u00e0 la piscine. Am\u00e9liorez votre jeu de maillots de bain d\u00e8s aujourd'hui !<\/p>","protected":false},"featured_media":15243,"comment_status":"open","ping_status":"closed","template":"","meta":[],"product_brand":[],"product_cat":[40],"product_tag":[],"class_list":{"0":"post-15248","1":"product","2":"type-product","3":"status-publish","4":"has-post-thumbnail","6":"product_cat-bikini","8":"first","9":"instock","10":"taxable","11":"shipping-taxable","12":"purchasable","13":"product-type-variable"},"_links":{"self":[{"href":"https:\/\/beacheden.com\/fr\/wp-json\/wp\/v2\/product\/15248","targetHints":{"allow":["GET"]}}],"collection":[{"href":"https:\/\/beacheden.com\/fr\/wp-json\/wp\/v2\/product"}],"about":[{"href":"https:\/\/beacheden.com\/fr\/wp-json\/wp\/v2\/types\/product"}],"replies":[{"embeddable":true,"href":"https:\/\/beacheden.com\/fr\/wp-json\/wp\/v2\/comments?post=15248"}],"wp:featuredmedia":[{"embeddable":true,"href":"https:\/\/beacheden.com\/fr\/wp-json\/wp\/v2\/media\/15243"}],"wp:attachment":[{"href":"https:\/\/beacheden.com\/fr\/wp-json\/wp\/v2\/media?parent=15248"}],"wp:term":[{"taxonomy":"product_brand","embeddable":true,"href":"https:\/\/beacheden.com\/fr\/wp-json\/wp\/v2\/product_brand?post=15248"},{"taxonomy":"product_cat","embeddable":true,"href":"https:\/\/beacheden.com\/fr\/wp-json\/wp\/v2\/product_cat?post=15248"},{"taxonomy":"product_tag","embeddable":true,"href":"https:\/\/beacheden.com\/fr\/wp-json\/wp\/v2\/product_tag?post=15248"}],"curies":[{"name":"wp","href":"https:\/\/api.w.org\/{rel}","templated":true}]}}