{"id":15235,"date":"2025-04-11T02:01:22","date_gmt":"2025-04-11T09:01:22","guid":{"rendered":"https:\/\/beacheden.com\/new-ladies-high-waist-split-bikini-swimsuit\/"},"modified":"2025-07-21T13:52:19","modified_gmt":"2025-07-21T20:52:19","slug":"nouveau-bikini-taille-haute-fendu-pour-dames","status":"publish","type":"product","link":"https:\/\/beacheden.com\/fr\/nouveau-bikini-taille-haute-fendu-pour-dames\/","title":{"rendered":"New Ladies High Waist Split Bikini Swimsuit"},"content":{"rendered":"<p>Les <strong>New Ladies High Waist Split Bikini <\/strong> est un incontournable de l'\u00e9t\u00e9, con\u00e7u pour allier \u00e9l\u00e9gance et confort. Dot\u00e9 d'une coupe chic \u00e0 taille haute et d'une fente \u00e9l\u00e9gante, ce bikini flatte toutes les courbes tout en offrant un ajustement s\u00fbr et confiant. Fabriqu\u00e9 dans un tissu de qualit\u00e9 sup\u00e9rieure \u00e0 s\u00e9chage rapide, il assure un confort tout au long de la journ\u00e9e.<\/p>\n<p>que vous soyez <a href=\"https:\/\/beacheden.com\/fr\/maillot-de-bain-fendu-grande-taille\/?wmc-currency=EUR\" title=\"Stylish Plus Size Split Swimsuit Veil (Maillot de bain fendu)\" target=\"_blank\" rel=\"noopener\"  data-wpil-monitor-id=\"53\">se pr\u00e9lasser au bord de la piscine<\/a> ou de prendre le soleil \u00e0 la plage. Les bretelles r\u00e9glables et la couverture personnalisable le rendent polyvalent pour chaque type de corps. \u00c9levez votre <a href=\"https:\/\/beacheden.com\/fr\/maillot-de-bain-une-piece-dos-nu\/?wmc-currency=EUR\" title=\"Maillot de bain une pi\u00e8ce dos nu sexy\" target=\"_blank\" rel=\"noopener\"  data-wpil-monitor-id=\"47\">collection de maillots de bain avec cette pi\u00e8ce incontournable<\/a> qui est \u00e0 la fois sophistiqu\u00e9e et amusante - parfaite pour faire des vagues cette saison !<\/p>\n<p><b>Informations sur le produit :<\/b><\/p>\n<p>Sexe applicable : f\u00e9minin<br \/>\nMotif : couleur unie, taille haute, s\u00e9chage rapide, serr\u00e9, dos ouvert, grande \u00e9lasticit\u00e9, durable, petit frais<br \/>\nTra\u00een\u00e9e ou non avec de l'acier : avec coussinet thoracique sans support en acier<br \/>\nNom du tissu : polyester<br \/>\nComposition du tissu : Nylon<br \/>\nComposition de la doublure : spandex<\/p>\n<p><b>Informations sur la taille :<\/b><br \/>\nTailleS,M,L<\/p>\n<p><img decoding=\"async\" src=\"https:\/\/cf.cjdropshipping.com\/9f1ecf24-f5aa-47db-823e-724438fd69b6.jpg\" alt=\"\"><\/p>\n<p>&nbsp;<\/p>\n<p><b>Remarque :<\/b><br \/>\n1. Les tailles asiatiques sont 1 \u00e0 2 tailles plus petites que les tailles <a href=\"https:\/\/beacheden.com\/fr\/bikini-sexy-a-taille-haute-avec-cotes-fendus\/?wmc-currency=EUR\" title=\"Bikini europ\u00e9en et am\u00e9ricain Bikini fendu de couleur unie Maillot de bain taille haute\" target=\"_blank\" rel=\"noopener\"  data-wpil-monitor-id=\"48\">Europ\u00e9en et am\u00e9ricain<\/a> personnes. Choisissez la taille la plus grande si votre taille se situe entre deux tailles. Veuillez tenir compte d'une diff\u00e9rence de 2 \u00e0 3 cm due aux mesures manuelles.<br \/>\n2. Si vous ne savez pas comment choisir votre taille, veuillez contacter notre service client\u00e8le.<br \/>\n3. comme vous le savez, les ordinateurs affichent les couleurs diff\u00e9remment, la couleur de l'article r\u00e9el peut varier l\u00e9g\u00e8rement par rapport aux images suivantes.<\/p>\n<p><b>Liste d'emballage :<\/b><\/p>\n<p>Soutien-gorge*1 Culotte*1<\/p>\n<p>&nbsp;<\/p>\n<p><b>Image du produit :<\/b><\/p>\n<p><img decoding=\"async\" src=\"https:\/\/cf.cjdropshipping.com\/07a2d676-bd23-4fa9-90c3-4867c92be82e.jpg\" alt=\"\"> <img loading=\"lazy\" decoding=\"async\" class=\"alignnone\" src=\"https:\/\/cf.cjdropshipping.com\/38083227-45d1-48d9-8fe8-4701f45fba51.jpg\" alt=\"New Ladies High Waist Split Bikini\" width=\"904\" height=\"1205\" \/> <img decoding=\"async\" src=\"https:\/\/cf.cjdropshipping.com\/d7b1715d-dce6-401e-a998-0702a5c450e3.jpg\" alt=\"\"> <img decoding=\"async\" src=\"https:\/\/cf.cjdropshipping.com\/0e3091c9-3907-4132-9244-2ac99c97b864.jpg\" alt=\"\"> <img decoding=\"async\" src=\"https:\/\/cf.cjdropshipping.com\/7ac3247d-e690-41f0-b1c4-10c44a1d7882.jpg\" alt=\"\"> <img decoding=\"async\" src=\"https:\/\/cf.cjdropshipping.com\/3747a5e3-9d4f-4824-8727-9a643b2125ac.jpg\" alt=\"\"><\/p>","protected":false},"excerpt":{"rendered":"<p>Le nouveau bikini fendu \u00e0 taille haute pour femmes allie style et confort gr\u00e2ce \u00e0 son design fendu unique. Parfaitement taill\u00e9 pour flatter toutes les morphologies, il donne de l'assurance au bord de la piscine ou \u00e0 la plage. Adoptez l'\u00e9l\u00e9gance intemporelle cette saison !<\/p>","protected":false},"featured_media":15228,"comment_status":"open","ping_status":"closed","template":"","meta":[],"product_brand":[],"product_cat":[40],"product_tag":[],"class_list":{"0":"post-15235","1":"product","2":"type-product","3":"status-publish","4":"has-post-thumbnail","6":"product_cat-bikini","8":"first","9":"instock","10":"taxable","11":"shipping-taxable","12":"purchasable","13":"product-type-variable"},"_links":{"self":[{"href":"https:\/\/beacheden.com\/fr\/wp-json\/wp\/v2\/product\/15235","targetHints":{"allow":["GET"]}}],"collection":[{"href":"https:\/\/beacheden.com\/fr\/wp-json\/wp\/v2\/product"}],"about":[{"href":"https:\/\/beacheden.com\/fr\/wp-json\/wp\/v2\/types\/product"}],"replies":[{"embeddable":true,"href":"https:\/\/beacheden.com\/fr\/wp-json\/wp\/v2\/comments?post=15235"}],"wp:featuredmedia":[{"embeddable":true,"href":"https:\/\/beacheden.com\/fr\/wp-json\/wp\/v2\/media\/15228"}],"wp:attachment":[{"href":"https:\/\/beacheden.com\/fr\/wp-json\/wp\/v2\/media?parent=15235"}],"wp:term":[{"taxonomy":"product_brand","embeddable":true,"href":"https:\/\/beacheden.com\/fr\/wp-json\/wp\/v2\/product_brand?post=15235"},{"taxonomy":"product_cat","embeddable":true,"href":"https:\/\/beacheden.com\/fr\/wp-json\/wp\/v2\/product_cat?post=15235"},{"taxonomy":"product_tag","embeddable":true,"href":"https:\/\/beacheden.com\/fr\/wp-json\/wp\/v2\/product_tag?post=15235"}],"curies":[{"name":"wp","href":"https:\/\/api.w.org\/{rel}","templated":true}]}}