{"id":15207,"date":"2025-04-11T01:44:20","date_gmt":"2025-04-11T08:44:20","guid":{"rendered":"https:\/\/beacheden.com\/new-foreign-trade-swimsuit-womens-nylon-solid-color-twist-bag-one-piece-bikini\/"},"modified":"2025-07-21T14:05:20","modified_gmt":"2025-07-21T21:05:20","slug":"bikini-torsade-avec-couleurs-unies","status":"publish","type":"product","link":"https:\/\/beacheden.com\/fr\/bikini-torsade-avec-couleurs-unies\/","title":{"rendered":"New Foreign Trade Swimsuit Bikini une pi\u00e8ce en nylon de couleur unie avec pochette torsad\u00e9e pour femmes"},"content":{"rendered":"<p>Le bikini torsad\u00e9 avec couleurs unies est l'accessoire indispensable de l'\u00e9t\u00e9, con\u00e7u pour allier sophistication et confort. Dot\u00e9 d'un d\u00e9tail torsad\u00e9 chic au centre, ce haut de bikini accentue vos courbes tout en offrant une coupe s\u00fbre et flatteuse. Con\u00e7u dans un tissu de haute qualit\u00e9 \u00e0 s\u00e9chage rapide, il assure un confort tout au long de la journ\u00e9e, que vous vous pr\u00e9lassiez au bord de la piscine ou que vous preniez le soleil \u00e0 la plage.<\/p>\n<p>La palette de couleurs unies ajoute une touche d'\u00e9l\u00e9gance intemporelle, ce qui la rend polyvalente pour toutes les occasions. Associez-le \u00e0 un bas de couleur unie assorti pour un look \u00e9l\u00e9gant et coordonn\u00e9. Ce bikini torsad\u00e9, indispensable, vous donnera confiance, style et charme sans effort. Il vous accompagnera dans vos moments inoubliables de l'\u00e9t\u00e9.<\/p>\n<p><b>Informations sur le produit :<\/b><br \/>\nCouleur : rouge rose, bleu clair, noir<br \/>\nTaille : S, M, L<br \/>\nComposition de la doublure : Fibre de polyester<br \/>\nStyle : slip<br \/>\nNom du tissu : Nylon<\/p>\n<p><b>Informations sur la taille :<\/b><\/p>\n<p><img decoding=\"async\" src=\"https:\/\/cf.cjdropshipping.com\/1d39552a-881c-4923-a6f2-2c83cc2414bc.jpg?x-oss-process=image\/quality,q_100\" alt=\"\"><br \/>\n<b>Remarque :<\/b> 1. Les tailles asiatiques sont 1 \u00e0 2 tailles plus petites que les tailles <a href=\"https:\/\/beacheden.com\/fr\/bikini-asymetrique-avec-couleur-unie\/?wmc-currency=EUR\" title=\"Maillot de bain fendu de couleur unie pour dames europ\u00e9ennes et am\u00e9ricaines\" target=\"_blank\" rel=\"noopener\"  data-wpil-monitor-id=\"115\">Europ\u00e9en et am\u00e9ricain<\/a> personnes. Choisissez la taille la plus grande si votre taille se situe entre deux tailles. Veuillez tenir compte d'une diff\u00e9rence de 2 \u00e0 3 cm due aux mesures manuelles. 2. Si vous ne savez pas comment choisir votre taille, veuillez contacter notre service client\u00e8le. 3) Comme vous le savez, les ordinateurs affichent les couleurs diff\u00e9remment, la couleur de l'article r\u00e9el peut varier l\u00e9g\u00e8rement par rapport aux images suivantes.<\/p>\n<p><b>Liste d'emballage : <\/b><\/p>\n<p>Top*1+Pantalon*1<br \/>\n<b>Image du produit :<\/b><\/p>\n<p><img loading=\"lazy\" decoding=\"async\" class=\"alignnone\" src=\"https:\/\/cf.cjdropshipping.com\/45b4be60-8b0c-4a65-9176-cad9e53d4d1f.jpg\" alt=\"Bikini torsad\u00e9 avec couleurs unies\" width=\"1200\" height=\"1200\" \/><br \/>\n<img decoding=\"async\" src=\"https:\/\/cf.cjdropshipping.com\/60cb8c83-aa67-4ff5-92ef-d33bfd0a696c.jpg\" alt=\"\"><br \/>\n<img decoding=\"async\" src=\"https:\/\/cf.cjdropshipping.com\/9278ec32-5ab5-4814-ab72-82cfc0417ca5.jpg\" alt=\"\"><br \/>\n<img decoding=\"async\" src=\"https:\/\/cf.cjdropshipping.com\/c7776e2c-2bdd-40c2-bcf7-5122927f0102.jpg\" alt=\"\"><br \/>\n<img decoding=\"async\" src=\"https:\/\/cf.cjdropshipping.com\/f84076ef-8886-4a70-a6b3-53e897bb1b7d.jpg\" alt=\"\"><\/p>","protected":false},"excerpt":{"rendered":"<p>Le bikini Twist avec couleurs unies est con\u00e7u pour les femmes audacieuses et s\u00fbres d'elles qui aiment l'\u00e9l\u00e9gance intemporelle. Son d\u00e9tail torsad\u00e9 unique flatte chaque type de corps tout en offrant un confort ultime. Parfait pour <a href=\"https:\/\/beacheden.com\/fr\/haut-de-bikini-en-crochet\/?wmc-currency=EUR\" title=\"Maillot de bain en crochet fait \u00e0 la main Bikini Swimsuit Top\" target=\"_blank\" rel=\"noopener\"  data-wpil-monitor-id=\"70\">les journ\u00e9es \u00e0 la plage ou le farniente au bord de la piscine<\/a>Cette pi\u00e8ce \u00e9l\u00e9gante vous permet de vous d\u00e9marquer sans effort.<\/p>","protected":false},"featured_media":15197,"comment_status":"open","ping_status":"closed","template":"","meta":[],"product_brand":[],"product_cat":[40],"product_tag":[],"class_list":{"0":"post-15207","1":"product","2":"type-product","3":"status-publish","4":"has-post-thumbnail","6":"product_cat-bikini","8":"first","9":"instock","10":"taxable","11":"shipping-taxable","12":"purchasable","13":"product-type-variable"},"_links":{"self":[{"href":"https:\/\/beacheden.com\/fr\/wp-json\/wp\/v2\/product\/15207","targetHints":{"allow":["GET"]}}],"collection":[{"href":"https:\/\/beacheden.com\/fr\/wp-json\/wp\/v2\/product"}],"about":[{"href":"https:\/\/beacheden.com\/fr\/wp-json\/wp\/v2\/types\/product"}],"replies":[{"embeddable":true,"href":"https:\/\/beacheden.com\/fr\/wp-json\/wp\/v2\/comments?post=15207"}],"wp:featuredmedia":[{"embeddable":true,"href":"https:\/\/beacheden.com\/fr\/wp-json\/wp\/v2\/media\/15197"}],"wp:attachment":[{"href":"https:\/\/beacheden.com\/fr\/wp-json\/wp\/v2\/media?parent=15207"}],"wp:term":[{"taxonomy":"product_brand","embeddable":true,"href":"https:\/\/beacheden.com\/fr\/wp-json\/wp\/v2\/product_brand?post=15207"},{"taxonomy":"product_cat","embeddable":true,"href":"https:\/\/beacheden.com\/fr\/wp-json\/wp\/v2\/product_cat?post=15207"},{"taxonomy":"product_tag","embeddable":true,"href":"https:\/\/beacheden.com\/fr\/wp-json\/wp\/v2\/product_tag?post=15207"}],"curies":[{"name":"wp","href":"https:\/\/api.w.org\/{rel}","templated":true}]}}