{"id":15179,"date":"2025-04-10T13:08:01","date_gmt":"2025-04-10T20:08:01","guid":{"rendered":"https:\/\/beacheden.com\/printed-split-bikini-halter-sexy-european-and-american-zipper\/"},"modified":"2025-04-10T13:19:26","modified_gmt":"2025-04-10T20:19:26","slug":"bikini-dos-nu-avec-fermeture-eclair","status":"publish","type":"product","link":"https:\/\/beacheden.com\/fr\/bikini-dos-nu-avec-fermeture-eclair\/","title":{"rendered":"Bikini imprim\u00e9 fendu dos nu sexy europ\u00e9en et am\u00e9ricain fermeture \u00e0 glissi\u00e8re"},"content":{"rendered":"<p>Faites-vous remarquer cette saison avec notre <strong>Bikini dos nu avec fermeture \u00e9clair <\/strong>Ce maillot de bain est con\u00e7u pour combiner la mode et la fonctionnalit\u00e9 de mani\u00e8re transparente. Le col licou offre un soutien sup\u00e9rieur et un ajustement personnalis\u00e9, tandis que la fermeture \u00e9clair \u00e9l\u00e9gante sur le devant ajoute une touche de modernit\u00e9 \u00e0 votre look de maillot de bain.<\/p>\n<p>Fabriqu\u00e9 dans un tissu de haute qualit\u00e9 \u00e0 s\u00e9chage rapide, ce bikini assure confort et durabilit\u00e9 tout au long de la journ\u00e9e. Sa coupe flatteuse met en valeur vos courbes, ce qui le rend parfait pour se pr\u00e9lasser au bord de la piscine ou prendre le soleil \u00e0 la plage. D\u00e9marquez-vous avec cette pi\u00e8ce \u00e0 la fois \u00e9l\u00e9gante et pratique qui vous donnera confiance en vous et rehaussera votre garde-robe d'\u00e9t\u00e9. Plongez dans un style sans effort - choisissez votre taille d\u00e8s aujourd'hui !<\/p>\n<p><b>Informations sur le produit :<\/b><br \/>\nNum\u00e9ro d'article : 2060<br \/>\nCat\u00e9gorie d'approvisionnement : Spot<br \/>\nCommerce ext\u00e9rieur : Oui<br \/>\nSexe applicable : f\u00e9minin<br \/>\n\u00c2ge d'application : adulte<br \/>\nStyle du mod\u00e8le : \u00e9pais, conservateur, sexy, \u00e9largi et \u00e9pais, europ\u00e9en et am\u00e9ricain, ajust\u00e9, floral, petit et frais<br \/>\nAvec remorque en acier : avec coussin thoracique sans support en acier<br \/>\nNom du tissu : polyester<br \/>\nComposition du tissu : fibre de polyester (polyester)<br \/>\nComposition du tissu : 60 (%)<br \/>\nPoids en grammes : 260 (g)<br \/>\nDoublure : Polyester<br \/>\nComposition de la doublure : fibre de polyester (polyester)<br \/>\nTeneur en ingr\u00e9dients de la doublure : 60 (%)<br \/>\nCouleur : rouge, vert<\/p>\n<p><b> Informations sur la taille :<br \/>\nTaille : <\/b> S, M, L, XL<br \/>\n<img decoding=\"async\" src=\"https:\/\/cf.cjdropshipping.com\/1622691758219.jpg\" alt=\"\"><\/p>\n<p><b>\u00a0<\/b><\/p>\n<p><b>Note<\/b><\/p>\n<p>1. Les tailles asiatiques sont 1 \u00e0 2 tailles plus petites que les tailles europ\u00e9ennes et am\u00e9ricaines. Choisissez la taille la plus grande si votre taille se situe entre deux tailles. Veuillez tenir compte d'une diff\u00e9rence de 2 \u00e0 3 cm due aux mesures manuelles.<\/p>\n<p>2. Si vous ne savez pas comment choisir votre taille, veuillez contacter notre service client\u00e8le.<\/p>\n<p>3. comme vous le savez, les ordinateurs affichent les couleurs diff\u00e9remment, la couleur de l'article r\u00e9el peut varier l\u00e9g\u00e8rement par rapport aux images suivantes.<\/p>\n<p><b>\u00a0<\/b><\/p>\n<p><b>Liste d'emballage :<\/b><br \/>\nBikini x1<\/p>\n<p><img loading=\"lazy\" decoding=\"async\" class=\"alignnone\" src=\"https:\/\/cf.cjdropshipping.com\/1622691715701.jpg\" alt=\"Bikini dos nu avec fermeture \u00e9clair\" width=\"684\" height=\"1024\" \/> <img decoding=\"async\" src=\"https:\/\/cf.cjdropshipping.com\/1622691715704.jpg\" alt=\"\"> <img decoding=\"async\" src=\"https:\/\/cf.cjdropshipping.com\/1622691715707.jpg\" alt=\"\"> <img decoding=\"async\" src=\"https:\/\/cf.cjdropshipping.com\/1622691715709.jpg\" alt=\"\"> <img decoding=\"async\" src=\"https:\/\/cf.cjdropshipping.com\/1622691715708.jpg\" alt=\"\"><\/p>","protected":false},"excerpt":{"rendered":"<p>Le bikini dos nu avec fermeture \u00e9clair allie style et fonctionnalit\u00e9. Dot\u00e9 d'une silhouette \u00e9l\u00e9gante et d'une coupe ajustable, il assure confiance et confort, ce qui le rend parfait pour les journ\u00e9es \u00e0 la plage ou \u00e0 la piscine.<\/p>","protected":false},"featured_media":15174,"comment_status":"open","ping_status":"closed","template":"","meta":[],"product_brand":[],"product_cat":[40],"product_tag":[],"class_list":{"0":"post-15179","1":"product","2":"type-product","3":"status-publish","4":"has-post-thumbnail","6":"product_cat-bikini","8":"first","9":"instock","10":"taxable","11":"shipping-taxable","12":"purchasable","13":"product-type-variable"},"_links":{"self":[{"href":"https:\/\/beacheden.com\/fr\/wp-json\/wp\/v2\/product\/15179","targetHints":{"allow":["GET"]}}],"collection":[{"href":"https:\/\/beacheden.com\/fr\/wp-json\/wp\/v2\/product"}],"about":[{"href":"https:\/\/beacheden.com\/fr\/wp-json\/wp\/v2\/types\/product"}],"replies":[{"embeddable":true,"href":"https:\/\/beacheden.com\/fr\/wp-json\/wp\/v2\/comments?post=15179"}],"wp:featuredmedia":[{"embeddable":true,"href":"https:\/\/beacheden.com\/fr\/wp-json\/wp\/v2\/media\/15174"}],"wp:attachment":[{"href":"https:\/\/beacheden.com\/fr\/wp-json\/wp\/v2\/media?parent=15179"}],"wp:term":[{"taxonomy":"product_brand","embeddable":true,"href":"https:\/\/beacheden.com\/fr\/wp-json\/wp\/v2\/product_brand?post=15179"},{"taxonomy":"product_cat","embeddable":true,"href":"https:\/\/beacheden.com\/fr\/wp-json\/wp\/v2\/product_cat?post=15179"},{"taxonomy":"product_tag","embeddable":true,"href":"https:\/\/beacheden.com\/fr\/wp-json\/wp\/v2\/product_tag?post=15179"}],"curies":[{"name":"wp","href":"https:\/\/api.w.org\/{rel}","templated":true}]}}