{"id":15156,"date":"2025-04-10T12:29:36","date_gmt":"2025-04-10T19:29:36","guid":{"rendered":"https:\/\/beacheden.com\/new-style-swimsuit-ladies-multi-strap-lace-ethnic-print-half-sleeved-sexy-split-bikini\/"},"modified":"2025-11-01T14:06:18","modified_gmt":"2025-11-01T21:06:18","slug":"bikini-imprime-africain","status":"publish","type":"product","link":"https:\/\/beacheden.com\/fr\/bikini-imprime-africain\/","title":{"rendered":"New Style Swimsuit Ladies Multi-strap Lace Ethnic Print Half-sleeve Sexy Split Bikini"},"content":{"rendered":"<p>Faites des vagues cette saison avec notre <strong>Bikini imprim\u00e9 africain <\/strong>Ce bikini est un m\u00e9lange parfait de culture et de style. Con\u00e7u pour les femmes audacieuses et s\u00fbres d'elles, ce bikini pr\u00e9sente des motifs vibrants et accrocheurs qui c\u00e9l\u00e8brent l'art africain tout en apportant une touche de modernit\u00e9. Fabriqu\u00e9 dans un tissu de qualit\u00e9 sup\u00e9rieure \u00e0 s\u00e9chage rapide, il assure un confort ultime et une coupe impeccable.<\/p>\n<p>Que vous soyez <a href=\"https:\/\/beacheden.com\/fr\/bikini-deux-pieces-imprime\/?wmc-currency=EUR\" title=\"Bikini deux pi\u00e8ces imprim\u00e9\" target=\"_blank\" rel=\"noopener\"  data-wpil-monitor-id=\"110\">se pr\u00e9lasser au bord de la piscine<\/a> ou prendre le soleil \u00e0 la plage, ce maillot de bain est le choix id\u00e9al pour se d\u00e9marquer dans la foule. Les bretelles r\u00e9glables et le rembourrage souple offrent un soutien personnalis\u00e9, ce qui le rend aussi pratique qu'\u00e9blouissant. Rehaussez votre collection de maillots de bain avec une pi\u00e8ce aussi unique que vous. <a href=\"https:\/\/beacheden.com\/fr\/bikini-noir\/?wmc-currency=EUR\" title=\"Bikini d&#039;\u00e9t\u00e9 pour femmes Sexy Halter Sheer Mesh Beach Swimsuit Commerce ext\u00e9rieur\" target=\"_blank\" rel=\"noopener\"  data-wpil-monitor-id=\"151\">l'\u00e9t\u00e9 avec notre bikini \u00e0 imprim\u00e9 africain<\/a>!<\/p>\n<p><b>Informations sur le produit :<\/b><br \/>\nStyle : Bikini<br \/>\nSexe applicable : f\u00e9minin<br \/>\nStyle du mod\u00e8le : durable, s\u00e9chage rapide, sexy, haute \u00e9lasticit\u00e9, europ\u00e9en et am\u00e9ricain, serr\u00e9<br \/>\nAvec remorque en acier : avec coussin thoracique sans support en acier<br \/>\nNom du tissu : polyester<br \/>\nComposition du tissu : fibre de polyester (polyester)<br \/>\nContenu de la composition du tissu : 82 (%)<br \/>\nDomaine d'application : fitness et corps, <a href=\"https:\/\/beacheden.com\/fr\/bikinis-dete\/?wmc-currency=EUR\" title=\"Maillot de bain Bikini Push Up pour femmes, couleur unie et fendue, en nylon avec anneaux en acier\" target=\"_blank\" rel=\"noopener\"  data-wpil-monitor-id=\"199\">la natation et le pataugeage<\/a><br \/>\nCouleurs : Blanc, Noir<\/p>\n<p><b>Informations sur la taille :<\/b><br \/>\nTaille : S, M, L, XL<\/p>\n<table>\n<colgroup>\n<col \/>\n<col \/> <\/colgroup>\n<tbody>\n<tr>\n<td>Taille<\/td>\n<td>Buste<\/td>\n<td>Taille<\/td>\n<td>Hanches<\/td>\n<\/tr>\n<tr>\n<td>S<\/td>\n<td>73-76<\/td>\n<td>64-67<\/td>\n<td>80-83<\/td>\n<\/tr>\n<tr>\n<td>M<\/td>\n<td>76-79<\/td>\n<td>67-70<\/td>\n<td>83-86<\/td>\n<\/tr>\n<tr>\n<td>L<\/td>\n<td>79-82<\/td>\n<td>70-73<\/td>\n<td>86-89<\/td>\n<\/tr>\n<tr>\n<td>XL<\/td>\n<td>82-85<\/td>\n<td>73-76<\/td>\n<td>89-92<\/td>\n<\/tr>\n<\/tbody>\n<\/table>\n<p><b>Liste d'emballage :<\/b><br \/>\nBikini*1<\/p>\n<p><b>La pr\u00e9vention :<\/b><\/p>\n<p>1. Les tailles asiatiques sont 1 \u00e0 2 tailles plus petites que les tailles europ\u00e9ennes et am\u00e9ricaines. Choisissez la taille la plus grande si votre taille se situe entre deux tailles. Veuillez tenir compte d'une diff\u00e9rence de 2 \u00e0 3 cm due aux mesures manuelles.<\/p>\n<p>2. Si vous ne savez pas comment choisir votre taille, veuillez contacter notre service client\u00e8le.<\/p>\n<p>3. comme vous le savez, les ordinateurs affichent les couleurs diff\u00e9remment, la couleur de l'article r\u00e9el peut varier l\u00e9g\u00e8rement par rapport aux images suivantes.<\/p>\n<p>&nbsp;<\/p>\n<p><img loading=\"lazy\" decoding=\"async\" class=\"alignnone\" src=\"https:\/\/cf.cjdropshipping.com\/1617097166578.jpg\" alt=\"Bikini imprim\u00e9 africain\" width=\"750\" height=\"750\" \/> <img decoding=\"async\" src=\"https:\/\/cf.cjdropshipping.com\/1617097166582.jpg\" alt=\"\"> <img decoding=\"async\" src=\"https:\/\/cf.cjdropshipping.com\/1617097166585.jpg\" alt=\"\"> <img decoding=\"async\" src=\"https:\/\/cf.cjdropshipping.com\/1617097166593.jpg\" alt=\"\"> <img decoding=\"async\" src=\"https:\/\/cf.cjdropshipping.com\/1617097166598.jpg\" alt=\"\"><\/p>","protected":false},"excerpt":{"rendered":"<p>Le bikini \u00e0 imprim\u00e9 africain associe des motifs saisissants \u00e0 un confort de premier ordre. Parfait pour se faire remarquer \u00e0 la plage ou au bord de la piscine tout en c\u00e9l\u00e9brant l'art culturel. Rehaussez votre jeu de maillots de bain sans effort !<\/p>","protected":false},"featured_media":15151,"comment_status":"open","ping_status":"closed","template":"","meta":[],"product_brand":[],"product_cat":[39],"product_tag":[],"class_list":{"0":"post-15156","1":"product","2":"type-product","3":"status-publish","4":"has-post-thumbnail","6":"product_cat-swimsuit","8":"first","9":"instock","10":"taxable","11":"shipping-taxable","12":"purchasable","13":"product-type-variable"},"_links":{"self":[{"href":"https:\/\/beacheden.com\/fr\/wp-json\/wp\/v2\/product\/15156","targetHints":{"allow":["GET"]}}],"collection":[{"href":"https:\/\/beacheden.com\/fr\/wp-json\/wp\/v2\/product"}],"about":[{"href":"https:\/\/beacheden.com\/fr\/wp-json\/wp\/v2\/types\/product"}],"replies":[{"embeddable":true,"href":"https:\/\/beacheden.com\/fr\/wp-json\/wp\/v2\/comments?post=15156"}],"wp:featuredmedia":[{"embeddable":true,"href":"https:\/\/beacheden.com\/fr\/wp-json\/wp\/v2\/media\/15151"}],"wp:attachment":[{"href":"https:\/\/beacheden.com\/fr\/wp-json\/wp\/v2\/media?parent=15156"}],"wp:term":[{"taxonomy":"product_brand","embeddable":true,"href":"https:\/\/beacheden.com\/fr\/wp-json\/wp\/v2\/product_brand?post=15156"},{"taxonomy":"product_cat","embeddable":true,"href":"https:\/\/beacheden.com\/fr\/wp-json\/wp\/v2\/product_cat?post=15156"},{"taxonomy":"product_tag","embeddable":true,"href":"https:\/\/beacheden.com\/fr\/wp-json\/wp\/v2\/product_tag?post=15156"}],"curies":[{"name":"wp","href":"https:\/\/api.w.org\/{rel}","templated":true}]}}