{"id":15118,"date":"2025-04-10T11:49:17","date_gmt":"2025-04-10T18:49:17","guid":{"rendered":"https:\/\/beacheden.com\/womens-one-piece-swimsuit-solid-color-nylon\/"},"modified":"2025-09-05T16:51:25","modified_gmt":"2025-09-05T23:51:25","slug":"maillot-de-bain-en-nylon","status":"publish","type":"product","link":"https:\/\/beacheden.com\/fr\/maillot-de-bain-en-nylon\/","title":{"rendered":"Maillot de bain une pi\u00e8ce pour femmes, couleur unie Nylon"},"content":{"rendered":"<p>Le maillot de bain Nylon est le choix id\u00e9al pour le style, le confort et la durabilit\u00e9. Fabriqu\u00e9 dans un tissu en nylon de haute qualit\u00e9, il offre un design \u00e9l\u00e9gant et ajust\u00e9 qui flatte toutes les morphologies.<\/p>\n<p>L\u00e9ger et s\u00e9chant rapidement, ce maillot de bain est parfait pour les journ\u00e9es \u00e0 la plage, les f\u00eates au bord de la piscine ou les escapades tropicales. Sa mati\u00e8re r\u00e9sistante garantit un port durable, tandis que ses couleurs vives et ses motifs chics font une d\u00e9claration audacieuse. Ce maillot de bain en Nylon est un mod\u00e8le de confiance et d'\u00e9l\u00e9gance sans effort. <a href=\"https:\/\/beacheden.com\/fr\/?wmc-currency=EUR\" title=\"Accueil\" target=\"_blank\" rel=\"noopener\"  data-wpil-monitor-id=\"92\">Le maillot de bain est l'accessoire indispensable de l'\u00e9t\u00e9<\/a>. Plongez et brillez !<\/p>\n<p><b>D\u00e9tails du produit :<\/b><br \/>\nSexe applicable : f\u00e9minin<br \/>\nNom du tissu : Nylon<br \/>\nContenu des composants du tissu : 82 (%)<br \/>\nCouleur : noir, brun, rouge rose, vert, violet<\/p>\n<p><b>Informations sur la taille :<\/b><br \/>\nTaille : S, M, L<\/p>\n<p><img decoding=\"async\" src=\"https:\/\/cf.cjdropshipping.com\/57f3ce8e-0570-45ad-87eb-e5db6d9d76a7.png\" alt=\"\"><\/p>\n<p><b>La pr\u00e9vention :<\/b><br \/>\n1. Les tailles asiatiques sont 1 \u00e0 2 tailles plus petites que les tailles europ\u00e9ennes et am\u00e9ricaines. Si votre taille se situe entre les deux, veuillez choisir la taille la plus grande. En raison des mesures manuelles, il y a une diff\u00e9rence de 2 \u00e0 3 cm.<br \/>\n2. Si vous ne savez pas comment choisir la taille, veuillez v\u00e9rifier soigneusement le tableau des tailles avant d'acheter l'article, ou contactez notre service client\u00e8le.<br \/>\n3. Comme vous le savez, les ordinateurs affichent les couleurs de diff\u00e9rentes mani\u00e8res, la couleur de l'article r\u00e9el peut \u00eatre l\u00e9g\u00e8rement diff\u00e9rente de l'image ci-dessous.<\/p>\n<p><b>Contenu du paquet :<\/b><br \/>\nSoutien-gorge X1+cale\u00e7on X1<\/p>\n<p><img decoding=\"async\" src=\"https:\/\/cf.cjdropshipping.com\/5c897ae6-8624-4231-8d8e-401563c3884a.jpg\" alt=\"\"> <img decoding=\"async\" src=\"https:\/\/cf.cjdropshipping.com\/29492c95-ab32-4305-8add-d60f093f556b.jpg\" alt=\"\"> <img decoding=\"async\" src=\"https:\/\/cf.cjdropshipping.com\/771d958c-3285-4616-aa47-7d186278e3db.jpg\" alt=\"\"> <img decoding=\"async\" src=\"https:\/\/cf.cjdropshipping.com\/353d2bc9-d132-421a-a959-cb5d96c1f0b3.jpg\" alt=\"\"> <img loading=\"lazy\" decoding=\"async\" class=\"alignnone\" src=\"https:\/\/cf.cjdropshipping.com\/38de9832-32be-4dcd-a82c-d13e75fb96f9.jpg\" alt=\"Maillot de bain en nylon\" width=\"800\" height=\"800\" \/> <img decoding=\"async\" src=\"https:\/\/cf.cjdropshipping.com\/ef08be90-aa57-4814-b9fb-8298f1b0b47f.jpg\" alt=\"\"><\/p>","protected":false},"excerpt":{"rendered":"<p>Maillot de bain en nylon con\u00e7u pour un confort et un style ultimes. Son tissu r\u00e9sistant garantit une tenue durable tout en mettant en valeur votre look de plage sans effort.<\/p>","protected":false},"featured_media":15112,"comment_status":"open","ping_status":"closed","template":"","meta":[],"product_brand":[],"product_cat":[40],"product_tag":[],"class_list":{"0":"post-15118","1":"product","2":"type-product","3":"status-publish","4":"has-post-thumbnail","6":"product_cat-bikini","8":"first","9":"instock","10":"taxable","11":"shipping-taxable","12":"purchasable","13":"product-type-variable"},"_links":{"self":[{"href":"https:\/\/beacheden.com\/fr\/wp-json\/wp\/v2\/product\/15118","targetHints":{"allow":["GET"]}}],"collection":[{"href":"https:\/\/beacheden.com\/fr\/wp-json\/wp\/v2\/product"}],"about":[{"href":"https:\/\/beacheden.com\/fr\/wp-json\/wp\/v2\/types\/product"}],"replies":[{"embeddable":true,"href":"https:\/\/beacheden.com\/fr\/wp-json\/wp\/v2\/comments?post=15118"}],"wp:featuredmedia":[{"embeddable":true,"href":"https:\/\/beacheden.com\/fr\/wp-json\/wp\/v2\/media\/15112"}],"wp:attachment":[{"href":"https:\/\/beacheden.com\/fr\/wp-json\/wp\/v2\/media?parent=15118"}],"wp:term":[{"taxonomy":"product_brand","embeddable":true,"href":"https:\/\/beacheden.com\/fr\/wp-json\/wp\/v2\/product_brand?post=15118"},{"taxonomy":"product_cat","embeddable":true,"href":"https:\/\/beacheden.com\/fr\/wp-json\/wp\/v2\/product_cat?post=15118"},{"taxonomy":"product_tag","embeddable":true,"href":"https:\/\/beacheden.com\/fr\/wp-json\/wp\/v2\/product_tag?post=15118"}],"curies":[{"name":"wp","href":"https:\/\/api.w.org\/{rel}","templated":true}]}}