{"id":15100,"date":"2025-04-10T11:40:17","date_gmt":"2025-04-10T18:40:17","guid":{"rendered":"https:\/\/beacheden.com\/yellow-bikini-swimsuit-for-women\/"},"modified":"2025-11-02T11:55:52","modified_gmt":"2025-11-02T19:55:52","slug":"maillot-de-bain-bikini-jaune-pour-femmes","status":"publish","type":"product","link":"https:\/\/beacheden.com\/fr\/maillot-de-bain-bikini-jaune-pour-femmes\/","title":{"rendered":"Maillot de bain bikini jaune pour femmes"},"content":{"rendered":"<p><b>Informations sur le produit :<\/b><br \/>\nCouleur : jaune<br \/>\nTaille : petite, moyenne, grande, 2XL<br \/>\nComposition de la doublure : Coton<br \/>\nTeneur en composants de la doublure : 20<br \/>\nStyle : slip<br \/>\nMod\u00e8le : haute \u00e9lasticit\u00e9<br \/>\nNom de la doublure : coton m\u00e9lang\u00e9<br \/>\nNom du tissu : Nylon<br \/>\nSc\u00e9narios applicables : \u00e9quipement de divertissement ext\u00e9rieur, <a href=\"https:\/\/beacheden.com\/fr\/maillot-de-bain-trois-pieces-fendu-maillot-de-bain-imprime-dos-nu-maillot-de-bain-a-lacets\/?wmc-currency=EUR\" title=\"Maillot de bain trois pi\u00e8ces fendu Maillot de bain imprim\u00e9 dos nu lac\u00e9\" target=\"_blank\" rel=\"noopener\"  data-wpil-monitor-id=\"230\">la natation et le pataugeage<\/a> Sports<br \/>\nSexe applicable : F\u00e9minin<br \/>\n\u00c2ge applicable : Adulte<br \/>\nComposition du tissu : Nylon<br \/>\nLongueur des manches : sans manches<\/p>\n<p><b>Taille :<\/b><\/p>\n<p><img decoding=\"async\" src=\"https:\/\/cf.cjdropshipping.com\/3be245b3-815c-49dc-add7-a8c6bd2c1a16.jpg?x-oss-process=image\/quality,q_100\" alt=\"\"><\/p>\n<p><b> Note\uff1a<br \/>\n<\/b> 1. Les tailles asiatiques sont 1 \u00e0 2 tailles plus petites que les tailles europ\u00e9ennes et am\u00e9ricaines. Choisissez la taille la plus grande si votre taille se situe entre deux tailles. Veuillez tenir compte d'une diff\u00e9rence de 2 \u00e0 3 cm due aux mesures manuelles.<\/p>\n<p>2. Si vous ne savez pas comment choisir votre taille, veuillez contacter notre service client\u00e8le.<\/p>\n<p>3. comme vous le savez, les ordinateurs affichent les couleurs diff\u00e9remment, la couleur de l'article r\u00e9el peut varier l\u00e9g\u00e8rement par rapport aux images suivantes.<\/p>\n<p><b>Liste d'emballage : <\/b><\/p>\n<p>1*Maillot de bain<br \/>\n<b>Image du produit :<\/b><\/p>\n<p><img loading=\"lazy\" decoding=\"async\" class=\"alignnone\" src=\"https:\/\/cf.cjdropshipping.com\/e3667c26-82e5-43b3-b5d4-a51b05719661.jpg\" alt=\"Bikini jaune\" width=\"1271\" height=\"1278\" \/><br \/>\n<img decoding=\"async\" src=\"https:\/\/cf.cjdropshipping.com\/0f524244-fc09-4843-bd8e-16991b1e7d7b.jpg\" alt=\"\"><br \/>\n<img decoding=\"async\" src=\"https:\/\/cf.cjdropshipping.com\/288e6a90-b4cb-4190-ab54-3127df5f5660.jpg\" alt=\"\"><br \/>\n<img decoding=\"async\" src=\"https:\/\/cf.cjdropshipping.com\/fe7e8808-578d-426a-a8fd-fb37dba6021a.jpg\" alt=\"\"><br \/>\n<img decoding=\"async\" src=\"https:\/\/cf.cjdropshipping.com\/de34e02e-20d0-48c1-a379-ae1ebac7fc5d.jpg\" alt=\"\"><\/p>","protected":false},"excerpt":{"rendered":"<p>Bikini jaune con\u00e7u pour renforcer votre style. Faites preuve d'audace et de <a href=\"https:\/\/beacheden.com\/fr\/bikini-grande-taille\/?wmc-currency=EUR\" title=\"Maillot de bain bikini fendu \u00e0 imprim\u00e9 mode pour femmes\" target=\"_blank\" rel=\"noopener\"  data-wpil-monitor-id=\"181\">confiance en soi avec ce maillot de bain vibrant<\/a> essentiel. Parfait pour les aventures ensoleill\u00e9es !<\/p>","protected":false},"featured_media":15093,"comment_status":"open","ping_status":"closed","template":"","meta":[],"product_brand":[],"product_cat":[40],"product_tag":[],"class_list":{"0":"post-15100","1":"product","2":"type-product","3":"status-publish","4":"has-post-thumbnail","6":"product_cat-bikini","8":"first","9":"instock","10":"taxable","11":"shipping-taxable","12":"purchasable","13":"product-type-variable"},"_links":{"self":[{"href":"https:\/\/beacheden.com\/fr\/wp-json\/wp\/v2\/product\/15100","targetHints":{"allow":["GET"]}}],"collection":[{"href":"https:\/\/beacheden.com\/fr\/wp-json\/wp\/v2\/product"}],"about":[{"href":"https:\/\/beacheden.com\/fr\/wp-json\/wp\/v2\/types\/product"}],"replies":[{"embeddable":true,"href":"https:\/\/beacheden.com\/fr\/wp-json\/wp\/v2\/comments?post=15100"}],"wp:featuredmedia":[{"embeddable":true,"href":"https:\/\/beacheden.com\/fr\/wp-json\/wp\/v2\/media\/15093"}],"wp:attachment":[{"href":"https:\/\/beacheden.com\/fr\/wp-json\/wp\/v2\/media?parent=15100"}],"wp:term":[{"taxonomy":"product_brand","embeddable":true,"href":"https:\/\/beacheden.com\/fr\/wp-json\/wp\/v2\/product_brand?post=15100"},{"taxonomy":"product_cat","embeddable":true,"href":"https:\/\/beacheden.com\/fr\/wp-json\/wp\/v2\/product_cat?post=15100"},{"taxonomy":"product_tag","embeddable":true,"href":"https:\/\/beacheden.com\/fr\/wp-json\/wp\/v2\/product_tag?post=15100"}],"curies":[{"name":"wp","href":"https:\/\/api.w.org\/{rel}","templated":true}]}}