{"id":15076,"date":"2025-04-10T10:29:34","date_gmt":"2025-04-10T17:29:34","guid":{"rendered":"https:\/\/beacheden.com\/color-european-and-american-sexy-halterneck-lace-up-swimsuit-suit\/"},"modified":"2025-07-21T13:41:08","modified_gmt":"2025-07-21T20:41:08","slug":"maillot-de-bain-sexy-a-lacets","status":"publish","type":"product","link":"https:\/\/beacheden.com\/fr\/maillot-de-bain-sexy-a-lacets\/","title":{"rendered":"Color European and American Sexy Halterneck Lace-up Swimsuit (Maillot de bain lac\u00e9)"},"content":{"rendered":"<p>Sous les feux de la rampe avec notre <strong>Maillot de bain sexy \u00e0 lacets <\/strong>Ce maillot de bain a \u00e9t\u00e9 con\u00e7u pour faire tourner les t\u00eates et renforcer votre confiance en vous. Dot\u00e9 de lacets ajustables, ce maillot de bain offre une coupe personnalis\u00e9e qui souligne vos courbes tout en vous procurant un confort ultime.<\/p>\n<p>Fabriqu\u00e9 dans un tissu de premi\u00e8re qualit\u00e9 \u00e0 s\u00e9chage rapide, il garantit une durabilit\u00e9 et une sensation de luxe. Que vous soyez <a href=\"https:\/\/beacheden.com\/fr\/bikini-a-motifs\/?wmc-currency=EUR\" title=\"Maillot de bain une pi\u00e8ce Amazon Positioning Print Sexy Bikini Swimsuit\" target=\"_blank\" rel=\"noopener\"  data-wpil-monitor-id=\"41\">se pr\u00e9lasser au bord de la piscine<\/a> ou prendre le soleil \u00e0 la plage, cette pi\u00e8ce \u00e9tonnante est votre choix de pr\u00e9dilection pour le style et la sophistication. Faites preuve d'audace, faites-vous plaisir.<\/p>\n<p><b>Informations sur le produit :<\/b><br \/>\nMat\u00e9riau : <span style=\"font-size: 1em;\">coton<\/span><\/p>\n<p>Style : <span style=\"font-size: 1em;\">Sexy, europ\u00e9en et am\u00e9ricain<\/span><\/p>\n<p>Caract\u00e9ristiques : <span style=\"font-size: 1em;\">Bikini color\u00e9<\/span><\/p>\n<p>Couleur : <span style=\"font-size: 1em;\">Marron, bleu ciel<\/span><\/p>\n<p><b>Informations sur la taille :<\/b><br \/>\nTaille : S\/M\/L<br \/>\n<img decoding=\"async\" src=\"https:\/\/cf.cjdropshipping.com\/99559dc2-72c2-45af-8787-95e978aae813.jpg\" alt=\"\"><\/p>\n<p><b>Remarque :<\/b><br \/>\n1. Les tailles asiatiques sont 1 \u00e0 2 tailles plus petites que les tailles europ\u00e9ennes et am\u00e9ricaines. Choisissez la taille la plus grande si votre taille se situe entre deux tailles. Veuillez tenir compte d'une diff\u00e9rence de 2 \u00e0 3 cm due aux mesures manuelles.<br \/>\n2. Si vous ne savez pas comment choisir votre taille, veuillez contacter notre service client\u00e8le.<br \/>\n3. comme vous le savez, les ordinateurs affichent les couleurs diff\u00e9remment, la couleur de l'article r\u00e9el peut varier l\u00e9g\u00e8rement par rapport aux images suivantes.<\/p>\n<p><b>Liste d'emballage :<\/b><\/p>\n<p>Bikini*1<\/p>\n<p><b>Image du produit :<\/b><\/p>\n<p>Image compl\u00e8te :<\/p>\n<p><img loading=\"lazy\" decoding=\"async\" class=\"alignnone\" src=\"https:\/\/cf.cjdropshipping.com\/4d34bd01-22c9-4941-99ba-e40c19b491b9.jpg\" alt=\"Maillot de bain sexy \u00e0 lacets\" width=\"800\" height=\"800\" \/> <img decoding=\"async\" src=\"https:\/\/cf.cjdropshipping.com\/6a7dfed8-d8f3-414a-95c1-203d618d823e.jpg\" alt=\"\"> <img decoding=\"async\" src=\"https:\/\/cf.cjdropshipping.com\/1055bc2a-870a-4beb-9ead-285a3530ada2.jpg\" alt=\"\"> <img decoding=\"async\" src=\"https:\/\/cf.cjdropshipping.com\/8e3009fb-71b2-4f90-a2e7-6aefb16fb262.jpg\" alt=\"\"> <img decoding=\"async\" src=\"https:\/\/cf.cjdropshipping.com\/111b88ab-c2a6-4abd-8250-74b358d5b732.jpg\" alt=\"\"><\/p>","protected":false},"excerpt":{"rendered":"<p>Les maillots de bain sexy \u00e0 lacets allient \u00e9l\u00e9gance et allure, et sont parfaits pour se faire remarquer. Avec des liens ajustables et des coupes flatteuses, ces maillots c\u00e9l\u00e8brent l'\u00e9l\u00e9gance et l'\u00e9l\u00e9gance. <a href=\"https:\/\/beacheden.com\/fr\/bikini-sexy-en-corde-fendue\/?wmc-currency=EUR\" title=\"Bikini sexy en corde fendue\" target=\"_blank\" rel=\"noopener\"  data-wpil-monitor-id=\"222\">confiance et style<\/a> sans effort. Id\u00e9al pour les journ\u00e9es \u00e0 la plage ou \u00e0 la piscine !<\/p>","protected":false},"featured_media":15071,"comment_status":"open","ping_status":"closed","template":"","meta":[],"product_brand":[],"product_cat":[40],"product_tag":[],"class_list":{"0":"post-15076","1":"product","2":"type-product","3":"status-publish","4":"has-post-thumbnail","6":"product_cat-bikini","8":"first","9":"instock","10":"taxable","11":"shipping-taxable","12":"purchasable","13":"product-type-variable"},"_links":{"self":[{"href":"https:\/\/beacheden.com\/fr\/wp-json\/wp\/v2\/product\/15076","targetHints":{"allow":["GET"]}}],"collection":[{"href":"https:\/\/beacheden.com\/fr\/wp-json\/wp\/v2\/product"}],"about":[{"href":"https:\/\/beacheden.com\/fr\/wp-json\/wp\/v2\/types\/product"}],"replies":[{"embeddable":true,"href":"https:\/\/beacheden.com\/fr\/wp-json\/wp\/v2\/comments?post=15076"}],"wp:featuredmedia":[{"embeddable":true,"href":"https:\/\/beacheden.com\/fr\/wp-json\/wp\/v2\/media\/15071"}],"wp:attachment":[{"href":"https:\/\/beacheden.com\/fr\/wp-json\/wp\/v2\/media?parent=15076"}],"wp:term":[{"taxonomy":"product_brand","embeddable":true,"href":"https:\/\/beacheden.com\/fr\/wp-json\/wp\/v2\/product_brand?post=15076"},{"taxonomy":"product_cat","embeddable":true,"href":"https:\/\/beacheden.com\/fr\/wp-json\/wp\/v2\/product_cat?post=15076"},{"taxonomy":"product_tag","embeddable":true,"href":"https:\/\/beacheden.com\/fr\/wp-json\/wp\/v2\/product_tag?post=15076"}],"curies":[{"name":"wp","href":"https:\/\/api.w.org\/{rel}","templated":true}]}}