{"id":15059,"date":"2025-04-10T09:42:06","date_gmt":"2025-04-10T16:42:06","guid":{"rendered":"https:\/\/beacheden.com\/slanted-shoulder-shiny-fabric-bikini\/"},"modified":"2025-11-01T13:35:53","modified_gmt":"2025-11-01T20:35:53","slug":"bikini-a-epaules-inclinees","status":"publish","type":"product","link":"https:\/\/beacheden.com\/fr\/bikini-a-epaules-inclinees\/","title":{"rendered":"Bikini \u00e0 \u00e9paules inclin\u00e9es en tissu brillant"},"content":{"rendered":"<p>Le bikini \u00e0 \u00e9paules inclin\u00e9es red\u00e9finit le beachwear gr\u00e2ce \u00e0 son design asym\u00e9trique audacieux qui respire la confiance et la sophistication. Fabriqu\u00e9 dans un tissu de qualit\u00e9 sup\u00e9rieure \u00e0 s\u00e9chage rapide, ce bikini offre \u00e0 la fois confort et style, vous permettant de vous d\u00e9marquer sur n'importe quel rivage. Le d\u00e9tail unique des \u00e9paules inclin\u00e9es ajoute une touche d'\u00e9l\u00e9gance tout en assurant une bonne tenue, ce qui le rend parfait pour nager, prendre un bain de soleil ou siroter des cocktails au bord de la mer.<\/p>\n<p>Disponible dans un \u00e9ventail de couleurs et de motifs \u00e9clatants, cette pi\u00e8ce est con\u00e7ue pour flatter toutes les morphologies. Rehaussez votre collection de maillots de bain avec le bikini \u00e0 \u00e9paules inclin\u00e9es, un v\u00e9ritable m\u00e9lange de design et de fonctionnalit\u00e9 \u00e0 la pointe de la mode. Pr\u00e9parez-vous \u00e0 faire tourner les t\u00eates et \u00e0 embrasser la d\u00e9esse qui sommeille en vous, partout o\u00f9 les vagues rencontrent le sable.<\/p>\n<p>Nom du tissu : fibres chimiques m\u00e9lang\u00e9es<br \/>\nComposition du tissu : nylon\/nylon<br \/>\nComposition du tissu : 80 (%)<br \/>\nSc\u00e9narios applicables : tendances sportives, <a href=\"https:\/\/beacheden.com\/fr\/bikini-imprime-africain\/?wmc-currency=EUR\" title=\"New Style Swimsuit Ladies Multi-strap Lace Ethnic Print Half-sleeve Sexy Split Bikini\" target=\"_blank\" rel=\"noopener\"  data-wpil-monitor-id=\"164\">la natation et le pataugeage<\/a><\/p>\n<p><img decoding=\"async\" src=\"https:\/\/cf.cjdropshipping.com\/1165e70e-43ae-4687-a892-d666a9784cc8.png\" alt=\"\"><\/p>\n<p>1. Les tailles asiatiques sont 1 \u00e0 2 tailles plus petites que les tailles europ\u00e9ennes et am\u00e9ricaines. Choisissez la taille la plus grande si votre taille se situe entre deux tailles. Veuillez tenir compte d'une diff\u00e9rence de 2 \u00e0 3 cm due aux mesures manuelles.<br \/>\n2. Si vous ne savez pas comment choisir votre taille, veuillez contacter notre service client\u00e8le.<br \/>\n3. comme vous le savez, les ordinateurs affichent les couleurs diff\u00e9remment, la couleur de l'article r\u00e9el peut varier l\u00e9g\u00e8rement par rapport aux images suivantes.<\/p>\n<p><img loading=\"lazy\" decoding=\"async\" class=\"alignnone\" src=\"https:\/\/cf.cjdropshipping.com\/16778016\/1631720970769272832.jpg\" alt=\"Bikini \u00e0 \u00e9paules inclin\u00e9es\" width=\"790\" height=\"790\" \/><\/p>\n<p><img loading=\"lazy\" decoding=\"async\" src=\"https:\/\/cf.cjdropshipping.com\/16778016\/1631720971226451968.jpg\" alt=\"ind\u00e9fini\" width=\"790\" height=\"790\" \/><\/p>\n<p><img loading=\"lazy\" decoding=\"async\" src=\"https:\/\/cf.cjdropshipping.com\/16778016\/1631720999055659008.jpg\" alt=\"ind\u00e9fini\" width=\"790\" height=\"790\" \/><\/p>\n<p><img loading=\"lazy\" decoding=\"async\" src=\"https:\/\/cf.cjdropshipping.com\/16778016\/1631721028214460416.jpg\" alt=\"ind\u00e9fini\" width=\"790\" height=\"790\" \/><\/p>","protected":false},"excerpt":{"rendered":"<p>Le bikini \u00e0 \u00e9paules inclin\u00e9es apporte une touche moderne aux maillots de bain classiques, en associant un design audacieux \u00e0 des coupes flatteuses pour renforcer la confiance en soi. Parfait pour se d\u00e9marquer sous le soleil tout en profitant d'un confort ultime.<\/p>","protected":false},"featured_media":15054,"comment_status":"open","ping_status":"closed","template":"","meta":[],"product_brand":[],"product_cat":[40],"product_tag":[],"class_list":{"0":"post-15059","1":"product","2":"type-product","3":"status-publish","4":"has-post-thumbnail","6":"product_cat-bikini","8":"first","9":"instock","10":"taxable","11":"shipping-taxable","12":"purchasable","13":"product-type-variable"},"_links":{"self":[{"href":"https:\/\/beacheden.com\/fr\/wp-json\/wp\/v2\/product\/15059","targetHints":{"allow":["GET"]}}],"collection":[{"href":"https:\/\/beacheden.com\/fr\/wp-json\/wp\/v2\/product"}],"about":[{"href":"https:\/\/beacheden.com\/fr\/wp-json\/wp\/v2\/types\/product"}],"replies":[{"embeddable":true,"href":"https:\/\/beacheden.com\/fr\/wp-json\/wp\/v2\/comments?post=15059"}],"wp:featuredmedia":[{"embeddable":true,"href":"https:\/\/beacheden.com\/fr\/wp-json\/wp\/v2\/media\/15054"}],"wp:attachment":[{"href":"https:\/\/beacheden.com\/fr\/wp-json\/wp\/v2\/media?parent=15059"}],"wp:term":[{"taxonomy":"product_brand","embeddable":true,"href":"https:\/\/beacheden.com\/fr\/wp-json\/wp\/v2\/product_brand?post=15059"},{"taxonomy":"product_cat","embeddable":true,"href":"https:\/\/beacheden.com\/fr\/wp-json\/wp\/v2\/product_cat?post=15059"},{"taxonomy":"product_tag","embeddable":true,"href":"https:\/\/beacheden.com\/fr\/wp-json\/wp\/v2\/product_tag?post=15059"}],"curies":[{"name":"wp","href":"https:\/\/api.w.org\/{rel}","templated":true}]}}