{"id":14999,"date":"2025-04-08T03:32:05","date_gmt":"2025-04-08T10:32:05","guid":{"rendered":"https:\/\/beacheden.com\/printed-bikini-womens-one-piece-swimsuit\/"},"modified":"2025-04-08T03:43:18","modified_gmt":"2025-04-08T10:43:18","slug":"maillot-de-bain-une-piece-imprime","status":"publish","type":"product","link":"https:\/\/beacheden.com\/fr\/maillot-de-bain-une-piece-imprime\/","title":{"rendered":"Bikini imprim\u00e9 Maillot de bain une pi\u00e8ce pour femmes"},"content":{"rendered":"<p>Sexe applicable : f\u00e9minin<br \/>\n\u00c2ge applicable : Adulte<br \/>\nStyle du mod\u00e8le : respectueux de l'environnement, durable, conservateur, s\u00e9chage rapide, sexy, tr\u00e8s \u00e9lastique, dos ouvert, Europe et Am\u00e9rique, petit frais<br \/>\nSi l'on doit apporter une remorque en acier : avec un coussin thoracique sans support en acier<br \/>\nNiveau de qualit\u00e9 : produit de premi\u00e8re classe<br \/>\nNom du tissu : Nylon<br \/>\nComposition du tissu : nylon<br \/>\nContenu de la composition du tissu : 20 (%)<br \/>\nNom de la doublure : Polyester<br \/>\nIngr\u00e9dients de la doublure : Spandex<br \/>\nTeneur en ingr\u00e9dients de la doublure : 20 (%)<br \/>\nDomaine d'application : natation, pataugeoire<br \/>\nCouleur : couleur arc-en-ciel<br \/>\nTaille : S, M, L, XL<\/p>\n<p><img decoding=\"async\" src=\"https:\/\/cf.cjdropshipping.com\/15615648\/2746395121429.png\" alt=\"\"><\/p>\n<p><img loading=\"lazy\" decoding=\"async\" class=\"alignnone\" src=\"https:\/\/cf.cjdropshipping.com\/20200111\/4968399278501.jpg\" alt=\"Maillot de bain une pi\u00e8ce imprim\u00e9\" width=\"1000\" height=\"1000\" \/><\/p>\n<p><img decoding=\"async\" src=\"https:\/\/cf.cjdropshipping.com\/20190627\/1923349341158.png\" alt=\"\"><\/p>\n<p><img decoding=\"async\" src=\"https:\/\/cf.cjdropshipping.com\/20200111\/115446789064.jpg\" alt=\"\"><\/p>","protected":false},"excerpt":{"rendered":"<p>Maillot de bain une pi\u00e8ce imprim\u00e9 con\u00e7u pour flatter et inspirer. Faites tourner les t\u00eates cet \u00e9t\u00e9 avec des imprim\u00e9s audacieux et une coupe parfaite - achetez maintenant !<\/p>","protected":false},"featured_media":14989,"comment_status":"open","ping_status":"closed","template":"","meta":[],"product_brand":[],"product_cat":[39],"product_tag":[],"class_list":{"0":"post-14999","1":"product","2":"type-product","3":"status-publish","4":"has-post-thumbnail","6":"product_cat-swimsuit","8":"first","9":"instock","10":"taxable","11":"shipping-taxable","12":"purchasable","13":"product-type-variable"},"_links":{"self":[{"href":"https:\/\/beacheden.com\/fr\/wp-json\/wp\/v2\/product\/14999","targetHints":{"allow":["GET"]}}],"collection":[{"href":"https:\/\/beacheden.com\/fr\/wp-json\/wp\/v2\/product"}],"about":[{"href":"https:\/\/beacheden.com\/fr\/wp-json\/wp\/v2\/types\/product"}],"replies":[{"embeddable":true,"href":"https:\/\/beacheden.com\/fr\/wp-json\/wp\/v2\/comments?post=14999"}],"wp:featuredmedia":[{"embeddable":true,"href":"https:\/\/beacheden.com\/fr\/wp-json\/wp\/v2\/media\/14989"}],"wp:attachment":[{"href":"https:\/\/beacheden.com\/fr\/wp-json\/wp\/v2\/media?parent=14999"}],"wp:term":[{"taxonomy":"product_brand","embeddable":true,"href":"https:\/\/beacheden.com\/fr\/wp-json\/wp\/v2\/product_brand?post=14999"},{"taxonomy":"product_cat","embeddable":true,"href":"https:\/\/beacheden.com\/fr\/wp-json\/wp\/v2\/product_cat?post=14999"},{"taxonomy":"product_tag","embeddable":true,"href":"https:\/\/beacheden.com\/fr\/wp-json\/wp\/v2\/product_tag?post=14999"}],"curies":[{"name":"wp","href":"https:\/\/api.w.org\/{rel}","templated":true}]}}