{"id":14973,"date":"2025-04-08T02:45:46","date_gmt":"2025-04-08T09:45:46","guid":{"rendered":"https:\/\/beacheden.com\/ladies-one-piece-swimsuit-beach-solid-color-swimsuit\/"},"modified":"2025-11-02T11:55:34","modified_gmt":"2025-11-02T19:55:34","slug":"maillot-de-bain-coupe-haute","status":"publish","type":"product","link":"https:\/\/beacheden.com\/fr\/maillot-de-bain-coupe-haute\/","title":{"rendered":"Ladies One Piece Swimsuit Beach Solid Color Swimsuit"},"content":{"rendered":"<p>Entrez sous les feux de la rampe avec notre superbe maillot de bain coupe haute, con\u00e7u pour que vous vous sentiez confiante et rayonnante. Con\u00e7u pour celles qui aiment l'\u00e9l\u00e9gance intemporelle avec une touche de modernit\u00e9, ce maillot de bain met en valeur vos courbes tout en vous offrant un confort in\u00e9gal\u00e9. La silhouette \u00e0 taille haute allonge les jambes, cr\u00e9ant un look flatteur et \u00e9l\u00e9gant qui passe sans effort du farniente sur la plage au glamour au bord de la piscine.<\/p>\n<p>Fabriqu\u00e9 dans un tissu de qualit\u00e9 sup\u00e9rieure \u00e0 s\u00e9chage rapide, il est durable et offre une sensation de luxe sur la peau. Que vous preniez le soleil ou que vous plongiez dans les vagues, ce maillot de bain High-Cut <a href=\"https:\/\/beacheden.com\/fr\/maillot-de-bain-en-nylon\/?wmc-currency=EUR\" title=\"Maillot de bain une pi\u00e8ce pour femmes, couleur unie Nylon\" target=\"_blank\" rel=\"noopener\"  data-wpil-monitor-id=\"1\">Le maillot de bain est l'accessoire indispensable de l'\u00e9t\u00e9<\/a>. Adoptez un style audacieux et une sophistication sans effort, car vous m\u00e9ritez de briller !<\/p>\n<p><b>Informations sur le produit\uff1a<\/b><\/p>\n<p>Sexe applicable : f\u00e9minin<br \/>\nAvec tra\u00een\u00e9e en acier : avec coussinet thoracique sans support en acier<br \/>\nComposition du tissu : Fibre de polyester (polyester)<br \/>\nContenu du tissu : 82 (%)<br \/>\nPoids du gramme : 200 (g)<br \/>\nComposition de la doublure : Spandex<br \/>\nTeneur en ingr\u00e9dients de la doublure : 20 (%)<br \/>\nDomaine d'application : natation et pataugeage<br \/>\nCouleur : rose, noir<\/p>\n<p><b>Informations sur la taille :\u00a0<\/b><\/p>\n<p>Taille : S, M, L<\/p>\n<p>Rose\u00a0 <span style=\"font-size: 1em;\">tableau des tailles<\/span> <span style=\"font-size: 1em;\">\uff1a<\/span><\/p>\n<p><img decoding=\"async\" src=\"https:\/\/cf.cjdropshipping.com\/05128b14-5ca1-48e4-8946-579a969871e1.png\" alt=\"\"><\/p>\n<p>&nbsp;<\/p>\n<p>Noir\u00a0 <span style=\"font-size: 1em;\">tableau des tailles<\/span> <span style=\"font-size: 1em;\">\uff1a<\/span><\/p>\n<p><img decoding=\"async\" src=\"https:\/\/cf.cjdropshipping.com\/3756d1d9-a775-4f37-8322-5c7e12812649.png\" alt=\"\"><\/p>\n<p><b>Note\uff1a<\/b><br \/>\n1. Les tailles asiatiques sont 1 \u00e0 2 tailles plus petites que les tailles europ\u00e9ennes et am\u00e9ricaines. Choisissez la taille la plus grande si votre taille se situe entre deux tailles. Veuillez tenir compte d'une diff\u00e9rence de 2 \u00e0 3 cm due aux mesures manuelles.<br \/>\n2. Si vous ne savez pas comment choisir votre taille, veuillez contacter notre service client\u00e8le.<br \/>\n3. comme vous le savez, les ordinateurs affichent les couleurs diff\u00e9remment, la couleur de l'article r\u00e9el peut varier l\u00e9g\u00e8rement par rapport aux images suivantes.<\/p>\n<p><b>Liste de colisage\uff1a<\/b><\/p>\n<p>1* <b>\u00a0<\/b> <span style=\"font-size: 1em;\">Maillot de bain<\/span><\/p>\n<p><span style=\"font-size: 1em;\">\u00a0<\/span><\/p>\n<p><img loading=\"lazy\" decoding=\"async\" class=\"alignnone\" src=\"https:\/\/cf.cjdropshipping.com\/bc2d90c4-666d-43fc-bbf2-9697dbb3aa98.jpg\" alt=\"Maillot de bain coupe haute\" width=\"800\" height=\"800\" \/> <img decoding=\"async\" src=\"https:\/\/cf.cjdropshipping.com\/865bb0ec-3f1c-4e77-b2ca-ff65a64b9c21.jpg\" alt=\"\"> <img decoding=\"async\" src=\"https:\/\/cf.cjdropshipping.com\/ba7972bf-13e8-4230-90db-10e88281d087.jpg\" alt=\"\"> <img decoding=\"async\" src=\"https:\/\/cf.cjdropshipping.com\/751025d8-bce8-433b-a19a-d97665f55bb8.jpg\" alt=\"\"> <img decoding=\"async\" src=\"https:\/\/cf.cjdropshipping.com\/4a23738a-cd0f-4adc-acdd-82493f398ada.jpg\" alt=\"\"> <img decoding=\"async\" src=\"https:\/\/cf.cjdropshipping.com\/8a698786-75f4-403b-9ea7-86fdf4a47f4f.jpg\" alt=\"\"> <img decoding=\"async\" src=\"https:\/\/cf.cjdropshipping.com\/68a0dc93-5cb4-4d61-b2ba-05b18949a005.jpg\" alt=\"\"> <img decoding=\"async\" src=\"https:\/\/cf.cjdropshipping.com\/cb18cea1-e729-44b8-be72-5c4e7bb4cfa6.jpg\" alt=\"\"> <img decoding=\"async\" src=\"https:\/\/cf.cjdropshipping.com\/52e12df4-0df0-4fb7-9133-9cfa6aaec197.jpg\" alt=\"\"> <img decoding=\"async\" src=\"https:\/\/cf.cjdropshipping.com\/a17b948d-6aa0-46bc-ad79-9a50682cab57.jpg\" alt=\"\"> <img decoding=\"async\" src=\"https:\/\/cf.cjdropshipping.com\/f3565bb6-7c23-447f-b3bb-50679946e6d3.jpg\" alt=\"\"> <span style=\"font-size: 1em;\"><br \/>\n<\/span><\/p>","protected":false},"excerpt":{"rendered":"<p>Maillot de bain \u00e0 coupe haute con\u00e7u pour flatter votre silhouette et votre corps. <a href=\"https:\/\/beacheden.com\/fr\/bikini-a-imprime-geometrique\/?wmc-currency=EUR\" title=\"Maillot de bain imprim\u00e9 bikini num\u00e9rique sexy trois pi\u00e8ces\" target=\"_blank\" rel=\"noopener\"  data-wpil-monitor-id=\"227\">renforcer la confiance en soi<\/a>. Parfaite pour les jours de plage, elle allie style chic et confort ultime.<\/p>","protected":false},"featured_media":14963,"comment_status":"open","ping_status":"closed","template":"","meta":[],"product_brand":[],"product_cat":[39],"product_tag":[],"class_list":{"0":"post-14973","1":"product","2":"type-product","3":"status-publish","4":"has-post-thumbnail","6":"product_cat-swimsuit","8":"first","9":"instock","10":"taxable","11":"shipping-taxable","12":"purchasable","13":"product-type-variable"},"_links":{"self":[{"href":"https:\/\/beacheden.com\/fr\/wp-json\/wp\/v2\/product\/14973","targetHints":{"allow":["GET"]}}],"collection":[{"href":"https:\/\/beacheden.com\/fr\/wp-json\/wp\/v2\/product"}],"about":[{"href":"https:\/\/beacheden.com\/fr\/wp-json\/wp\/v2\/types\/product"}],"replies":[{"embeddable":true,"href":"https:\/\/beacheden.com\/fr\/wp-json\/wp\/v2\/comments?post=14973"}],"wp:featuredmedia":[{"embeddable":true,"href":"https:\/\/beacheden.com\/fr\/wp-json\/wp\/v2\/media\/14963"}],"wp:attachment":[{"href":"https:\/\/beacheden.com\/fr\/wp-json\/wp\/v2\/media?parent=14973"}],"wp:term":[{"taxonomy":"product_brand","embeddable":true,"href":"https:\/\/beacheden.com\/fr\/wp-json\/wp\/v2\/product_brand?post=14973"},{"taxonomy":"product_cat","embeddable":true,"href":"https:\/\/beacheden.com\/fr\/wp-json\/wp\/v2\/product_cat?post=14973"},{"taxonomy":"product_tag","embeddable":true,"href":"https:\/\/beacheden.com\/fr\/wp-json\/wp\/v2\/product_tag?post=14973"}],"curies":[{"name":"wp","href":"https:\/\/api.w.org\/{rel}","templated":true}]}}