{"id":14953,"date":"2025-04-08T01:53:48","date_gmt":"2025-04-08T08:53:48","guid":{"rendered":"https:\/\/beacheden.com\/one-piece-swimsuit-patchwork-swimsuit-bikini\/"},"modified":"2025-11-01T13:48:12","modified_gmt":"2025-11-01T20:48:12","slug":"maillot-de-bain-une-piece-patchwork","status":"publish","type":"product","link":"https:\/\/beacheden.com\/fr\/maillot-de-bain-une-piece-patchwork\/","title":{"rendered":"Maillot de bain une pi\u00e8ce Maillot de bain patchwork Bikini"},"content":{"rendered":"<p>Le maillot de bain une pi\u00e8ce patchwork est la pi\u00e8ce d'\u00e9t\u00e9 par excellence. Il associe des motifs patchwork audacieux \u00e0 une silhouette \u00e9l\u00e9gante et flatteuse. Con\u00e7u pour les adeptes des tendances modernes, ce maillot de bain offre un m\u00e9lange parfait de style et de fonctionnalit\u00e9.<\/p>\n<p>Son design unique vous permet de vous d\u00e9marquer \u00e0 la plage ou \u00e0 la piscine, tandis que le tissu de qualit\u00e9 sup\u00e9rieure offre un confort et une protection contre les UV tout au long de la journ\u00e9e. Gr\u00e2ce \u00e0 ses bretelles r\u00e9glables et \u00e0 sa coupe enveloppante, il est con\u00e7u pour s'adapter \u00e0 toutes les morphologies sans effort. \u00c9levez votre <a href=\"https:\/\/beacheden.com\/fr\/bikini-grande-taille\/?wmc-currency=EUR\" title=\"Maillot de bain bikini fendu \u00e0 imprim\u00e9 mode pour femmes\" target=\"_blank\" rel=\"noopener\"  data-wpil-monitor-id=\"180\">le jeu des maillots de bain et la confiance en soi<\/a>, Ce maillot de bain est un incontournable de l'\u00e9t\u00e9, il est \u00e9l\u00e9gant et d'un charme in\u00e9gal\u00e9. Plongez dans le bain, le maillot de bain id\u00e9al vous attend !<\/p>\n<p><b>Informations sur le produit :<\/b><br \/>\nCouleur : Vert Arm\u00e9e<br \/>\nTaille : S, M, L<br \/>\nComposition de la doublure : nylon\/nylon<br \/>\nTeneur en composants de la doublure : 18<br \/>\nStyle : slip, bikini, boxer, bikini triangle, bikini jupe, maillot de bain fendu, maillot de bain surf d\u00e9contract\u00e9<br \/>\nStyle du motif : couleur unie, sexy, <a href=\"https:\/\/beacheden.com\/fr\/maillot-de-bain-une-piece-avec-decoupes\/?wmc-currency=EUR\" title=\"New Women&#039;s Printed One-piece Swimsuit European And American Hollow Swimwear\" target=\"_blank\" rel=\"noopener\"  data-wpil-monitor-id=\"147\">Europ\u00e9en et am\u00e9ricain<\/a><br \/>\nNom de la doublure : Nylon<br \/>\nNom du tissu : Nylon<br \/>\nSc\u00e9narios applicables : <a href=\"https:\/\/beacheden.com\/fr\/maillot-de-bain-une-piece-taille-plus-2\/?wmc-currency=EUR\" title=\"Maillot de bain une pi\u00e8ce imprim\u00e9 pour femmes de taille sup\u00e9rieure\" target=\"_blank\" rel=\"noopener\"  data-wpil-monitor-id=\"148\">la natation et le pataugeage<\/a><br \/>\nSexe applicable : F\u00e9minin<br \/>\n\u00c2ge applicable : Adulte<br \/>\nComposition du tissu : nylon\/nylon<\/p>\n<p><b>Taille :<\/b><\/p>\n<p><img decoding=\"async\" src=\"https:\/\/cf.cjdropshipping.com\/854fc435-6f79-4ab0-a742-124b918c0790.jpg?x-oss-process=image\/quality,q_100\" alt=\"\"><br \/>\n<b><br \/>\n<\/b><\/p>\n<div>\n<p><b>Remarque :<\/b> 1. Les tailles asiatiques sont 1 \u00e0 2 tailles plus petites que les tailles europ\u00e9ennes et am\u00e9ricaines. Choisissez la taille la plus grande si votre taille se situe entre deux tailles. Veuillez tenir compte d'une diff\u00e9rence de 2 \u00e0 3 cm due aux mesures manuelles. 2. Si vous ne savez pas comment choisir votre taille, veuillez contacter notre service client\u00e8le. 3) Comme vous le savez, les ordinateurs affichent les couleurs diff\u00e9remment, la couleur de l'article r\u00e9el peut varier l\u00e9g\u00e8rement par rapport aux images suivantes.<\/p>\n<p><b>Liste d'emballage : <\/b><\/p>\n<p>Maillot de bain * 1<\/p>\n<\/div>\n<div>\n<p><b>Image du produit :<\/b><\/p>\n<p><img loading=\"lazy\" decoding=\"async\" class=\"alignnone\" src=\"https:\/\/cf.cjdropshipping.com\/b1eb96f4-a15a-4807-a287-474bf3d25dc5.jpg\" alt=\"Maillot de bain une pi\u00e8ce patchwork\" width=\"1340\" height=\"1785\" \/><br \/>\n<img decoding=\"async\" src=\"https:\/\/cf.cjdropshipping.com\/580f2e84-46e6-4c59-84be-f1c0271ebbdf.jpg\" alt=\"\"><br \/>\n<img decoding=\"async\" src=\"https:\/\/cf.cjdropshipping.com\/5b479dd1-b7b9-4358-8d80-bd4e71b33a2f.jpg\" alt=\"\"><br \/>\n<img decoding=\"async\" src=\"https:\/\/cf.cjdropshipping.com\/7ae50656-30ca-4de8-89b2-2f40aa613e3a.jpg\" alt=\"\"><br \/>\n<img decoding=\"async\" src=\"https:\/\/cf.cjdropshipping.com\/1feae463-6294-4463-a4f1-e835b0876339.jpg\" alt=\"\"><\/p>\n<\/div>","protected":false},"excerpt":{"rendered":"<p><a href=\"https:\/\/beacheden.com\/fr\/maillot-de-bain-une-piece-ondule\/?wmc-currency=EUR\" title=\"Maillot de bain une pi\u00e8ce sexy pour femmes avec bretelles\" target=\"_blank\" rel=\"noopener\"  data-wpil-monitor-id=\"10\">Maillot de bain une pi\u00e8ce patchwork<\/a> associe un design audacieux \u00e0 une coupe impeccable. Parfait pour se d\u00e9marquer \u00e0 la plage ou \u00e0 la piscine, ce maillot chic offre confort et assurance \u00e0 chaque point. Id\u00e9al pour les amateurs de maillots de bain tendance !<\/p>","protected":false},"featured_media":14945,"comment_status":"open","ping_status":"closed","template":"","meta":[],"product_brand":[],"product_cat":[39],"product_tag":[],"class_list":{"0":"post-14953","1":"product","2":"type-product","3":"status-publish","4":"has-post-thumbnail","6":"product_cat-swimsuit","8":"first","9":"instock","10":"taxable","11":"shipping-taxable","12":"purchasable","13":"product-type-variable"},"_links":{"self":[{"href":"https:\/\/beacheden.com\/fr\/wp-json\/wp\/v2\/product\/14953","targetHints":{"allow":["GET"]}}],"collection":[{"href":"https:\/\/beacheden.com\/fr\/wp-json\/wp\/v2\/product"}],"about":[{"href":"https:\/\/beacheden.com\/fr\/wp-json\/wp\/v2\/types\/product"}],"replies":[{"embeddable":true,"href":"https:\/\/beacheden.com\/fr\/wp-json\/wp\/v2\/comments?post=14953"}],"wp:featuredmedia":[{"embeddable":true,"href":"https:\/\/beacheden.com\/fr\/wp-json\/wp\/v2\/media\/14945"}],"wp:attachment":[{"href":"https:\/\/beacheden.com\/fr\/wp-json\/wp\/v2\/media?parent=14953"}],"wp:term":[{"taxonomy":"product_brand","embeddable":true,"href":"https:\/\/beacheden.com\/fr\/wp-json\/wp\/v2\/product_brand?post=14953"},{"taxonomy":"product_cat","embeddable":true,"href":"https:\/\/beacheden.com\/fr\/wp-json\/wp\/v2\/product_cat?post=14953"},{"taxonomy":"product_tag","embeddable":true,"href":"https:\/\/beacheden.com\/fr\/wp-json\/wp\/v2\/product_tag?post=14953"}],"curies":[{"name":"wp","href":"https:\/\/api.w.org\/{rel}","templated":true}]}}