{"id":14911,"date":"2025-04-08T01:41:57","date_gmt":"2025-04-08T08:41:57","guid":{"rendered":"https:\/\/beacheden.com\/new-bikini-conservative-skinny-sunscreen-one-piece-swimsuit\/"},"modified":"2025-05-21T19:08:49","modified_gmt":"2025-05-22T02:08:49","slug":"maillot-de-bain-conservateur","status":"publish","type":"product","link":"https:\/\/beacheden.com\/fr\/maillot-de-bain-conservateur\/","title":{"rendered":"New Bikini Conservative Skinny Sunscreen One Piece Swimsuit"},"content":{"rendered":"<p>Le maillot de bain Conservative est con\u00e7u pour celles qui appr\u00e9cient \u00e0 la fois la modestie et le style. Avec des coupes \u00e9l\u00e9gantes, une couverture compl\u00e8te et des tissus de qualit\u00e9 sup\u00e9rieure, ce maillot de bain assure une coupe confortable et flatteuse.<\/p>\n<p>Que vous vous pr\u00e9lassiez au bord de la piscine ou que vous profitiez d'une journ\u00e9e \u00e0 la plage, cette pi\u00e8ce allie un design intemporel \u00e0 la fonctionnalit\u00e9. Sentez-vous confiante, \u00e9l\u00e9gante et \u00e0 l'aise tout en faisant une d\u00e9claration o\u00f9 que vous alliez.<\/p>\n<p><b>Informations sur le produit :<\/b><\/p>\n<p>Sexe applicable : f\u00e9minin<br \/>\nNom du tissu : polyester<br \/>\nCouleur : rose, rouge, vert, vert gazon<br \/>\nTaille : S, M, L, XL<\/p>\n<p><b>Informations sur la taille :<\/b><br \/>\nTaille : S, M, L, XL<\/p>\n<p><img decoding=\"async\" src=\"https:\/\/cf.cjdropshipping.com\/3f5eabf9-d535-4245-9bd5-fc08f75289cc.png\" alt=\"\"><\/p>\n<p>&nbsp;<\/p>\n<p><b>Remarque :<\/b><br \/>\n1. Les tailles asiatiques sont 1 \u00e0 2 tailles plus petites que les tailles europ\u00e9ennes et am\u00e9ricaines. Choisissez la taille la plus grande si votre taille se situe entre deux tailles. Veuillez tenir compte d'une diff\u00e9rence de 2 \u00e0 3 cm due aux mesures manuelles.<br \/>\n2. Si vous ne savez pas comment choisir votre taille, veuillez contacter notre service client\u00e8le.<br \/>\n3. comme vous le savez, les ordinateurs affichent les couleurs diff\u00e9remment, la couleur de l'article r\u00e9el peut varier l\u00e9g\u00e8rement par rapport aux images suivantes.<\/p>\n<p><b>Liste d'emballage :<\/b><\/p>\n<p>Maillot de bain*1<\/p>\n<p>&nbsp;<\/p>\n<p><b>Image du produit :<\/b><\/p>\n<p><img loading=\"lazy\" decoding=\"async\" class=\"alignnone\" src=\"https:\/\/cf.cjdropshipping.com\/16778016\/1631542347319873536.jpg\" alt=\"Maillot de bain conservateur\" width=\"1512\" height=\"1508\" \/><\/p>\n<p><img decoding=\"async\" src=\"https:\/\/cf.cjdropshipping.com\/16778016\/1631542360942972928.jpg\" alt=\"ind\u00e9fini\" \/><\/p>\n<p><img decoding=\"async\" src=\"https:\/\/cf.cjdropshipping.com\/16778016\/1631542373626548224.jpg\" alt=\"ind\u00e9fini\" \/><\/p>\n<p><img decoding=\"async\" src=\"https:\/\/cf.cjdropshipping.com\/16778016\/1631542386691805184.jpg\" alt=\"ind\u00e9fini\" \/><\/p>\n<p><img decoding=\"async\" src=\"https:\/\/cf.cjdropshipping.com\/16778016\/1631542400604311552.jpg\" alt=\"ind\u00e9fini\" \/><\/p>\n<p><img decoding=\"async\" src=\"https:\/\/cf.cjdropshipping.com\/16778016\/1631542413111726080.jpg\" alt=\"ind\u00e9fini\" \/><\/p>\n<p><img decoding=\"async\" src=\"https:\/\/cf.cjdropshipping.com\/16778016\/1631542429167521792.jpg\" alt=\"ind\u00e9fini\" \/><\/p>\n<p><img decoding=\"async\" src=\"https:\/\/cf.cjdropshipping.com\/16778016\/1631542444023746560.jpg\" alt=\"ind\u00e9fini\" \/><\/p>\n<p><img decoding=\"async\" src=\"https:\/\/cf.cjdropshipping.com\/16778016\/1631542461719515136.jpg\" alt=\"ind\u00e9fini\" \/><\/p>\n<p><img decoding=\"async\" src=\"https:\/\/cf.cjdropshipping.com\/16778016\/1631542472440156160.jpg\" alt=\"ind\u00e9fini\" \/><\/p>\n<p><img decoding=\"async\" src=\"https:\/\/cf.cjdropshipping.com\/16778016\/1631542487434792960.jpg\" alt=\"ind\u00e9fini\" \/><\/p>\n<p><img decoding=\"async\" src=\"https:\/\/cf.cjdropshipping.com\/16778016\/1631542501674455040.jpg\" alt=\"ind\u00e9fini\" \/><\/p>\n<p><img decoding=\"async\" src=\"https:\/\/cf.cjdropshipping.com\/16778016\/1631542518430699520.jpg\" alt=\"ind\u00e9fini\" \/><\/p>\n<p><img decoding=\"async\" src=\"https:\/\/cf.cjdropshipping.com\/16778016\/1631542529054871552.jpg\" alt=\"ind\u00e9fini\" \/><\/p>\n<p><img decoding=\"async\" src=\"https:\/\/cf.cjdropshipping.com\/16778016\/1631542542958989312.jpg\" alt=\"ind\u00e9fini\" \/><\/p>\n<p><img decoding=\"async\" src=\"https:\/\/cf.cjdropshipping.com\/16778016\/1631542552886906880.jpg\" alt=\"ind\u00e9fini\" \/><\/p>\n<p><img decoding=\"async\" src=\"https:\/\/cf.cjdropshipping.com\/16778016\/1631542566019272704.jpg\" alt=\"ind\u00e9fini\" \/><\/p>\n<p><img decoding=\"async\" src=\"https:\/\/cf.cjdropshipping.com\/16778016\/1631542574193971200.jpg\" alt=\"ind\u00e9fini\" \/><\/p>","protected":false},"excerpt":{"rendered":"<p>Maillot de bain conservateur avec des coupes modestes et des styles chics. Parfait pour la confiance et le confort au bord de l'eau.<\/p>","protected":false},"featured_media":14906,"comment_status":"open","ping_status":"closed","template":"","meta":[],"product_brand":[],"product_cat":[39],"product_tag":[],"class_list":{"0":"post-14911","1":"product","2":"type-product","3":"status-publish","4":"has-post-thumbnail","6":"product_cat-swimsuit","8":"first","9":"instock","10":"taxable","11":"shipping-taxable","12":"purchasable","13":"product-type-variable"},"_links":{"self":[{"href":"https:\/\/beacheden.com\/fr\/wp-json\/wp\/v2\/product\/14911","targetHints":{"allow":["GET"]}}],"collection":[{"href":"https:\/\/beacheden.com\/fr\/wp-json\/wp\/v2\/product"}],"about":[{"href":"https:\/\/beacheden.com\/fr\/wp-json\/wp\/v2\/types\/product"}],"replies":[{"embeddable":true,"href":"https:\/\/beacheden.com\/fr\/wp-json\/wp\/v2\/comments?post=14911"}],"wp:featuredmedia":[{"embeddable":true,"href":"https:\/\/beacheden.com\/fr\/wp-json\/wp\/v2\/media\/14906"}],"wp:attachment":[{"href":"https:\/\/beacheden.com\/fr\/wp-json\/wp\/v2\/media?parent=14911"}],"wp:term":[{"taxonomy":"product_brand","embeddable":true,"href":"https:\/\/beacheden.com\/fr\/wp-json\/wp\/v2\/product_brand?post=14911"},{"taxonomy":"product_cat","embeddable":true,"href":"https:\/\/beacheden.com\/fr\/wp-json\/wp\/v2\/product_cat?post=14911"},{"taxonomy":"product_tag","embeddable":true,"href":"https:\/\/beacheden.com\/fr\/wp-json\/wp\/v2\/product_tag?post=14911"}],"curies":[{"name":"wp","href":"https:\/\/api.w.org\/{rel}","templated":true}]}}