{"id":14862,"date":"2025-04-08T01:19:27","date_gmt":"2025-04-08T08:19:27","guid":{"rendered":"https:\/\/beacheden.com\/leopard-print-sexy-plus-size-strappy-all-in-one-bikini-swimsuit\/"},"modified":"2025-07-21T14:44:09","modified_gmt":"2025-07-21T21:44:09","slug":"maillot-de-bain-grande-taille-imprime-leopard","status":"publish","type":"product","link":"https:\/\/beacheden.com\/fr\/maillot-de-bain-grande-taille-imprime-leopard\/","title":{"rendered":"Maillot de bain bikini \u00e0 bretelles sexy plus size imprim\u00e9 l\u00e9opard"},"content":{"rendered":"<p>Faites sensation cette saison avec le <strong>Maillot de bain Plus Size imprim\u00e9 l\u00e9opard <\/strong>Ce maillot de bain a \u00e9t\u00e9 con\u00e7u pour mettre en valeur vos courbes et rehausser votre look \u00e0 la plage ou au bord de la piscine. Ce superbe maillot de bain associe un imprim\u00e9 l\u00e9opard audacieux \u00e0 une coupe flatteuse, offrant \u00e0 la fois style et soutien l\u00e0 o\u00f9 vous en avez le plus besoin.<\/p>\n<p>Confectionn\u00e9 dans un tissu extensible de haute qualit\u00e9, il assure un confort tout au long de la journ\u00e9e tout en mettant votre silhouette en valeur. Avec son design chic et sa silhouette qui donne confiance en soi, ce maillot de bain est parfait pour embrasser la personne f\u00e9roce et fabuleuse qui sommeille en vous. Qu'il s'agisse de se pr\u00e9lasser au bord de l'eau ou de partir \u00e0 l'aventure, ce maillot de bain est id\u00e9al pour se mettre en valeur. <a href=\"https:\/\/beacheden.com\/fr\/maillot-de-bain-a-mailles\/?wmc-currency=EUR\" title=\"Maillot de bain une pi\u00e8ce \u00e0 panneaux en maille pour femmes Bikini\" target=\"_blank\" rel=\"noopener\"  data-wpil-monitor-id=\"119\">est l'indispensable de l'\u00e9t\u00e9<\/a>. D\u00e9marquez-vous, brillez de mille feux et sentez-vous inarr\u00eatable !<\/p>\n<p><b>Informations sur le produit :<\/b><\/p>\n<p>Nom du tissu : Nylon<br \/>\nComposition du tissu : nylon<br \/>\nComposition du tissu : 80 (%)<\/p>\n<p>&nbsp;<\/p>\n<p><b>Informations sur la taille :<\/b><\/p>\n<p><img decoding=\"async\" src=\"https:\/\/cf.cjdropshipping.com\/1618452035714.png\" alt=\"\"> <b><br \/>\n<\/b><\/p>\n<p><b>Remarque :<\/b><\/p>\n<p>1. Les tailles asiatiques sont 1 \u00e0 2 tailles plus petites que les tailles europ\u00e9ennes et am\u00e9ricaines. Choisissez la taille la plus grande si votre taille se situe entre deux tailles. Veuillez tenir compte d'une diff\u00e9rence de 2 \u00e0 3 cm due aux mesures manuelles.<\/p>\n<p>2. Si vous ne savez pas comment choisir votre taille, veuillez contacter notre service client\u00e8le.<\/p>\n<p>3. comme vous le savez, les ordinateurs affichent les couleurs diff\u00e9remment, la couleur de l'article r\u00e9el peut varier l\u00e9g\u00e8rement par rapport aux images suivantes.<\/p>\n<p>&nbsp;<\/p>\n<p><span style=\"font-size: 1em;\"> <b>Liste d'emballage :<\/b> <\/span><\/p>\n<p>Maillot de bain X1<\/p>\n<p><img loading=\"lazy\" decoding=\"async\" class=\"alignnone\" src=\"https:\/\/cf.cjdropshipping.com\/1618452125532.jpg\" alt=\"Maillot de bain Plus Size imprim\u00e9 l\u00e9opard\" width=\"1000\" height=\"1000\" \/> <img decoding=\"async\" src=\"https:\/\/cf.cjdropshipping.com\/1618452125517.jpg\" alt=\"\"> <img decoding=\"async\" src=\"https:\/\/cf.cjdropshipping.com\/1618452125548.jpg\" alt=\"\"> <img decoding=\"async\" src=\"https:\/\/cf.cjdropshipping.com\/1618452125535.jpg\" alt=\"\"> <img decoding=\"async\" src=\"https:\/\/cf.cjdropshipping.com\/1618452125539.jpg\" alt=\"\"><\/p>","protected":false},"excerpt":{"rendered":"<p>Maillot de bain grande taille \u00e0 imprim\u00e9 l\u00e9opard con\u00e7u pour flatter, donner de l'assurance et faire une d\u00e9claration audacieuse. Adoptez le confort chic et lib\u00e9rez votre confiance int\u00e9rieure d\u00e8s aujourd'hui !<\/p>","protected":false},"featured_media":14856,"comment_status":"open","ping_status":"closed","template":"","meta":[],"product_brand":[],"product_cat":[39],"product_tag":[],"class_list":{"0":"post-14862","1":"product","2":"type-product","3":"status-publish","4":"has-post-thumbnail","6":"product_cat-swimsuit","8":"first","9":"instock","10":"taxable","11":"shipping-taxable","12":"purchasable","13":"product-type-variable"},"_links":{"self":[{"href":"https:\/\/beacheden.com\/fr\/wp-json\/wp\/v2\/product\/14862","targetHints":{"allow":["GET"]}}],"collection":[{"href":"https:\/\/beacheden.com\/fr\/wp-json\/wp\/v2\/product"}],"about":[{"href":"https:\/\/beacheden.com\/fr\/wp-json\/wp\/v2\/types\/product"}],"replies":[{"embeddable":true,"href":"https:\/\/beacheden.com\/fr\/wp-json\/wp\/v2\/comments?post=14862"}],"wp:featuredmedia":[{"embeddable":true,"href":"https:\/\/beacheden.com\/fr\/wp-json\/wp\/v2\/media\/14856"}],"wp:attachment":[{"href":"https:\/\/beacheden.com\/fr\/wp-json\/wp\/v2\/media?parent=14862"}],"wp:term":[{"taxonomy":"product_brand","embeddable":true,"href":"https:\/\/beacheden.com\/fr\/wp-json\/wp\/v2\/product_brand?post=14862"},{"taxonomy":"product_cat","embeddable":true,"href":"https:\/\/beacheden.com\/fr\/wp-json\/wp\/v2\/product_cat?post=14862"},{"taxonomy":"product_tag","embeddable":true,"href":"https:\/\/beacheden.com\/fr\/wp-json\/wp\/v2\/product_tag?post=14862"}],"curies":[{"name":"wp","href":"https:\/\/api.w.org\/{rel}","templated":true}]}}