{"id":14839,"date":"2025-04-08T00:50:40","date_gmt":"2025-04-08T07:50:40","guid":{"rendered":"https:\/\/beacheden.com\/hanging-neck-collar-bikini-split-swimsuit\/"},"modified":"2025-05-21T18:50:38","modified_gmt":"2025-05-22T01:50:38","slug":"bikini-a-collier-suspendu","status":"publish","type":"product","link":"https:\/\/beacheden.com\/fr\/bikini-a-collier-suspendu\/","title":{"rendered":"Maillot de bain bikini fendu \u00e0 collier suspendu"},"content":{"rendered":"<p>Sexe applicable : f\u00e9minin<br \/>\n\u00c2ge applicable : Adulte<br \/>\nMod\u00e8le : s\u00e9chage rapide, sexy, Europe et Am\u00e9rique<br \/>\nAvec tra\u00een\u00e9e en acier : avec coussinet thoracique sans support en acier<br \/>\nNom du tissu : nylon<br \/>\nComposition du tissu : nylon\/nylon<br \/>\nDoublure : nylon<br \/>\nComposition de la doublure : nylon\/nylon<br \/>\nComposition de la doublure : 85 (%)<br \/>\nSc\u00e9narios d'application : natation, sports de glisse<br \/>\nCouleurs : Blanc, Noir<br \/>\nTaille : S, M, L<\/p>\n<p><img decoding=\"async\" src=\"https:\/\/cf.cjdropshipping.com\/4083742b-df59-49f2-a1c0-0669ea53a660.jpg\" alt=\"\"> 1. Les tailles asiatiques sont 1 \u00e0 2 tailles plus petites que les tailles europ\u00e9ennes et am\u00e9ricaines. Choisissez la taille la plus grande si votre taille se situe entre deux tailles. Veuillez tenir compte d'une diff\u00e9rence de 2 \u00e0 3 cm due aux mesures manuelles.<br \/>\n2. Si vous ne savez pas comment choisir votre taille, veuillez contacter notre service client\u00e8le.<br \/>\n3. comme vous le savez, les ordinateurs affichent les couleurs diff\u00e9remment, la couleur de l'article r\u00e9el peut varier l\u00e9g\u00e8rement par rapport aux images suivantes.<\/p>\n<p><img loading=\"lazy\" decoding=\"async\" class=\"alignnone\" src=\"https:\/\/cf.cjdropshipping.com\/d0d7a39e-1164-4a18-a80d-457a61f9cdcb.jpg\" alt=\"Bikini \u00e0 col suspendu\" width=\"800\" height=\"800\" \/> <img decoding=\"async\" src=\"https:\/\/cf.cjdropshipping.com\/89b830f7-a4e9-4a16-b59a-7fef941b6c59.jpg\" alt=\"\"> <img decoding=\"async\" src=\"https:\/\/cf.cjdropshipping.com\/8cd7980a-4497-4a08-a917-ad5f6f60b7a0.jpg\" alt=\"\"> <img decoding=\"async\" src=\"https:\/\/cf.cjdropshipping.com\/fc2c1f06-5c11-4278-b299-431c6ef6a18f.jpg\" alt=\"\"> <img decoding=\"async\" src=\"https:\/\/cf.cjdropshipping.com\/c01591ea-126d-4c2c-a9ab-aefde88ae20d.jpg\" alt=\"\"> <img decoding=\"async\" src=\"https:\/\/cf.cjdropshipping.com\/fe4386d2-5e32-4291-b8f7-a5a33c34c7ba.jpg\" alt=\"\"> <img decoding=\"async\" src=\"https:\/\/cf.cjdropshipping.com\/6ce27769-5e04-4438-86e5-590ddf88c792.jpg\" alt=\"\"> <img decoding=\"async\" src=\"https:\/\/cf.cjdropshipping.com\/bdd4fd00-8884-44d3-b0d7-5ae036a9a8dc.jpg\" alt=\"\"> <img decoding=\"async\" src=\"https:\/\/cf.cjdropshipping.com\/e351393e-cf2f-4063-8551-9a844f4b647e.jpg\" alt=\"\"> <img decoding=\"async\" src=\"https:\/\/cf.cjdropshipping.com\/3a908ebb-1345-4c46-832c-7b563f5a207d.jpg\" alt=\"\"> <img decoding=\"async\" src=\"https:\/\/cf.cjdropshipping.com\/ef928762-4ae2-40c9-ba7c-06f5d0d4558d.jpg\" alt=\"\"> <img decoding=\"async\" src=\"https:\/\/cf.cjdropshipping.com\/a89dfd02-e013-4f35-8bb3-1e19c565f495.jpg\" alt=\"\"> <img decoding=\"async\" src=\"https:\/\/cf.cjdropshipping.com\/5f886b54-5d77-4012-af68-60ec351444fd.jpg\" alt=\"\"> <img decoding=\"async\" src=\"https:\/\/cf.cjdropshipping.com\/12b056d7-cd83-490f-bfe1-ff23e5fdc2db.jpg\" alt=\"\"> <img decoding=\"async\" src=\"https:\/\/cf.cjdropshipping.com\/d1cfdce3-10cf-4a0a-b5f5-76e68df780cc.jpg\" alt=\"\"> <img decoding=\"async\" src=\"https:\/\/cf.cjdropshipping.com\/351869ab-4e6b-4cbc-9d6f-9b2983af915a.jpg\" alt=\"\"> <img decoding=\"async\" src=\"https:\/\/cf.cjdropshipping.com\/aa7e11aa-c220-4b8d-8f60-8db5eeddc1f8.jpg\" alt=\"\"><\/p>","protected":false},"excerpt":{"rendered":"<p>Le bikini \u00e0 col suspendu est con\u00e7u pour accentuer vos courbes tout en offrant un confort et une \u00e9l\u00e9gance in\u00e9gal\u00e9s. Parfait pour <a href=\"https:\/\/beacheden.com\/fr\/haut-de-bikini-en-crochet\/?wmc-currency=EUR\" title=\"Maillot de bain en crochet fait \u00e0 la main Bikini Swimsuit Top\" target=\"_blank\" rel=\"noopener\"  data-wpil-monitor-id=\"67\">les journ\u00e9es \u00e0 la plage ou le farniente au bord de la piscine<\/a>Il allie style et fonctionnalit\u00e9 sans effort. Une confiance en soi \u00e0 chaque fois !<\/p>","protected":false},"featured_media":14829,"comment_status":"open","ping_status":"closed","template":"","meta":[],"product_brand":[],"product_cat":[39],"product_tag":[],"class_list":{"0":"post-14839","1":"product","2":"type-product","3":"status-publish","4":"has-post-thumbnail","6":"product_cat-swimsuit","8":"first","9":"instock","10":"taxable","11":"shipping-taxable","12":"purchasable","13":"product-type-variable"},"_links":{"self":[{"href":"https:\/\/beacheden.com\/fr\/wp-json\/wp\/v2\/product\/14839","targetHints":{"allow":["GET"]}}],"collection":[{"href":"https:\/\/beacheden.com\/fr\/wp-json\/wp\/v2\/product"}],"about":[{"href":"https:\/\/beacheden.com\/fr\/wp-json\/wp\/v2\/types\/product"}],"replies":[{"embeddable":true,"href":"https:\/\/beacheden.com\/fr\/wp-json\/wp\/v2\/comments?post=14839"}],"wp:featuredmedia":[{"embeddable":true,"href":"https:\/\/beacheden.com\/fr\/wp-json\/wp\/v2\/media\/14829"}],"wp:attachment":[{"href":"https:\/\/beacheden.com\/fr\/wp-json\/wp\/v2\/media?parent=14839"}],"wp:term":[{"taxonomy":"product_brand","embeddable":true,"href":"https:\/\/beacheden.com\/fr\/wp-json\/wp\/v2\/product_brand?post=14839"},{"taxonomy":"product_cat","embeddable":true,"href":"https:\/\/beacheden.com\/fr\/wp-json\/wp\/v2\/product_cat?post=14839"},{"taxonomy":"product_tag","embeddable":true,"href":"https:\/\/beacheden.com\/fr\/wp-json\/wp\/v2\/product_tag?post=14839"}],"curies":[{"name":"wp","href":"https:\/\/api.w.org\/{rel}","templated":true}]}}