{"id":14822,"date":"2025-04-08T00:34:01","date_gmt":"2025-04-08T07:34:01","guid":{"rendered":"https:\/\/beacheden.com\/halter-strip-sequin-sexy-slim-fit-concealed-blouse\/"},"modified":"2025-09-23T12:20:00","modified_gmt":"2025-09-23T19:20:00","slug":"maillot-de-bain-a-paillettes","status":"publish","type":"product","link":"https:\/\/beacheden.com\/fr\/maillot-de-bain-a-paillettes\/","title":{"rendered":"Chemisier dos nu \u00e0 paillettes Sexy Slim-fit Concealed Blouse"},"content":{"rendered":"<p>Faites-vous remarquer avec notre maillot de bain \u00e0 paillettes, o\u00f9 le glamour s'allie \u00e0 la confiance. Cette pi\u00e8ce \u00e9blouissante est fabriqu\u00e9e avec des paillettes de haute qualit\u00e9 qui scintillent sous le soleil, pour que tous les regards se tournent vers vous. Con\u00e7u pour le style et le confort, il pr\u00e9sente une coupe flatteuse, des bretelles r\u00e9glables et un tissu r\u00e9sistant pour vous donner une allure fabuleuse pendant que vous vous impr\u00e9gnez des vibrations de la plage.<\/p>\n<p>Que vous vous pr\u00e9lassiez au bord de la piscine ou que vous dansiez lors d'une f\u00eate au bord de la mer, cette robe \u00e0 paillettes est id\u00e9ale pour les femmes. <a href=\"https:\/\/beacheden.com\/fr\/maillot-de-bain-a-paillettes\/?wmc-currency=EUR\" title=\"Chemisier dos nu \u00e0 paillettes Sexy Slim-fit Concealed Blouse\" target=\"_blank\" rel=\"noopener\"  data-wpil-monitor-id=\"9\">Le maillot de bain est l'accessoire indispensable de l'\u00e9t\u00e9<\/a>. Brillez de mille feux et embrassez la diva qui sommeille en vous, car vous m\u00e9ritez de vous d\u00e9marquer !<\/p>\n<p><b> Informations sur le produit :<br \/>\n<\/b> Nom du tissu : tricot<br \/>\nComposition du tissu principal : fibre de polyester (polyester)<br \/>\nLe contenu des principaux ingr\u00e9dients du tissu : 81%-90%<br \/>\nComposition du tissu principal 2 : Spandex<br \/>\nStyle : combinaison<br \/>\nLongueur du pantalon : short<br \/>\nType de taille : taille moyenne<br \/>\nY a-t-il une courroie ? Pas de ceinture<br \/>\n\u00c9l\u00e9ments populaires : motifs, paillettes, boutons<br \/>\nCouleur : argent<br \/>\nTissu 2 composants : spandex<\/p>\n<p>&nbsp;<\/p>\n<p><b> Informations sur la taille<br \/>\n<\/b> M,L<\/p>\n<p><img decoding=\"async\" src=\"https:\/\/cf.cjdropshipping.com\/f5766f3a-d41b-4e68-8db8-5c98236467c1.png\" alt=\"\"><\/p>\n<p><b>\u00a0<\/b><\/p>\n<p><b> Remarque :<br \/>\n<\/b> 1. Les tailles asiatiques sont 1 \u00e0 2 tailles plus petites que les tailles europ\u00e9ennes et am\u00e9ricaines. Choisissez la taille la plus grande si votre taille se situe entre deux tailles. Veuillez tenir compte d'une diff\u00e9rence de 2 \u00e0 3 cm due aux mesures manuelles.<br \/>\n2. Si vous ne savez pas comment choisir votre taille, veuillez contacter notre service client\u00e8le.<br \/>\n3. comme vous le savez, les ordinateurs affichent les couleurs diff\u00e9remment, la couleur de l'article r\u00e9el peut varier l\u00e9g\u00e8rement par rapport aux images suivantes.<\/p>\n<p><b> Liste d'emballage :<br \/>\n<\/b> Combinaison*1<\/p>\n<p>&nbsp;<\/p>\n<p><img loading=\"lazy\" decoding=\"async\" class=\"alignnone\" src=\"https:\/\/cf.cjdropshipping.com\/954285d3-8164-4efd-8cb7-f97762f70adc.jpg\" alt=\"Maillot de bain \u00e0 paillettes\" width=\"800\" height=\"800\" \/> <img decoding=\"async\" src=\"https:\/\/cf.cjdropshipping.com\/9afa0872-72b7-41be-b906-72a55dc63b59.jpg\" alt=\"\"> <img decoding=\"async\" src=\"https:\/\/cf.cjdropshipping.com\/a3541953-a515-4f47-b5bb-859fa9cd59b2.jpg\" alt=\"\"> <img decoding=\"async\" src=\"https:\/\/cf.cjdropshipping.com\/36cdb917-ca9f-4571-83fc-b5f4f93409d9.jpg\" alt=\"\"> <img decoding=\"async\" src=\"https:\/\/cf.cjdropshipping.com\/64d0d331-1785-46d8-8be3-2d81a8f6f497.jpg\" alt=\"\"> <img decoding=\"async\" src=\"https:\/\/cf.cjdropshipping.com\/2847bc2a-b281-4d2c-ba55-b597d202f79e.jpg\" alt=\"\"><\/p>","protected":false},"excerpt":{"rendered":"<p>Maillot de bain \u00e0 paillettes con\u00e7u pour vous faire briller avec des \u00e9clats audacieux et une coupe impeccable. D\u00e9marquez-vous sous le soleil dans un style luxueux et accrocheur. Id\u00e9al pour <a href=\"https:\/\/beacheden.com\/fr\/bikini-sexy-en-maille\/?wmc-currency=EUR\" title=\"Bikini sexy en maille\" target=\"_blank\" rel=\"noopener\"  data-wpil-monitor-id=\"75\">les journ\u00e9es \u00e0 la plage ou les f\u00eates au bord de la piscine<\/a>!<\/p>","protected":false},"featured_media":14816,"comment_status":"open","ping_status":"closed","template":"","meta":[],"product_brand":[],"product_cat":[39],"product_tag":[],"class_list":{"0":"post-14822","1":"product","2":"type-product","3":"status-publish","4":"has-post-thumbnail","6":"product_cat-swimsuit","8":"first","9":"instock","10":"taxable","11":"shipping-taxable","12":"purchasable","13":"product-type-variable"},"_links":{"self":[{"href":"https:\/\/beacheden.com\/fr\/wp-json\/wp\/v2\/product\/14822","targetHints":{"allow":["GET"]}}],"collection":[{"href":"https:\/\/beacheden.com\/fr\/wp-json\/wp\/v2\/product"}],"about":[{"href":"https:\/\/beacheden.com\/fr\/wp-json\/wp\/v2\/types\/product"}],"replies":[{"embeddable":true,"href":"https:\/\/beacheden.com\/fr\/wp-json\/wp\/v2\/comments?post=14822"}],"wp:featuredmedia":[{"embeddable":true,"href":"https:\/\/beacheden.com\/fr\/wp-json\/wp\/v2\/media\/14816"}],"wp:attachment":[{"href":"https:\/\/beacheden.com\/fr\/wp-json\/wp\/v2\/media?parent=14822"}],"wp:term":[{"taxonomy":"product_brand","embeddable":true,"href":"https:\/\/beacheden.com\/fr\/wp-json\/wp\/v2\/product_brand?post=14822"},{"taxonomy":"product_cat","embeddable":true,"href":"https:\/\/beacheden.com\/fr\/wp-json\/wp\/v2\/product_cat?post=14822"},{"taxonomy":"product_tag","embeddable":true,"href":"https:\/\/beacheden.com\/fr\/wp-json\/wp\/v2\/product_tag?post=14822"}],"curies":[{"name":"wp","href":"https:\/\/api.w.org\/{rel}","templated":true}]}}