{"id":14790,"date":"2025-04-08T00:25:43","date_gmt":"2025-04-08T07:25:43","guid":{"rendered":"https:\/\/beacheden.com\/new-womens-printed-one-piece-swimsuit-european-and-american-hollow-swimwear\/"},"modified":"2025-11-02T10:56:43","modified_gmt":"2025-11-02T18:56:43","slug":"maillot-de-bain-une-piece-avec-decoupes","status":"publish","type":"product","link":"https:\/\/beacheden.com\/fr\/maillot-de-bain-une-piece-avec-decoupes\/","title":{"rendered":"New Women's Printed One-piece Swimsuit European And American Hollow Swimwear"},"content":{"rendered":"<p>Faites-vous remarquer avec notre maillot de bain une pi\u00e8ce avec d\u00e9coupes, con\u00e7u pour allier sophistication et audace. Ce maillot de bain chic pr\u00e9sente des d\u00e9coupes strat\u00e9giquement plac\u00e9es qui accentuent votre silhouette tout en conservant une allure raffin\u00e9e.<\/p>\n<p>Fabriqu\u00e9 dans un tissu extensible de haute qualit\u00e9, il assure une tenue confortable et un bon maintien tout au long de la journ\u00e9e. Que vous vous pr\u00e9lassiez au bord de la piscine ou que vous preniez le soleil \u00e0 la plage, ce maillot de bain est le choix id\u00e9al pour une \u00e9l\u00e9gance sans effort. <a href=\"https:\/\/beacheden.com\/fr\/top-au-crochet-a-la-main\/?wmc-currency=EUR\" title=\"Maillot de bain Asie du Sud-Est Hot Sale Hand Crochet Halter Hollow Ins Wind Beach Blouse Top\" target=\"_blank\" rel=\"noopener\"  data-wpil-monitor-id=\"220\">style moderne<\/a>. Cette saison, prenez confiance en vous et faites tourner les t\u00eates !<\/p>\n<p><b>Informations sur le produit :<\/b><br \/>\nMod\u00e8le : Impression<br \/>\nCouleur : 1,2,3,4<br \/>\nTaille : S, M, L<br \/>\nComposition de la doublure : Fibre de polyester (polyester)<br \/>\nTeneur en ingr\u00e9dients de la doublure : 82<br \/>\nStyle : <a href=\"https:\/\/beacheden.com\/fr\/maillot-de-bain-a-mailles\/?wmc-currency=EUR\" title=\"Maillot de bain une pi\u00e8ce \u00e0 panneaux en maille pour femmes Bikini\" target=\"_blank\" rel=\"noopener\"  data-wpil-monitor-id=\"116\">Maillot de bain une pi\u00e8ce<\/a><br \/>\nStyle de motif : floral, \u00e9pais, sexy, dos nu, durable, europ\u00e9en et am\u00e9ricain<br \/>\nDoublure : Polyester<br \/>\nCat\u00e9gorie : <a href=\"https:\/\/beacheden.com\/fr\/maillot-de-bain-indien\/?wmc-currency=EUR\" title=\"Maillot de bain Plus Size Indian Style Bikini pour femmes\" target=\"_blank\" rel=\"noopener\"  data-wpil-monitor-id=\"21\">Maillot de bain une pi\u00e8ce<\/a><br \/>\nNom du tissu : polyester<br \/>\nSc\u00e9nario applicable : <a href=\"https:\/\/beacheden.com\/fr\/maillot-de-bain-une-piece-patchwork\/?wmc-currency=EUR\" title=\"Maillot de bain une pi\u00e8ce Maillot de bain patchwork Bikini\" target=\"_blank\" rel=\"noopener\"  data-wpil-monitor-id=\"117\">la natation et le pataugeage<\/a> Sports<br \/>\nSexe applicable : F\u00e9minin<br \/>\nType d'inventaire : transaction globale<br \/>\nGroupe d'\u00e2ge concern\u00e9 : Adulte<br \/>\nComposition du tissu : Fibre de polyester (polyester)<br \/>\nLongueur des manches : sans manches<br \/>\nPlage d'erreur : 1 2CM<\/p>\n<p><b>Remarque :<\/b><\/p>\n<p>1. Les tailles asiatiques sont 1 \u00e0 2 tailles plus petites que les tailles europ\u00e9ennes et am\u00e9ricaines. Choisissez la taille la plus grande si votre taille se situe entre deux tailles. Veuillez tenir compte d'une diff\u00e9rence de 2 \u00e0 3 cm due aux mesures manuelles. 2. Si vous ne savez pas comment choisir votre taille, veuillez contacter notre service client\u00e8le. 3) Comme vous le savez, les ordinateurs affichent les couleurs diff\u00e9remment, la couleur de l'article r\u00e9el peut varier l\u00e9g\u00e8rement par rapport aux images suivantes.<\/p>\n<p><b>Image du produit :<\/b><\/p>\n<p><img decoding=\"async\" src=\"https:\/\/cf.cjdropshipping.com\/16486848\/1509528114529701888.jpg\" alt=\"\"><br \/>\n<img decoding=\"async\" src=\"https:\/\/cf.cjdropshipping.com\/4607e1e1-39a8-45ff-8ace-b6665bf2de7a.jpg\" alt=\"\"><br \/>\n<img decoding=\"async\" src=\"https:\/\/cf.cjdropshipping.com\/474213bb-7133-4b86-8ac2-374656e58636.jpg\" alt=\"\"><\/p>","protected":false},"excerpt":{"rendered":"<p>Le maillot de bain une pi\u00e8ce \u00e0 d\u00e9coupes allie style audacieux et \u00e9l\u00e9gance. Parfait pour la plage, il met en valeur vos courbes tout en offrant confort et tendance. Faites des vagues cette saison !<\/p>","protected":false},"featured_media":14782,"comment_status":"open","ping_status":"closed","template":"","meta":[],"product_brand":[],"product_cat":[39],"product_tag":[],"class_list":{"0":"post-14790","1":"product","2":"type-product","3":"status-publish","4":"has-post-thumbnail","6":"product_cat-swimsuit","8":"first","9":"instock","10":"taxable","11":"shipping-taxable","12":"purchasable","13":"product-type-variable"},"_links":{"self":[{"href":"https:\/\/beacheden.com\/fr\/wp-json\/wp\/v2\/product\/14790","targetHints":{"allow":["GET"]}}],"collection":[{"href":"https:\/\/beacheden.com\/fr\/wp-json\/wp\/v2\/product"}],"about":[{"href":"https:\/\/beacheden.com\/fr\/wp-json\/wp\/v2\/types\/product"}],"replies":[{"embeddable":true,"href":"https:\/\/beacheden.com\/fr\/wp-json\/wp\/v2\/comments?post=14790"}],"wp:featuredmedia":[{"embeddable":true,"href":"https:\/\/beacheden.com\/fr\/wp-json\/wp\/v2\/media\/14782"}],"wp:attachment":[{"href":"https:\/\/beacheden.com\/fr\/wp-json\/wp\/v2\/media?parent=14790"}],"wp:term":[{"taxonomy":"product_brand","embeddable":true,"href":"https:\/\/beacheden.com\/fr\/wp-json\/wp\/v2\/product_brand?post=14790"},{"taxonomy":"product_cat","embeddable":true,"href":"https:\/\/beacheden.com\/fr\/wp-json\/wp\/v2\/product_cat?post=14790"},{"taxonomy":"product_tag","embeddable":true,"href":"https:\/\/beacheden.com\/fr\/wp-json\/wp\/v2\/product_tag?post=14790"}],"curies":[{"name":"wp","href":"https:\/\/api.w.org\/{rel}","templated":true}]}}