{"id":14772,"date":"2025-04-08T00:06:11","date_gmt":"2025-04-08T07:06:11","guid":{"rendered":"https:\/\/beacheden.com\/ladies-one-piece-swimsuit-push-up-print\/"},"modified":"2025-11-24T05:58:42","modified_gmt":"2025-11-24T13:58:42","slug":"maillot-de-bain-une-piece-push-up","status":"publish","type":"product","link":"https:\/\/beacheden.com\/fr\/maillot-de-bain-une-piece-push-up\/","title":{"rendered":"Maillot de bain une pi\u00e8ce pour dames, imprim\u00e9 push up"},"content":{"rendered":"<p>Les <strong>Maillot de bain une pi\u00e8ce push-up <\/strong> est l'indispensable de l'\u00e9t\u00e9, con\u00e7u pour sculpter, soutenir et c\u00e9l\u00e9brer vos courbes. Dot\u00e9 d'une structure push-up int\u00e9gr\u00e9e, ce maillot de bain met en valeur votre silhouette tout en vous apportant un confort et une confiance in\u00e9gal\u00e9s. Son design moderne et \u00e9l\u00e9gant flatte toutes les morphologies, offrant un look intemporel qui passe sans probl\u00e8me du farniente sur la plage au glamour au bord de la piscine.<\/p>\n<p>Fabriqu\u00e9 dans un tissu de premi\u00e8re qualit\u00e9 r\u00e9sistant au chlore, il garantit la durabilit\u00e9 et un toucher luxueux. Que vous plongiez dans les vagues ou que vous preniez le soleil, ce maillot de bain est id\u00e9al pour la baignade. <a href=\"https:\/\/beacheden.com\/fr\/maillot-de-bain-une-piece-nouveau-style\/?wmc-currency=EUR\" title=\"New Style One-Piece Bikini Swimsuit Sexy Multicolor Ladies Swimwear\" target=\"_blank\" rel=\"noopener\"  data-wpil-monitor-id=\"102\">La monopi\u00e8ce est votre meilleur choix en mati\u00e8re de style<\/a> et fonctionnalit\u00e9. Am\u00e9liorez votre jeu de maillots de bain et adoptez une \u00e9l\u00e9gance sans effort avec une pi\u00e8ce aussi audacieuse et belle que vous.<\/p>\n<p><b>D\u00e9tails du produit :<\/b><br \/>\nStyle : <a href=\"https:\/\/beacheden.com\/fr\/maillot-de-bain-une-piece-taille-plus-2\/?wmc-currency=EUR\" title=\"Maillot de bain une pi\u00e8ce imprim\u00e9 pour femmes de taille sup\u00e9rieure\" target=\"_blank\" rel=\"noopener\"  data-wpil-monitor-id=\"139\">Maillot de bain une pi\u00e8ce<\/a><br \/>\nSexe applicable : f\u00e9minin<br \/>\n<span style=\"font-size: 1em;\">Motif : uni<\/span><\/p>\n<p>Nom du tissu : Nylon<br \/>\nContenu des composants du tissu : 80 (%)<br \/>\nCouleur : vert<\/p>\n<p><b>Informations sur la taille :<\/b><br \/>\nTaille : S, M, L, XL<\/p>\n<table>\n<colgroup>\n<col \/>\n<col \/>\n<col \/> <\/colgroup>\n<tbody>\n<tr>\n<td>Taille\uff08cm\uff09<\/td>\n<td>Buste<\/td>\n<td>Taille<\/td>\n<\/tr>\n<tr>\n<td>S<\/td>\n<td>89\/93<\/td>\n<td>67\/70<\/td>\n<\/tr>\n<tr>\n<td>M<\/td>\n<td>93\/97<\/td>\n<td>70\/73<\/td>\n<\/tr>\n<tr>\n<td>L<\/td>\n<td>97\/100<\/td>\n<td>73\/76<\/td>\n<\/tr>\n<tr>\n<td>XL<\/td>\n<td>100\/103<\/td>\n<td>76\/79<\/td>\n<\/tr>\n<\/tbody>\n<\/table>\n<p><b>La pr\u00e9vention :<\/b><br \/>\n1. Les tailles asiatiques sont 1 \u00e0 2 tailles plus petites que les tailles europ\u00e9ennes et am\u00e9ricaines. Si votre taille se situe entre les deux, veuillez choisir la taille la plus grande. En raison des mesures manuelles, il y a une diff\u00e9rence de 2 \u00e0 3 cm.<br \/>\n2. Si vous ne savez pas comment choisir la taille, veuillez v\u00e9rifier soigneusement le tableau des tailles avant d'acheter l'article, ou contactez notre service client\u00e8le.<br \/>\n3. Comme vous le savez, les ordinateurs affichent les couleurs de diff\u00e9rentes mani\u00e8res, la couleur de l'article r\u00e9el peut \u00eatre l\u00e9g\u00e8rement diff\u00e9rente de l'image ci-dessous.<\/p>\n<p><b>Contenu du paquet :<\/b><br \/>\nMaillot de bain une pi\u00e8ce X1<\/p>\n<p><img loading=\"lazy\" decoding=\"async\" class=\"alignnone\" src=\"https:\/\/cf.cjdropshipping.com\/1ad37d6a-9f52-4622-8acd-0f12be99aca5.jpg\" alt=\"Maillot de bain une pi\u00e8ce push-up\" width=\"1340\" height=\"1785\" \/> <img decoding=\"async\" src=\"https:\/\/cf.cjdropshipping.com\/96bef236-e3ca-4a66-a2e7-c508a984775c.jpg\" alt=\"\"> <img decoding=\"async\" src=\"https:\/\/cf.cjdropshipping.com\/df391af1-a263-47a3-92ac-c64a4fed59b8.jpg\" alt=\"\"> <img decoding=\"async\" src=\"https:\/\/cf.cjdropshipping.com\/1e281d59-0ce9-4d7e-9659-aca907d226dd.jpg\" alt=\"\"> <img decoding=\"async\" src=\"https:\/\/cf.cjdropshipping.com\/508bbf01-52be-4e25-9a30-e9f8cfa36a34.jpg\" alt=\"\"><\/p>","protected":false},"excerpt":{"rendered":"<p>Maillot de bain push-up une pi\u00e8ce con\u00e7u pour sculpter et flatter vos courbes. \u00c9levez votre jeu de maillots de bain gr\u00e2ce \u00e0 sa silhouette \u00e9l\u00e9gante, son soutien et son toucher luxueux. Parfait pour la plage ou la piscine !<\/p>","protected":false},"featured_media":14767,"comment_status":"open","ping_status":"closed","template":"","meta":[],"product_brand":[],"product_cat":[39],"product_tag":[],"class_list":{"0":"post-14772","1":"product","2":"type-product","3":"status-publish","4":"has-post-thumbnail","6":"product_cat-swimsuit","8":"first","9":"instock","10":"taxable","11":"shipping-taxable","12":"purchasable","13":"product-type-variable"},"_links":{"self":[{"href":"https:\/\/beacheden.com\/fr\/wp-json\/wp\/v2\/product\/14772","targetHints":{"allow":["GET"]}}],"collection":[{"href":"https:\/\/beacheden.com\/fr\/wp-json\/wp\/v2\/product"}],"about":[{"href":"https:\/\/beacheden.com\/fr\/wp-json\/wp\/v2\/types\/product"}],"replies":[{"embeddable":true,"href":"https:\/\/beacheden.com\/fr\/wp-json\/wp\/v2\/comments?post=14772"}],"wp:featuredmedia":[{"embeddable":true,"href":"https:\/\/beacheden.com\/fr\/wp-json\/wp\/v2\/media\/14767"}],"wp:attachment":[{"href":"https:\/\/beacheden.com\/fr\/wp-json\/wp\/v2\/media?parent=14772"}],"wp:term":[{"taxonomy":"product_brand","embeddable":true,"href":"https:\/\/beacheden.com\/fr\/wp-json\/wp\/v2\/product_brand?post=14772"},{"taxonomy":"product_cat","embeddable":true,"href":"https:\/\/beacheden.com\/fr\/wp-json\/wp\/v2\/product_cat?post=14772"},{"taxonomy":"product_tag","embeddable":true,"href":"https:\/\/beacheden.com\/fr\/wp-json\/wp\/v2\/product_tag?post=14772"}],"curies":[{"name":"wp","href":"https:\/\/api.w.org\/{rel}","templated":true}]}}