{"id":14756,"date":"2025-04-07T15:33:29","date_gmt":"2025-04-07T22:33:29","guid":{"rendered":"https:\/\/beacheden.com\/ripple-sexy-ladies-one-piece-swimsuit-with-straps\/"},"modified":"2025-11-01T13:31:21","modified_gmt":"2025-11-01T20:31:21","slug":"maillot-de-bain-une-piece-ondule","status":"publish","type":"product","link":"https:\/\/beacheden.com\/fr\/maillot-de-bain-une-piece-ondule\/","title":{"rendered":"Maillot de bain une pi\u00e8ce sexy pour femmes avec bretelles"},"content":{"rendered":"<p>Les <strong>Maillot de bain une pi\u00e8ce Ripple : Lib\u00e9rez votre confiance en vous <\/strong> est con\u00e7u pour que vous vous sentiez invincible. Ce maillot de bain remarquable pr\u00e9sente un design \u00e9l\u00e9gant, inspir\u00e9 des ondulations, qui accentue vos courbes tout en vous offrant un confort et un soutien ultimes. Fabriqu\u00e9 dans un tissu de haute qualit\u00e9 r\u00e9sistant au chlore, il garantit une durabilit\u00e9 et une coupe impeccable au fil des utilisations.<\/p>\n<p data-spm-anchor-id=\"a2ty_o01.29997173.0.i24.565e2fbe6xsapN\">Avec ses bretelles r\u00e9glables et sa coupe flatteuse, ce maillot une pi\u00e8ce est parfait pour toutes les morphologies, offrant \u00e0 la fois style et fonctionnalit\u00e9. Que vous vous pr\u00e9lassiez au bord de la piscine ou que vous preniez le soleil \u00e0 la plage, le maillot de bain une pi\u00e8ce Ripple vous permet d'embrasser votre beaut\u00e9 unique et d'entrer sous les feux de la rampe avec confiance. Faites des vagues cette saison, car vous m\u00e9ritez de briller !<\/p>\n<p>Style de motif : couleur unie<br \/>\nSi avec tra\u00een\u00e9e en acier : pas de support en acier et pas de coussin thoracique<br \/>\nNom du tissu : Spandex\/Lycra<br \/>\nComposition du tissu : nylon\/nylon<br \/>\nDoublure : polyester<br \/>\nComposition de la doublure : fibre de polyester (polyester)<br \/>\nTeneur en ingr\u00e9dients de la doublure : 95 (%)<br \/>\nDomaine d'application : natation et pataugeage<br \/>\nCouleur : couleur de l'image<br \/>\nTaille : S, M, L, XL<\/p>\n<p><img decoding=\"async\" src=\"https:\/\/cf.cjdropshipping.com\/93732ff4-be17-4c20-bcf2-b5a002491838.png\" alt=\"\"><\/p>\n<p><img loading=\"lazy\" decoding=\"async\" class=\"alignnone\" src=\"https:\/\/cf.cjdropshipping.com\/d89793ec-87eb-44c9-b4d5-0da7634dc96b.jpg\" alt=\"Maillot de bain une pi\u00e8ce ondul\u00e9\" width=\"400\" height=\"400\" \/> <img decoding=\"async\" src=\"https:\/\/cf.cjdropshipping.com\/5e522379-7597-4cdb-bad1-5e498e2dc3ab.jpg\" alt=\"\"> <img decoding=\"async\" src=\"https:\/\/cf.cjdropshipping.com\/889086d5-f785-4a71-8e38-af4f3b575e0c.jpg\" alt=\"\"> <img decoding=\"async\" src=\"https:\/\/cf.cjdropshipping.com\/0b9d1fe2-cd1e-462f-8796-cadd6f8740b1.jpg\" alt=\"\"> <img decoding=\"async\" src=\"https:\/\/cf.cjdropshipping.com\/9a058566-69c1-4b1b-b488-bd09b510c633.jpg\" alt=\"\"> <img decoding=\"async\" src=\"https:\/\/cf.cjdropshipping.com\/97dcba34-50d5-464c-af4d-72374c221d7a.jpg\" alt=\"\"> <img decoding=\"async\" src=\"https:\/\/cf.cjdropshipping.com\/2aaa0a8a-7896-4146-a400-9d0ae23f0256.jpg\" alt=\"\"> <img decoding=\"async\" src=\"https:\/\/cf.cjdropshipping.com\/22cf1cb6-e28d-4434-875c-5bd390817f93.jpg\" alt=\"\"> <img decoding=\"async\" src=\"https:\/\/cf.cjdropshipping.com\/49006efa-224b-48ae-9747-c841f4b3dcd3.jpg\" alt=\"\"> <img decoding=\"async\" src=\"https:\/\/cf.cjdropshipping.com\/8d454423-3441-408f-bb97-d11280ffd128.jpg\" alt=\"\"><\/p>","protected":false},"excerpt":{"rendered":"<p>Le maillot de bain une pi\u00e8ce Ripple allie \u00e9l\u00e9gance et confort, offrant une silhouette \u00e9l\u00e9gante qui flatte toutes les morphologies. Con\u00e7u pour le style et la durabilit\u00e9, c'est le choix par excellence pour une tenue sans effort. <a href=\"https:\/\/beacheden.com\/fr\/bikini-asymetrique-avec-couleur-unie-2\/?wmc-currency=EUR\" title=\"Bikini \u00e0 armatures Impression num\u00e9rique\" target=\"_blank\" rel=\"noopener\"  data-wpil-monitor-id=\"144\">les journ\u00e9es \u00e0 la plage ou le farniente au bord de la piscine<\/a>. Ce maillot de bain indispensable vous donne confiance en vous !<\/p>","protected":false},"featured_media":14746,"comment_status":"open","ping_status":"closed","template":"","meta":[],"product_brand":[],"product_cat":[39],"product_tag":[],"class_list":{"0":"post-14756","1":"product","2":"type-product","3":"status-publish","4":"has-post-thumbnail","6":"product_cat-swimsuit","8":"first","9":"instock","10":"taxable","11":"shipping-taxable","12":"purchasable","13":"product-type-variable"},"_links":{"self":[{"href":"https:\/\/beacheden.com\/fr\/wp-json\/wp\/v2\/product\/14756","targetHints":{"allow":["GET"]}}],"collection":[{"href":"https:\/\/beacheden.com\/fr\/wp-json\/wp\/v2\/product"}],"about":[{"href":"https:\/\/beacheden.com\/fr\/wp-json\/wp\/v2\/types\/product"}],"replies":[{"embeddable":true,"href":"https:\/\/beacheden.com\/fr\/wp-json\/wp\/v2\/comments?post=14756"}],"wp:featuredmedia":[{"embeddable":true,"href":"https:\/\/beacheden.com\/fr\/wp-json\/wp\/v2\/media\/14746"}],"wp:attachment":[{"href":"https:\/\/beacheden.com\/fr\/wp-json\/wp\/v2\/media?parent=14756"}],"wp:term":[{"taxonomy":"product_brand","embeddable":true,"href":"https:\/\/beacheden.com\/fr\/wp-json\/wp\/v2\/product_brand?post=14756"},{"taxonomy":"product_cat","embeddable":true,"href":"https:\/\/beacheden.com\/fr\/wp-json\/wp\/v2\/product_cat?post=14756"},{"taxonomy":"product_tag","embeddable":true,"href":"https:\/\/beacheden.com\/fr\/wp-json\/wp\/v2\/product_tag?post=14756"}],"curies":[{"name":"wp","href":"https:\/\/api.w.org\/{rel}","templated":true}]}}