{"id":14728,"date":"2025-04-07T14:19:31","date_gmt":"2025-04-07T21:19:31","guid":{"rendered":"https:\/\/beacheden.com\/printed-womens-plus-size-one-piece-swimsuit\/"},"modified":"2025-11-01T13:57:26","modified_gmt":"2025-11-01T20:57:26","slug":"maillot-de-bain-une-piece-taille-plus-2","status":"publish","type":"product","link":"https:\/\/beacheden.com\/fr\/maillot-de-bain-une-piece-taille-plus-2\/","title":{"rendered":"Maillot de bain une pi\u00e8ce imprim\u00e9 pour femmes de taille sup\u00e9rieure"},"content":{"rendered":"<p>Faites-vous remarquer dans notre <strong>Maillot de bain une pi\u00e8ce taille plus <\/strong>Ce maillot de bain a \u00e9t\u00e9 con\u00e7u pour mettre en valeur vos courbes avec assurance et style. Fabriqu\u00e9 dans un tissu extensible de premi\u00e8re qualit\u00e9, ce maillot de bain offre une coupe impeccable qui lisse et flatte tout en offrant un confort tout au long de la journ\u00e9e.<\/p>\n<p>Dot\u00e9 de bretelles r\u00e9glables et d'un buste de soutien, il est parfait pour se pr\u00e9lasser au bord de la piscine ou profiter d'une journ\u00e9e \u00e0 la plage. Avec son design chic et sa silhouette qui met en valeur la silhouette, ce maillot une pi\u00e8ce est le choix id\u00e9al pour une \u00e9l\u00e9gance estivale sans effort. Embrassez votre beaut\u00e9 et brillez avec un maillot de bain fait pour vous !<\/p>\n<p><b>Informations sur le produit :<\/b><\/p>\n<p>Style : Maillot de bain une pi\u00e8ce<br \/>\nSexe applicable : f\u00e9minin<br \/>\n\u00c2ge d'application : adulte<br \/>\nMotif : durable, imperm\u00e9able, \u00e9cologique, s\u00e9chage rapide, sexy, grande \u00e9lasticit\u00e9, dos nu, europ\u00e9en et am\u00e9ricain, taille haute, impression en couleur.<br \/>\nAvec remorque en acier : avec coussin thoracique sans support en acier<br \/>\nNom du tissu : tissu pour maillots de bain<br \/>\nComposition du tissu : fibre de polyester (polyester)<br \/>\nComposition du tissu : 80 (%)<br \/>\nNom de la doublure : Spandex<br \/>\nComposition de la doublure : Spandex<br \/>\nTeneur en ingr\u00e9dients de la doublure : 20 (%)<br \/>\nDomaine d'application : natation et pataugeage<\/p>\n<p>&nbsp;<\/p>\n<p><b>Informations sur la taille :<\/b><br \/>\nTaille : XXL\/3XL\/4XL\/5XL<br \/>\n<img decoding=\"async\" src=\"https:\/\/cf.cjdropshipping.com\/1d707723-3a71-4728-b2c3-f4865e6f448d.png\" alt=\"\"><\/p>\n<p><b>Remarque :<\/b><br \/>\n1. Les tailles asiatiques sont 1 \u00e0 2 tailles plus petites que les tailles europ\u00e9ennes et am\u00e9ricaines. Choisissez la taille la plus grande si votre taille se situe entre deux tailles. Veuillez tenir compte d'une diff\u00e9rence de 2 \u00e0 3 cm due aux mesures manuelles.<br \/>\n2. Si vous ne savez pas comment choisir votre taille, veuillez contacter notre service client\u00e8le.<br \/>\n3. comme vous le savez, les ordinateurs affichent les couleurs diff\u00e9remment, la couleur de l'article r\u00e9el peut varier l\u00e9g\u00e8rement par rapport aux images suivantes.<\/p>\n<p><b>Liste d'emballage :<\/b><\/p>\n<p>Maillot de bain une pi\u00e8ce*1<\/p>\n<p><img loading=\"lazy\" decoding=\"async\" class=\"alignnone\" src=\"https:\/\/cf.cjdropshipping.com\/dc7b0478-fd17-47e5-890f-9ff772c97efa.jpg\" alt=\"maillot de bain une pi\u00e8ce taille plus\" width=\"1280\" height=\"1920\" \/> <img decoding=\"async\" src=\"https:\/\/cf.cjdropshipping.com\/712f3699-ba09-4139-af22-debbe7d138b5.jpg\" alt=\"\"> <img decoding=\"async\" src=\"https:\/\/cf.cjdropshipping.com\/38dcd993-17a9-4716-b549-032f4371f8e9.jpg\" alt=\"\"> <img decoding=\"async\" src=\"https:\/\/cf.cjdropshipping.com\/6799c129-b663-4fed-9f6d-2459d64c1cd2.jpg\" alt=\"\"> <img decoding=\"async\" src=\"https:\/\/cf.cjdropshipping.com\/22177f8b-d1c1-4d8b-99d4-97d527b84cdc.jpg\" alt=\"\"><\/p>\n<p>&nbsp;<\/p>","protected":false},"excerpt":{"rendered":"<p>Maillot de bain une pi\u00e8ce grande taille avec des motifs chics pour un confort et un style ultimes. C\u00e9l\u00e9brez vos courbes en toute confiance !<\/p>","protected":false},"featured_media":14723,"comment_status":"open","ping_status":"closed","template":"","meta":[],"product_brand":[],"product_cat":[39],"product_tag":[],"class_list":{"0":"post-14728","1":"product","2":"type-product","3":"status-publish","4":"has-post-thumbnail","6":"product_cat-swimsuit","8":"first","9":"instock","10":"taxable","11":"shipping-taxable","12":"purchasable","13":"product-type-variable"},"_links":{"self":[{"href":"https:\/\/beacheden.com\/fr\/wp-json\/wp\/v2\/product\/14728","targetHints":{"allow":["GET"]}}],"collection":[{"href":"https:\/\/beacheden.com\/fr\/wp-json\/wp\/v2\/product"}],"about":[{"href":"https:\/\/beacheden.com\/fr\/wp-json\/wp\/v2\/types\/product"}],"replies":[{"embeddable":true,"href":"https:\/\/beacheden.com\/fr\/wp-json\/wp\/v2\/comments?post=14728"}],"wp:featuredmedia":[{"embeddable":true,"href":"https:\/\/beacheden.com\/fr\/wp-json\/wp\/v2\/media\/14723"}],"wp:attachment":[{"href":"https:\/\/beacheden.com\/fr\/wp-json\/wp\/v2\/media?parent=14728"}],"wp:term":[{"taxonomy":"product_brand","embeddable":true,"href":"https:\/\/beacheden.com\/fr\/wp-json\/wp\/v2\/product_brand?post=14728"},{"taxonomy":"product_cat","embeddable":true,"href":"https:\/\/beacheden.com\/fr\/wp-json\/wp\/v2\/product_cat?post=14728"},{"taxonomy":"product_tag","embeddable":true,"href":"https:\/\/beacheden.com\/fr\/wp-json\/wp\/v2\/product_tag?post=14728"}],"curies":[{"name":"wp","href":"https:\/\/api.w.org\/{rel}","templated":true}]}}