{"id":14705,"date":"2025-04-07T14:08:12","date_gmt":"2025-04-07T21:08:12","guid":{"rendered":"https:\/\/beacheden.com\/womens-plus-size-indian-style-swimsuit-bikini\/"},"modified":"2025-11-02T10:53:51","modified_gmt":"2025-11-02T18:53:51","slug":"maillot-de-bain-indien","status":"publish","type":"product","link":"https:\/\/beacheden.com\/fr\/maillot-de-bain-indien\/","title":{"rendered":"Maillot de bain Plus Size Indian Style Bikini pour femmes"},"content":{"rendered":"<p><b>Informations sur le produit\uff1a<\/b><\/p>\n<p>Style : maillot de bain une pi\u00e8ce<br \/>\nSexe applicable : f\u00e9minin<br \/>\nGroupe d'\u00e2ge concern\u00e9 : adulte<br \/>\nTra\u00een\u00e9e ou non avec de l'acier : avec coussinet thoracique sans support en acier<br \/>\nNom du tissu : polyester<br \/>\nComposition du tissu : Fibre de polyester (polyester)<br \/>\nSc\u00e8ne applicable : <a href=\"https:\/\/beacheden.com\/fr\/maillot-de-bain-trois-pieces-fendu-maillot-de-bain-imprime-dos-nu-maillot-de-bain-a-lacets\/?wmc-currency=EUR\" title=\"Maillot de bain trois pi\u00e8ces fendu Maillot de bain imprim\u00e9 dos nu lac\u00e9\" target=\"_blank\" rel=\"noopener\"  data-wpil-monitor-id=\"229\">la natation et le pataugeage<\/a><br \/>\nCouleur : couleur de l'image<\/p>\n<p><b>Informations sur la taille :\u00a0<\/b><\/p>\n<p>Taille:S,M,L,XL,XXL,XXXL,4XL,5XL<\/p>\n<p>Unit\u00e9\uff1aCM<\/p>\n<p><img decoding=\"async\" src=\"https:\/\/cf.cjdropshipping.com\/469d8727-b37e-48b9-a466-3af90acdfb82.png\" alt=\"\"><\/p>\n<p><span style=\"font-size: 1em;\"><br \/>\n<\/span><\/p>\n<p><b>Note\uff1a<\/b><br \/>\n1. Les tailles asiatiques sont 1 \u00e0 2 tailles plus petites que les tailles europ\u00e9ennes et am\u00e9ricaines. Choisissez la taille la plus grande si votre taille se situe entre deux tailles. Veuillez tenir compte d'une diff\u00e9rence de 2 \u00e0 3 cm due aux mesures manuelles.<\/p>\n<p>2. Si vous ne savez pas comment choisir votre taille, veuillez contacter notre service client\u00e8le.<\/p>\n<p>3. comme vous le savez, les ordinateurs affichent les couleurs diff\u00e9remment, la couleur de l'article r\u00e9el peut varier l\u00e9g\u00e8rement par rapport aux images suivantes.<\/p>\n<p><b><br \/>\n<\/b><\/p>\n<p><b>Liste de colisage\uff1a<\/b><\/p>\n<p>1*\u00a0 <span style=\"font-size: 1em;\">Maillot de bain<\/span><\/p>\n<p><img loading=\"lazy\" decoding=\"async\" class=\"alignnone\" src=\"https:\/\/cf.cjdropshipping.com\/1975d861-ec0b-499f-96f6-01350b09f961.jpg\" alt=\"Maillot de bain indien\" width=\"1111\" height=\"1111\" \/> <img decoding=\"async\" src=\"https:\/\/cf.cjdropshipping.com\/5e5c9b7c-0c6f-4ea7-b711-e81d4e574269.jpg\" alt=\"\"> <img decoding=\"async\" src=\"https:\/\/cf.cjdropshipping.com\/4600c54a-f8d4-45d3-9082-1620d808b7fd.jpg\" alt=\"\"> <img decoding=\"async\" src=\"https:\/\/cf.cjdropshipping.com\/ce9df9e9-2a77-4a27-9abd-72664b567a6f.jpg\" alt=\"\"> <img decoding=\"async\" src=\"https:\/\/cf.cjdropshipping.com\/601db51c-9848-45c1-b231-642843a0839a.jpg\" alt=\"\"> <span style=\"font-size: 1em;\"><br \/>\n<\/span><\/p>","protected":false},"excerpt":{"rendered":"<p>Indien <a href=\"https:\/\/beacheden.com\/fr\/maillot-de-bain-taille-haute\/?wmc-currency=EUR\" title=\"Maillot de bain taille haute\" target=\"_blank\" rel=\"noopener\"  data-wpil-monitor-id=\"214\">maillot de bain con\u00e7u pour l'\u00e9l\u00e9gance et le confort<\/a>, La collection d'objets d'art de l'Union europ\u00e9enne, qui fusionne des motifs culturels vibrants et des tendances contemporaines, est une v\u00e9ritable mine d'or. Parfait pour faire une <a href=\"https:\/\/beacheden.com\/fr\/bikini-creux\/?wmc-currency=EUR\" title=\"Bikini de plage creux Bikini fendu Maillot de bain fille\" target=\"_blank\" rel=\"noopener\"  data-wpil-monitor-id=\"210\">une affirmation audacieuse sur n'importe quelle plage<\/a> ou au bord de la piscine. Plongez dans le luxe !<\/p>","protected":false},"featured_media":14700,"comment_status":"open","ping_status":"closed","template":"","meta":[],"product_brand":[],"product_cat":[39],"product_tag":[],"class_list":{"0":"post-14705","1":"product","2":"type-product","3":"status-publish","4":"has-post-thumbnail","6":"product_cat-swimsuit","8":"first","9":"instock","10":"taxable","11":"shipping-taxable","12":"purchasable","13":"product-type-variable"},"_links":{"self":[{"href":"https:\/\/beacheden.com\/fr\/wp-json\/wp\/v2\/product\/14705","targetHints":{"allow":["GET"]}}],"collection":[{"href":"https:\/\/beacheden.com\/fr\/wp-json\/wp\/v2\/product"}],"about":[{"href":"https:\/\/beacheden.com\/fr\/wp-json\/wp\/v2\/types\/product"}],"replies":[{"embeddable":true,"href":"https:\/\/beacheden.com\/fr\/wp-json\/wp\/v2\/comments?post=14705"}],"wp:featuredmedia":[{"embeddable":true,"href":"https:\/\/beacheden.com\/fr\/wp-json\/wp\/v2\/media\/14700"}],"wp:attachment":[{"href":"https:\/\/beacheden.com\/fr\/wp-json\/wp\/v2\/media?parent=14705"}],"wp:term":[{"taxonomy":"product_brand","embeddable":true,"href":"https:\/\/beacheden.com\/fr\/wp-json\/wp\/v2\/product_brand?post=14705"},{"taxonomy":"product_cat","embeddable":true,"href":"https:\/\/beacheden.com\/fr\/wp-json\/wp\/v2\/product_cat?post=14705"},{"taxonomy":"product_tag","embeddable":true,"href":"https:\/\/beacheden.com\/fr\/wp-json\/wp\/v2\/product_tag?post=14705"}],"curies":[{"name":"wp","href":"https:\/\/api.w.org\/{rel}","templated":true}]}}