{"id":14679,"date":"2025-04-07T13:58:22","date_gmt":"2025-04-07T20:58:22","guid":{"rendered":"https:\/\/beacheden.com\/multi-striped-sexy-bikini\/"},"modified":"2025-08-03T19:35:00","modified_gmt":"2025-08-04T02:35:00","slug":"maillot-de-bain-raye","status":"publish","type":"product","link":"https:\/\/beacheden.com\/fr\/maillot-de-bain-raye\/","title":{"rendered":"Bikini sexy \u00e0 rayures multiples"},"content":{"rendered":"<p><img decoding=\"async\" src=\"https:\/\/cf.cjdropshipping.com\/20190610\/3473963116187.png\" alt=\"\"><\/p>\n<p>1. Les tailles asiatiques sont 1 \u00e0 2 tailles plus petites que les tailles europ\u00e9ennes et am\u00e9ricaines. Choisissez la taille la plus grande si votre taille se situe entre deux tailles. Veuillez tenir compte d'une diff\u00e9rence de 2 \u00e0 3 cm due aux mesures manuelles.<\/p>\n<p>2. Si vous ne savez pas comment choisir votre taille, veuillez contacter notre service client\u00e8le. 3. comme vous le savez, les ordinateurs affichent les couleurs diff\u00e9remment, la couleur de l'article r\u00e9el peut varier l\u00e9g\u00e8rement par rapport aux images suivantes.<\/p>","protected":false},"excerpt":{"rendered":"<p>Maillot de bain ray\u00e9 con\u00e7u pour mettre en valeur vos courbes et vous donner confiance en vous. Son motif chic et sa <a href=\"https:\/\/beacheden.com\/fr\/maillot-de-bain-tisse-a-la-main\/?wmc-currency=EUR\" title=\"Ensemble de maillot de bain fendu \u00e0 glands, tiss\u00e9 \u00e0 la main pour la plage Ventes directes \u00e0 l&#039;usine\" target=\"_blank\" rel=\"noopener\"  data-wpil-monitor-id=\"89\">ajustement confortable<\/a> vous permet de vous d\u00e9marquer \u00e0 la piscine ou \u00e0 la plage tout en b\u00e9n\u00e9ficiant d'un confort ultime.<\/p>","protected":false},"featured_media":14673,"comment_status":"open","ping_status":"closed","template":"","meta":[],"product_brand":[],"product_cat":[39],"product_tag":[],"class_list":{"0":"post-14679","1":"product","2":"type-product","3":"status-publish","4":"has-post-thumbnail","6":"product_cat-swimsuit","8":"first","9":"instock","10":"taxable","11":"shipping-taxable","12":"purchasable","13":"product-type-variable"},"_links":{"self":[{"href":"https:\/\/beacheden.com\/fr\/wp-json\/wp\/v2\/product\/14679","targetHints":{"allow":["GET"]}}],"collection":[{"href":"https:\/\/beacheden.com\/fr\/wp-json\/wp\/v2\/product"}],"about":[{"href":"https:\/\/beacheden.com\/fr\/wp-json\/wp\/v2\/types\/product"}],"replies":[{"embeddable":true,"href":"https:\/\/beacheden.com\/fr\/wp-json\/wp\/v2\/comments?post=14679"}],"wp:featuredmedia":[{"embeddable":true,"href":"https:\/\/beacheden.com\/fr\/wp-json\/wp\/v2\/media\/14673"}],"wp:attachment":[{"href":"https:\/\/beacheden.com\/fr\/wp-json\/wp\/v2\/media?parent=14679"}],"wp:term":[{"taxonomy":"product_brand","embeddable":true,"href":"https:\/\/beacheden.com\/fr\/wp-json\/wp\/v2\/product_brand?post=14679"},{"taxonomy":"product_cat","embeddable":true,"href":"https:\/\/beacheden.com\/fr\/wp-json\/wp\/v2\/product_cat?post=14679"},{"taxonomy":"product_tag","embeddable":true,"href":"https:\/\/beacheden.com\/fr\/wp-json\/wp\/v2\/product_tag?post=14679"}],"curies":[{"name":"wp","href":"https:\/\/api.w.org\/{rel}","templated":true}]}}