{"id":14637,"date":"2025-04-06T13:23:35","date_gmt":"2025-04-06T20:23:35","guid":{"rendered":"https:\/\/beacheden.com\/digital-printed-cross-strap-triangle-one-piece-swimsuit\/"},"modified":"2025-07-21T14:06:49","modified_gmt":"2025-07-21T21:06:49","slug":"maillot-de-bain-imprime-leopard","status":"publish","type":"product","link":"https:\/\/beacheden.com\/fr\/maillot-de-bain-imprime-leopard\/","title":{"rendered":"Maillot de bain une pi\u00e8ce triangle \u00e0 bretelles crois\u00e9es imprim\u00e9 en num\u00e9rique"},"content":{"rendered":"<p><b>Informations sur le produit :<\/b><\/p>\n<p>Style : Maillot de bain une pi\u00e8ce<br \/>\nSexe applicable : f\u00e9minin<br \/>\nMotif : floral, sexy, dos nu, durable, <a href=\"https:\/\/beacheden.com\/fr\/bikini-en-dentelle\/?wmc-currency=EUR\" title=\"Maillot de bain une pi\u00e8ce Maillot de bain europ\u00e9en et am\u00e9ricain Sexy Lace Hollow Bikini Swimsuit\" target=\"_blank\" rel=\"noopener\"  data-wpil-monitor-id=\"81\">Europ\u00e9en et am\u00e9ricain<\/a><br \/>\nNom du tissu : polyester<br \/>\nCouleur : vert, rouge<\/p>\n<p><b>Informations sur la taille :<\/b><\/p>\n<p>Taille : S, M, L, XL<\/p>\n<p><img decoding=\"async\" src=\"https:\/\/cf.cjdropshipping.com\/ed269150-f67a-4cfa-a020-ba155ad2c935.png\" alt=\"\"><\/p>\n<p>&nbsp;<\/p>\n<p><b>Remarque :<\/b><\/p>\n<p>1. Les tailles asiatiques sont 1 \u00e0 2 tailles plus petites que les tailles europ\u00e9ennes et am\u00e9ricaines. Choisissez la taille la plus grande si votre taille se situe entre deux tailles. Veuillez tenir compte d'une diff\u00e9rence de 2 \u00e0 3 cm due aux mesures manuelles.<\/p>\n<p>2. Si vous ne savez pas comment choisir votre taille, veuillez contacter notre service client\u00e8le.<\/p>\n<p>3. comme vous le savez, les ordinateurs affichent les couleurs diff\u00e9remment, la couleur de l'article r\u00e9el peut varier l\u00e9g\u00e8rement par rapport aux images suivantes.<br \/>\n<b><br \/>\n<\/b><\/p>\n<p><b>Liste d'emballage :<\/b><\/p>\n<p>Maillot de bain une pi\u00e8ce*1<\/p>\n<p><img decoding=\"async\" src=\"https:\/\/cf.cjdropshipping.com\/8c3aefee-515a-4b12-8b5b-d5636c3125d3.jpg\" alt=\"\"> <img loading=\"lazy\" decoding=\"async\" class=\"alignnone\" src=\"https:\/\/cf.cjdropshipping.com\/7f0622bf-bcc4-45c3-a5b6-051db90cdad6.jpg\" alt=\"maillot de bain imprim\u00e9 l\u00e9opard\" width=\"800\" height=\"799\" \/> <img decoding=\"async\" src=\"https:\/\/cf.cjdropshipping.com\/d0260b83-73d6-44b6-b25f-9552727284b9.jpg\" alt=\"\"> <img decoding=\"async\" src=\"https:\/\/cf.cjdropshipping.com\/f0690d36-c72d-48ef-8b0e-0f52c3028f0b.jpg\" alt=\"\"> <img decoding=\"async\" src=\"https:\/\/cf.cjdropshipping.com\/94d077b7-8344-463d-9ead-fc0d4f73781c.jpg\" alt=\"\"><\/p>\n<p><img decoding=\"async\" src=\"https:\/\/cf.cjdropshipping.com\/16401312\/1640138491248.jpg\" alt=\"\"><\/p>","protected":false},"excerpt":{"rendered":"<p>Le maillot de bain imprim\u00e9 l\u00e9opard allie style audacieux et confort, id\u00e9al pour les journ\u00e9es \u00e0 la plage. Son design accrocheur renforce la confiance en soi, tandis que la qualit\u00e9 du tissu garantit une tenue durable. Embrassez votre esprit sauvage d\u00e8s aujourd'hui !<\/p>","protected":false},"featured_media":14632,"comment_status":"open","ping_status":"closed","template":"","meta":[],"product_brand":[],"product_cat":[39],"product_tag":[],"class_list":{"0":"post-14637","1":"product","2":"type-product","3":"status-publish","4":"has-post-thumbnail","6":"product_cat-swimsuit","8":"first","9":"instock","10":"taxable","11":"shipping-taxable","12":"purchasable","13":"product-type-variable"},"_links":{"self":[{"href":"https:\/\/beacheden.com\/fr\/wp-json\/wp\/v2\/product\/14637","targetHints":{"allow":["GET"]}}],"collection":[{"href":"https:\/\/beacheden.com\/fr\/wp-json\/wp\/v2\/product"}],"about":[{"href":"https:\/\/beacheden.com\/fr\/wp-json\/wp\/v2\/types\/product"}],"replies":[{"embeddable":true,"href":"https:\/\/beacheden.com\/fr\/wp-json\/wp\/v2\/comments?post=14637"}],"wp:featuredmedia":[{"embeddable":true,"href":"https:\/\/beacheden.com\/fr\/wp-json\/wp\/v2\/media\/14632"}],"wp:attachment":[{"href":"https:\/\/beacheden.com\/fr\/wp-json\/wp\/v2\/media?parent=14637"}],"wp:term":[{"taxonomy":"product_brand","embeddable":true,"href":"https:\/\/beacheden.com\/fr\/wp-json\/wp\/v2\/product_brand?post=14637"},{"taxonomy":"product_cat","embeddable":true,"href":"https:\/\/beacheden.com\/fr\/wp-json\/wp\/v2\/product_cat?post=14637"},{"taxonomy":"product_tag","embeddable":true,"href":"https:\/\/beacheden.com\/fr\/wp-json\/wp\/v2\/product_tag?post=14637"}],"curies":[{"name":"wp","href":"https:\/\/api.w.org\/{rel}","templated":true}]}}