{"id":14584,"date":"2025-03-30T04:26:26","date_gmt":"2025-03-30T11:26:26","guid":{"rendered":"https:\/\/beacheden.com\/mesh-stitching-v-neck-hollow-one-piece-swimsuit\/"},"modified":"2025-07-21T14:44:07","modified_gmt":"2025-07-21T21:44:07","slug":"maillot-de-bain-une-piece-creux-a-encolure-en-v-avec-coutures-en-maille","status":"publish","type":"product","link":"https:\/\/beacheden.com\/fr\/maillot-de-bain-une-piece-creux-a-encolure-en-v-avec-coutures-en-maille\/","title":{"rendered":"Maillot de bain une pi\u00e8ce \u00e0 col en V creux et coutures en maille"},"content":{"rendered":"<p><b>Informations sur le produit :<\/b><br \/>\nStyle : Maillot de bain une pi\u00e8ce<br \/>\nSexe applicable : f\u00e9minin<br \/>\n\u00c2ge d'application : adulte<br \/>\nMotif : taille haute, floral, protection de l'environnement, sexy, moulant, dos nu, durable, frais, <a href=\"https:\/\/beacheden.com\/fr\/bikini-en-dentelle\/?wmc-currency=EUR\" title=\"Maillot de bain une pi\u00e8ce Maillot de bain europ\u00e9en et am\u00e9ricain Sexy Lace Hollow Bikini Swimsuit\" target=\"_blank\" rel=\"noopener\"  data-wpil-monitor-id=\"80\">Europ\u00e9en et am\u00e9ricain<\/a><br \/>\nAvec remorque en acier : avec coussin thoracique sans support en acier<br \/>\nMotif : Floral<br \/>\nNom du tissu : polyester<br \/>\nComposition du tissu : fibre de polyester (polyester)<br \/>\nContenu de la composition du tissu : 82 (%)<br \/>\nPoids en grammes : 210 (g)<br \/>\nNom de la doublure : fibres chimiques m\u00e9lang\u00e9es<br \/>\nTeneur en ingr\u00e9dients de la doublure : 100 (%)<br \/>\nDomaine d'application : natation et pataugeage<br \/>\nCouleur : fleur rouge sur fond bleu<\/p>\n<p><b>Liste d'emballage :<\/b><br \/>\nMaillot de bain \u00e0 manches longues*1<br \/>\n<img loading=\"lazy\" decoding=\"async\" class=\"alignnone\" src=\"https:\/\/cf.cjdropshipping.com\/995e7301-c437-4c50-b9ff-c570004f6803.jpg\" alt=\" Maillot de bain une pi\u00e8ce \u00e0 col en V creux et coutures en maille\" width=\"1000\" height=\"1000\" \/> <img decoding=\"async\" src=\"https:\/\/cf.cjdropshipping.com\/e4819124-0a80-4d70-b908-73592c34a4f2.jpg\" alt=\"\"> <img decoding=\"async\" src=\"https:\/\/cf.cjdropshipping.com\/b4c2ec91-a869-47bb-b280-1a25d7f82948.jpg\" alt=\"\"> <img decoding=\"async\" src=\"https:\/\/cf.cjdropshipping.com\/661cd3a8-0697-44ca-acbb-39071e21f12d.jpg\" alt=\"\"> <img decoding=\"async\" src=\"https:\/\/cf.cjdropshipping.com\/e119e6f9-b179-4020-b3ae-c9827e6440a4.jpg\" alt=\"\"><\/p>","protected":false},"excerpt":{"rendered":"<p>Maillot de bain une pi\u00e8ce \u00e0 encolure en V et \u00e0 coutures en maille - Un m\u00e9lange \u00e9tonnant de style et de confort ! Ce maillot de <a href=\"https:\/\/beacheden.com\/fr\/maillot-de-bain-a-mailles\/?wmc-currency=EUR\" title=\"Maillot de bain une pi\u00e8ce \u00e0 panneaux en maille pour femmes Bikini\" target=\"_blank\" rel=\"noopener\"  data-wpil-monitor-id=\"118\">maillot de bain avec panneaux en maille respirante<\/a> &amp; une coupe flatteuse \u00e0 col en V, parfaite pour faire tourner les t\u00eates. Id\u00e9al pour les escapades estivales !<\/p>","protected":false},"featured_media":14579,"comment_status":"open","ping_status":"closed","template":"","meta":[],"product_brand":[],"product_cat":[39],"product_tag":[],"class_list":{"0":"post-14584","1":"product","2":"type-product","3":"status-publish","4":"has-post-thumbnail","6":"product_cat-swimsuit","8":"first","9":"instock","10":"taxable","11":"shipping-taxable","12":"purchasable","13":"product-type-variable"},"_links":{"self":[{"href":"https:\/\/beacheden.com\/fr\/wp-json\/wp\/v2\/product\/14584","targetHints":{"allow":["GET"]}}],"collection":[{"href":"https:\/\/beacheden.com\/fr\/wp-json\/wp\/v2\/product"}],"about":[{"href":"https:\/\/beacheden.com\/fr\/wp-json\/wp\/v2\/types\/product"}],"replies":[{"embeddable":true,"href":"https:\/\/beacheden.com\/fr\/wp-json\/wp\/v2\/comments?post=14584"}],"wp:featuredmedia":[{"embeddable":true,"href":"https:\/\/beacheden.com\/fr\/wp-json\/wp\/v2\/media\/14579"}],"wp:attachment":[{"href":"https:\/\/beacheden.com\/fr\/wp-json\/wp\/v2\/media?parent=14584"}],"wp:term":[{"taxonomy":"product_brand","embeddable":true,"href":"https:\/\/beacheden.com\/fr\/wp-json\/wp\/v2\/product_brand?post=14584"},{"taxonomy":"product_cat","embeddable":true,"href":"https:\/\/beacheden.com\/fr\/wp-json\/wp\/v2\/product_cat?post=14584"},{"taxonomy":"product_tag","embeddable":true,"href":"https:\/\/beacheden.com\/fr\/wp-json\/wp\/v2\/product_tag?post=14584"}],"curies":[{"name":"wp","href":"https:\/\/api.w.org\/{rel}","templated":true}]}}