{"id":14554,"date":"2025-03-30T04:24:26","date_gmt":"2025-03-30T11:24:26","guid":{"rendered":"https:\/\/beacheden.com\/embroidered-halter-sexy-lingerie-siamese-bikini\/"},"modified":"2025-07-21T14:43:39","modified_gmt":"2025-07-21T21:43:39","slug":"bikini-brode-dos-nu-lingerie-sexy-bikini-siamois","status":"publish","type":"product","link":"https:\/\/beacheden.com\/fr\/bikini-brode-dos-nu-lingerie-sexy-bikini-siamois\/","title":{"rendered":"Brod\u00e9e Halter Sexy Lingerie Siamese Bikini"},"content":{"rendered":"<p><b>Informations sur le produit\uff1a<\/b><\/p>\n<p>Sexe applicable : f\u00e9minin<br \/>\nNom du tissu : polyester<br \/>\nComposition du tissu principal : fibre de polyester (polyester)<br \/>\nContenu de l'ingr\u00e9dient principal du tissu : 96 (%)<br \/>\nEst-elle transparente ? Non<br \/>\nPlage d'erreur : 0.1<br \/>\nCouleur : noir, blanc, rouge vin<\/p>\n<p><b style=\"font-size: 1em;\"><br \/>\n<\/b><\/p>\n<p><b style=\"font-size: 1em;\">Informations sur la taille :\u00a0<\/b><\/p>\n<p>Taille : S, M, L, XL <b><br \/>\n<\/b><\/p>\n<table border=\"0\" width=\"100%\" cellspacing=\"0\" cellpadding=\"0\">\n<tbody>\n<tr>\n<th>Taille<\/th>\n<th>Longueur<\/th>\n<th>Buste<\/th>\n<th>Taille<\/th>\n<th>Hanche<\/th>\n<\/tr>\n<tr>\n<td>S<\/td>\n<td>63<\/td>\n<td>77<\/td>\n<td>59<\/td>\n<td>84<\/td>\n<\/tr>\n<tr>\n<td>M<\/td>\n<td>64<\/td>\n<td>81<\/td>\n<td>61<\/td>\n<td>85<\/td>\n<\/tr>\n<tr>\n<td>L<\/td>\n<td>65<\/td>\n<td>85<\/td>\n<td>63<\/td>\n<td>86<\/td>\n<\/tr>\n<tr>\n<td>XL<\/td>\n<td>66<\/td>\n<td>89<\/td>\n<td>65<\/td>\n<td>87<\/td>\n<\/tr>\n<\/tbody>\n<\/table>\n<p>&nbsp;<\/p>\n<p><b>Liste de colisage\uff1a<\/b><\/p>\n<p><b>1*<\/b> <span style=\"font-size: 1em;\">Bikini<\/span><\/p>\n<p><img loading=\"lazy\" decoding=\"async\" class=\"alignnone\" src=\"https:\/\/cf.cjdropshipping.com\/4c0a5231-e8f0-4fca-86fc-f6d1ae277095.jpg\" alt=\"Brod\u00e9e Halter Sexy Lingerie Siamese Bikini \" width=\"750\" height=\"750\" \/> <img decoding=\"async\" src=\"https:\/\/cf.cjdropshipping.com\/bf901072-b8bc-4eea-b0b1-ff10f0585a42.jpg\" alt=\"\"> <span style=\"font-size: 1em;\"><br \/>\n<\/span><\/p>","protected":false},"excerpt":{"rendered":"<p>Brod\u00e9 <a href=\"https:\/\/beacheden.com\/fr\/bikini-brillant-pour-lete\/?wmc-currency=EUR\" title=\"Ensemble Bikini Sexy Halter Shiny Swimsuit\" target=\"_blank\" rel=\"noopener\"  data-wpil-monitor-id=\"125\">Halter Sexy Lingerie Siamese Bikini<\/a> - Une pi\u00e8ce audacieuse, fabriqu\u00e9e \u00e0 la main, con\u00e7ue pour accentuer vos courbes gr\u00e2ce \u00e0 des broderies complexes. Parfait pour les jours de plage ou les moments intimes, ce bikini d\u00e9gage confiance et allure. Affichez votre style !<\/p>","protected":false},"featured_media":14549,"comment_status":"open","ping_status":"closed","template":"","meta":[],"product_brand":[],"product_cat":[39],"product_tag":[],"class_list":{"0":"post-14554","1":"product","2":"type-product","3":"status-publish","4":"has-post-thumbnail","6":"product_cat-swimsuit","8":"first","9":"instock","10":"taxable","11":"shipping-taxable","12":"purchasable","13":"product-type-variable"},"_links":{"self":[{"href":"https:\/\/beacheden.com\/fr\/wp-json\/wp\/v2\/product\/14554","targetHints":{"allow":["GET"]}}],"collection":[{"href":"https:\/\/beacheden.com\/fr\/wp-json\/wp\/v2\/product"}],"about":[{"href":"https:\/\/beacheden.com\/fr\/wp-json\/wp\/v2\/types\/product"}],"replies":[{"embeddable":true,"href":"https:\/\/beacheden.com\/fr\/wp-json\/wp\/v2\/comments?post=14554"}],"wp:featuredmedia":[{"embeddable":true,"href":"https:\/\/beacheden.com\/fr\/wp-json\/wp\/v2\/media\/14549"}],"wp:attachment":[{"href":"https:\/\/beacheden.com\/fr\/wp-json\/wp\/v2\/media?parent=14554"}],"wp:term":[{"taxonomy":"product_brand","embeddable":true,"href":"https:\/\/beacheden.com\/fr\/wp-json\/wp\/v2\/product_brand?post=14554"},{"taxonomy":"product_cat","embeddable":true,"href":"https:\/\/beacheden.com\/fr\/wp-json\/wp\/v2\/product_cat?post=14554"},{"taxonomy":"product_tag","embeddable":true,"href":"https:\/\/beacheden.com\/fr\/wp-json\/wp\/v2\/product_tag?post=14554"}],"curies":[{"name":"wp","href":"https:\/\/api.w.org\/{rel}","templated":true}]}}