{"id":14439,"date":"2025-03-30T04:17:45","date_gmt":"2025-03-30T11:17:45","guid":{"rendered":"https:\/\/beacheden.com\/sexy-braided-bikini-swimsuit\/"},"modified":"2025-11-02T10:53:44","modified_gmt":"2025-11-02T18:53:44","slug":"bikini-fleuri","status":"publish","type":"product","link":"https:\/\/beacheden.com\/fr\/bikini-fleuri\/","title":{"rendered":"Maillot de bain tress\u00e9 sexy"},"content":{"rendered":"<p><b>Informations sur le produit :<\/b><br \/>\nNum\u00e9ro d'article : DY2023<br \/>\nCat\u00e9gorie d'approvisionnement : Spot<br \/>\nSexe applicable : f\u00e9minin<br \/>\n\u00c2ge d'application : adulte<br \/>\nStyle du motif : floral, sexy, dos nu, petit et frais, <a href=\"https:\/\/beacheden.com\/fr\/maillot-de-bain-sexy-a-imprime-digital-croise\/?wmc-currency=EUR\" title=\"Maillot de bain Bikini europ\u00e9en et am\u00e9ricain Bikini imprim\u00e9 num\u00e9rique Croix Sexy Slim Swimsuit\" target=\"_blank\" rel=\"noopener\"  data-wpil-monitor-id=\"213\">Europ\u00e9en et am\u00e9ricain<\/a><br \/>\nAvec remorque en acier : avec <a href=\"https:\/\/beacheden.com\/fr\/maillots-de-bain-deux-pieces-pour-femmes-2\/?wmc-currency=EUR\" title=\"Bikini creux de couleur unie haut de gamme blanc riche en cristaux et en diamants\" target=\"_blank\" rel=\"noopener\"  data-wpil-monitor-id=\"201\">coussin thoracique sans support en acier<\/a><br \/>\nNiveau de qualit\u00e9 : premi\u00e8re classe<br \/>\nNom du tissu : polyester<br \/>\nComposition du tissu : fibre de polyester (polyester)<br \/>\nComposition du tissu : 80 (%)<br \/>\nPoids en grammes : 0 (g)<br \/>\nSc\u00e8ne applicable : <a href=\"https:\/\/beacheden.com\/fr\/bikinis-dete\/?wmc-currency=EUR\" title=\"Maillot de bain Bikini Push Up pour femmes, couleur unie et fendue, en nylon avec anneaux en acier\" target=\"_blank\" rel=\"noopener\"  data-wpil-monitor-id=\"197\">la natation et le pataugeage<\/a> sports<br \/>\nCouleur : blanc, rose, jaune, noir, rouge vin, bleu<\/p>\n<p><b> Informations sur la taille :<br \/>\nTaille : <\/b> S, M, L<br \/>\n<img decoding=\"async\" src=\"https:\/\/cf.cjdropshipping.com\/1620988866649.jpg\" alt=\"\"><\/p>\n<p>1. Les tailles asiatiques sont 1 \u00e0 2 tailles plus petites que les tailles europ\u00e9ennes et am\u00e9ricaines. Choisissez la taille la plus grande si votre taille se situe entre deux tailles. Veuillez tenir compte d'une diff\u00e9rence de 2 \u00e0 3 cm due aux mesures manuelles.<\/p>\n<p>2. Si vous ne savez pas comment choisir votre taille, veuillez contacter notre service client\u00e8le.<\/p>\n<p>3. comme vous le savez, les ordinateurs affichent les couleurs diff\u00e9remment, la couleur de l'article r\u00e9el peut varier l\u00e9g\u00e8rement par rapport aux images suivantes.<\/p>\n<p><b>Liste d'emballage :<\/b><br \/>\nBikini x1<\/p>\n<p><img loading=\"lazy\" decoding=\"async\" class=\"alignnone\" src=\"https:\/\/cf.cjdropshipping.com\/1620988830907.jpg\" alt=\"Bikini \u00e0 fleurs\" width=\"1000\" height=\"1000\" \/> <img decoding=\"async\" src=\"https:\/\/cf.cjdropshipping.com\/1620988830904.jpg\" alt=\"\"> <img decoding=\"async\" src=\"https:\/\/cf.cjdropshipping.com\/1620988830909.jpg\" alt=\"\"> <img decoding=\"async\" src=\"https:\/\/cf.cjdropshipping.com\/1620988830902.jpg\" alt=\"\"> <img decoding=\"async\" src=\"https:\/\/cf.cjdropshipping.com\/1620988830904.jpg\" alt=\"\"> <img decoding=\"async\" src=\"https:\/\/cf.cjdropshipping.com\/1620988830905.jpg\" alt=\"\"><\/p>","protected":false},"excerpt":{"rendered":"<p>Bikini floral con\u00e7u pour faire tourner les t\u00eates avec ses motifs vibrants et sa coupe flatteuse. Parfait pour <a href=\"https:\/\/beacheden.com\/fr\/bikini-sexy-en-maille\/?wmc-currency=EUR\" title=\"Bikini sexy en maille\" target=\"_blank\" rel=\"noopener\"  data-wpil-monitor-id=\"72\">les journ\u00e9es \u00e0 la plage ou les f\u00eates au bord de la piscine<\/a>Il allie style et confort sans effort. Am\u00e9liorez votre jeu de maillots de bain d\u00e8s aujourd'hui !<\/p>","protected":false},"featured_media":14433,"comment_status":"open","ping_status":"closed","template":"","meta":[],"product_brand":[],"product_cat":[40],"product_tag":[],"class_list":{"0":"post-14439","1":"product","2":"type-product","3":"status-publish","4":"has-post-thumbnail","6":"product_cat-bikini","8":"first","9":"instock","10":"taxable","11":"shipping-taxable","12":"purchasable","13":"product-type-variable"},"_links":{"self":[{"href":"https:\/\/beacheden.com\/fr\/wp-json\/wp\/v2\/product\/14439","targetHints":{"allow":["GET"]}}],"collection":[{"href":"https:\/\/beacheden.com\/fr\/wp-json\/wp\/v2\/product"}],"about":[{"href":"https:\/\/beacheden.com\/fr\/wp-json\/wp\/v2\/types\/product"}],"replies":[{"embeddable":true,"href":"https:\/\/beacheden.com\/fr\/wp-json\/wp\/v2\/comments?post=14439"}],"wp:featuredmedia":[{"embeddable":true,"href":"https:\/\/beacheden.com\/fr\/wp-json\/wp\/v2\/media\/14433"}],"wp:attachment":[{"href":"https:\/\/beacheden.com\/fr\/wp-json\/wp\/v2\/media?parent=14439"}],"wp:term":[{"taxonomy":"product_brand","embeddable":true,"href":"https:\/\/beacheden.com\/fr\/wp-json\/wp\/v2\/product_brand?post=14439"},{"taxonomy":"product_cat","embeddable":true,"href":"https:\/\/beacheden.com\/fr\/wp-json\/wp\/v2\/product_cat?post=14439"},{"taxonomy":"product_tag","embeddable":true,"href":"https:\/\/beacheden.com\/fr\/wp-json\/wp\/v2\/product_tag?post=14439"}],"curies":[{"name":"wp","href":"https:\/\/api.w.org\/{rel}","templated":true}]}}