{"id":14408,"date":"2025-03-30T04:15:49","date_gmt":"2025-03-30T11:15:49","guid":{"rendered":"https:\/\/beacheden.com\/hollow-solid-color-high-end-white-rich-crystal-and-diamond-bikini\/"},"modified":"2025-05-22T04:04:50","modified_gmt":"2025-05-22T11:04:50","slug":"maillots-de-bain-deux-pieces-pour-femmes-2","status":"publish","type":"product","link":"https:\/\/beacheden.com\/fr\/maillots-de-bain-deux-pieces-pour-femmes-2\/","title":{"rendered":"Bikini creux de couleur unie haut de gamme blanc riche en cristaux et en diamants"},"content":{"rendered":"<p><b>Informations sur le produit :<\/b><br \/>\nCat\u00e9gorie d'approvisionnement : Spot<br \/>\nLieu d'origine : Guangzhou<br \/>\nStyle du motif : Couleur unie<br \/>\nAvec remorque en acier:Avec coussin thoracique sans support en acier<br \/>\nComposition du tissu : Fibre de polyester (polyester)<br \/>\nComposition du tissu : 50 (%)<br \/>\nNom de la doublure : Nylon<br \/>\nCouleur : blanc, noir, bleu, rouge<br \/>\nTaille : S, M, L<\/p>\n<p><b>Informations sur la taille :<\/b><\/p>\n<p><img decoding=\"async\" src=\"https:\/\/cf.cjdropshipping.com\/1620699191270.jpg\" alt=\"\"><\/p>\n<p><b>Remarque :<\/b><\/p>\n<p>1. Les tailles asiatiques sont 1 \u00e0 2 tailles plus petites que les tailles europ\u00e9ennes et am\u00e9ricaines. Choisissez la taille la plus grande si votre taille se situe entre deux tailles. Veuillez tenir compte d'une diff\u00e9rence de 2 \u00e0 3 cm due aux mesures manuelles.<\/p>\n<p>2. Si vous ne savez pas comment choisir votre taille, veuillez contacter notre service client\u00e8le.<\/p>\n<p>3. comme vous le savez, les ordinateurs affichent les couleurs diff\u00e9remment, la couleur de l'article r\u00e9el peut varier l\u00e9g\u00e8rement par rapport aux images suivantes.<\/p>\n<p><b>Liste d'emballage :<\/b><br \/>\nBikini*1<\/p>\n<p><img decoding=\"async\" src=\"https:\/\/cf.cjdropshipping.com\/1620699213983.jpg\" alt=\"\"> <img decoding=\"async\" src=\"https:\/\/cf.cjdropshipping.com\/1620699213962.jpg\" alt=\"\"> <img decoding=\"async\" src=\"https:\/\/cf.cjdropshipping.com\/1620699214286.jpg\" alt=\"\"> <img decoding=\"async\" src=\"https:\/\/cf.cjdropshipping.com\/1620699213975.jpg\" alt=\"\"> <img loading=\"lazy\" decoding=\"async\" class=\"alignnone\" src=\"https:\/\/cf.cjdropshipping.com\/1620699213989.jpg\" alt=\"Maillots de bain deux pi\u00e8ces pour femmes\" width=\"1000\" height=\"1000\" \/> <img decoding=\"async\" src=\"https:\/\/cf.cjdropshipping.com\/1620699213984.jpg\" alt=\"\"> <img decoding=\"async\" src=\"https:\/\/cf.cjdropshipping.com\/1620699213981.jpg\" alt=\"\"> <img decoding=\"async\" src=\"https:\/\/cf.cjdropshipping.com\/1620699214285.jpg\" alt=\"\"> <img decoding=\"async\" src=\"https:\/\/cf.cjdropshipping.com\/1620699214290.jpg\" alt=\"\"> <img decoding=\"async\" src=\"https:\/\/cf.cjdropshipping.com\/1620699214291.jpg\" alt=\"\"><\/p>","protected":false},"excerpt":{"rendered":"<p>Maillots de bain deux pi\u00e8ces pour femmes, con\u00e7us pour le style et le confort. Des motifs \u00e9clatants et des tissus de haute qualit\u00e9 vous donneront une allure fabuleuse. Acheter en ligne !<\/p>","protected":false},"featured_media":14398,"comment_status":"open","ping_status":"closed","template":"","meta":[],"product_brand":[],"product_cat":[40],"product_tag":[],"class_list":{"0":"post-14408","1":"product","2":"type-product","3":"status-publish","4":"has-post-thumbnail","6":"product_cat-bikini","8":"first","9":"instock","10":"taxable","11":"shipping-taxable","12":"purchasable","13":"product-type-variable"},"_links":{"self":[{"href":"https:\/\/beacheden.com\/fr\/wp-json\/wp\/v2\/product\/14408","targetHints":{"allow":["GET"]}}],"collection":[{"href":"https:\/\/beacheden.com\/fr\/wp-json\/wp\/v2\/product"}],"about":[{"href":"https:\/\/beacheden.com\/fr\/wp-json\/wp\/v2\/types\/product"}],"replies":[{"embeddable":true,"href":"https:\/\/beacheden.com\/fr\/wp-json\/wp\/v2\/comments?post=14408"}],"wp:featuredmedia":[{"embeddable":true,"href":"https:\/\/beacheden.com\/fr\/wp-json\/wp\/v2\/media\/14398"}],"wp:attachment":[{"href":"https:\/\/beacheden.com\/fr\/wp-json\/wp\/v2\/media?parent=14408"}],"wp:term":[{"taxonomy":"product_brand","embeddable":true,"href":"https:\/\/beacheden.com\/fr\/wp-json\/wp\/v2\/product_brand?post=14408"},{"taxonomy":"product_cat","embeddable":true,"href":"https:\/\/beacheden.com\/fr\/wp-json\/wp\/v2\/product_cat?post=14408"},{"taxonomy":"product_tag","embeddable":true,"href":"https:\/\/beacheden.com\/fr\/wp-json\/wp\/v2\/product_tag?post=14408"}],"curies":[{"name":"wp","href":"https:\/\/api.w.org\/{rel}","templated":true}]}}