{"id":14365,"date":"2025-03-30T04:11:11","date_gmt":"2025-03-30T11:11:11","guid":{"rendered":"https:\/\/beacheden.com\/bikini-swimsuit-female-european-and-american-sexy-style-butterfly-swimsuit\/"},"modified":"2025-11-01T13:49:23","modified_gmt":"2025-11-01T20:49:23","slug":"bikini-papillon","status":"publish","type":"product","link":"https:\/\/beacheden.com\/fr\/bikini-papillon\/","title":{"rendered":"Maillot de bain Bikini Femme Style Europ\u00e9en et Am\u00e9ricain Sexy Maillot de bain Papillon"},"content":{"rendered":"<p><b>Informations sur le produit :<\/b><br \/>\nCouleur : violet, rouge ros\u00e9, bleu royal, noir<br \/>\nTaille : S, M, L, XL<br \/>\nComposition de la doublure : Spandex<br \/>\nTeneur en composants de la doublure : 18<br \/>\nStyle : slip<br \/>\nStyle de motif : couleur unie, s\u00e9chage rapide, respectueux de l'environnement, sexy, moulant, sans dos, grande \u00e9lasticit\u00e9, durable, <a href=\"https:\/\/beacheden.com\/fr\/bikini-en-dentelle\/?wmc-currency=EUR\" title=\"Maillot de bain une pi\u00e8ce Maillot de bain europ\u00e9en et am\u00e9ricain Sexy Lace Hollow Bikini Swimsuit\" target=\"_blank\" rel=\"noopener\"  data-wpil-monitor-id=\"82\">Europ\u00e9en et am\u00e9ricain<\/a><br \/>\nDoublure : Polyester<br \/>\nNom du tissu : polyester<br \/>\nSc\u00e9narios applicables : <a href=\"https:\/\/beacheden.com\/fr\/maillot-de-bain-une-piece-creux-a-encolure-en-v-avec-coutures-en-maille\/?wmc-currency=EUR\" title=\"Maillot de bain une pi\u00e8ce \u00e0 col en V creux et coutures en maille\" target=\"_blank\" rel=\"noopener\"  data-wpil-monitor-id=\"190\">la natation et le pataugeage<\/a><br \/>\nSexe applicable : F\u00e9minin<br \/>\n\u00c2ge applicable : Adulte<br \/>\nComposition du tissu : Fibre de polyester (polyester)<br \/>\nLongueur des manches : sans manches<\/p>\n<p><b>Liste d'emballage : <\/b><\/p>\n<p>Maillot de bain bikini*1<\/p>\n<p><b>Image du produit :<\/b><\/p>\n<p><img loading=\"lazy\" decoding=\"async\" class=\"alignnone\" src=\"https:\/\/cf.cjdropshipping.com\/16983648\/1717799877339123712.jpg\" alt=\"Bikini papillon\" width=\"1200\" height=\"1200\" \/><br \/>\n<img decoding=\"async\" src=\"https:\/\/cf.cjdropshipping.com\/16983648\/1717799877599170560.jpg\" alt=\"\"><br \/>\n<img decoding=\"async\" src=\"https:\/\/cf.cjdropshipping.com\/16983648\/1717799877800497152.jpg\" alt=\"\"><br \/>\n<img decoding=\"async\" src=\"https:\/\/cf.cjdropshipping.com\/16983648\/1717799878026989568.jpg\" alt=\"\"><br \/>\n<img decoding=\"async\" src=\"https:\/\/cf.cjdropshipping.com\/16983648\/1717799878253481984.jpg\" alt=\"\"><br \/>\n<img decoding=\"async\" src=\"https:\/\/cf.cjdropshipping.com\/16983648\/1717799878576443392.jpg\" alt=\"\"><br \/>\n<img decoding=\"async\" src=\"https:\/\/cf.cjdropshipping.com\/16983648\/1717799878802935808.jpg\" alt=\"\"><br \/>\n<img decoding=\"async\" src=\"https:\/\/cf.cjdropshipping.com\/16983648\/1717799879042011136.jpg\" alt=\"\"><br \/>\n<img decoding=\"async\" src=\"https:\/\/cf.cjdropshipping.com\/16983648\/1717799879331418112.jpg\" alt=\"\"><br \/>\n<img decoding=\"async\" src=\"https:\/\/cf.cjdropshipping.com\/16983648\/1717799879532744704.jpg\" alt=\"\"><br \/>\n<img decoding=\"async\" src=\"https:\/\/cf.cjdropshipping.com\/16983648\/1717799880015089664.jpg\" alt=\"\"><br \/>\n<img decoding=\"async\" src=\"https:\/\/cf.cjdropshipping.com\/16983648\/1717799880262553600.jpg\" alt=\"\"><br \/>\n<img decoding=\"async\" src=\"https:\/\/cf.cjdropshipping.com\/16983648\/1717799880522600448.jpg\" alt=\"\"><br \/>\n<img decoding=\"async\" src=\"https:\/\/cf.cjdropshipping.com\/16983648\/1717799880740704256.jpg\" alt=\"\"><br \/>\n<img decoding=\"async\" src=\"https:\/\/cf.cjdropshipping.com\/16983648\/1717799880988168192.jpg\" alt=\"\"><br \/>\n<img decoding=\"async\" src=\"https:\/\/cf.cjdropshipping.com\/16983648\/1717799881189494784.jpg\" alt=\"\"><br \/>\n<img decoding=\"async\" src=\"https:\/\/cf.cjdropshipping.com\/16983648\/1717799881399209984.jpg\" alt=\"\"><br \/>\n<img decoding=\"async\" src=\"https:\/\/cf.cjdropshipping.com\/16983648\/1717799881701199872.jpg\" alt=\"\"><br \/>\n<img decoding=\"async\" src=\"https:\/\/cf.cjdropshipping.com\/16983648\/1717799881944469504.jpg\" alt=\"\"><br \/>\n<img decoding=\"async\" src=\"https:\/\/cf.cjdropshipping.com\/16983648\/1717799882204516352.jpg\" alt=\"\"><br \/>\n<img decoding=\"async\" src=\"https:\/\/cf.cjdropshipping.com\/16983648\/1717799882368094208.jpg\" alt=\"\"><br \/>\n<img decoding=\"async\" src=\"https:\/\/cf.cjdropshipping.com\/16983648\/1717799882594586624.jpg\" alt=\"\"><br \/>\n<img decoding=\"async\" src=\"https:\/\/cf.cjdropshipping.com\/16983648\/1717799882846244864.jpg\" alt=\"\"><br \/>\n<img decoding=\"async\" src=\"https:\/\/cf.cjdropshipping.com\/16983648\/1717799883097903104.jpg\" alt=\"\"><\/p>","protected":false},"excerpt":{"rendered":"<p>Le bikini Butterfly est con\u00e7u pour des journ\u00e9es de plage pleines d'assurance. Avec son design unique et ses couleurs vives, il allie style et confort sans effort. Parfait pour faire des vagues cette saison !<\/p>","protected":false},"featured_media":14355,"comment_status":"open","ping_status":"closed","template":"","meta":[],"product_brand":[],"product_cat":[40],"product_tag":[],"class_list":{"0":"post-14365","1":"product","2":"type-product","3":"status-publish","4":"has-post-thumbnail","6":"product_cat-bikini","8":"first","9":"instock","10":"taxable","11":"shipping-taxable","12":"purchasable","13":"product-type-variable"},"_links":{"self":[{"href":"https:\/\/beacheden.com\/fr\/wp-json\/wp\/v2\/product\/14365","targetHints":{"allow":["GET"]}}],"collection":[{"href":"https:\/\/beacheden.com\/fr\/wp-json\/wp\/v2\/product"}],"about":[{"href":"https:\/\/beacheden.com\/fr\/wp-json\/wp\/v2\/types\/product"}],"replies":[{"embeddable":true,"href":"https:\/\/beacheden.com\/fr\/wp-json\/wp\/v2\/comments?post=14365"}],"wp:featuredmedia":[{"embeddable":true,"href":"https:\/\/beacheden.com\/fr\/wp-json\/wp\/v2\/media\/14355"}],"wp:attachment":[{"href":"https:\/\/beacheden.com\/fr\/wp-json\/wp\/v2\/media?parent=14365"}],"wp:term":[{"taxonomy":"product_brand","embeddable":true,"href":"https:\/\/beacheden.com\/fr\/wp-json\/wp\/v2\/product_brand?post=14365"},{"taxonomy":"product_cat","embeddable":true,"href":"https:\/\/beacheden.com\/fr\/wp-json\/wp\/v2\/product_cat?post=14365"},{"taxonomy":"product_tag","embeddable":true,"href":"https:\/\/beacheden.com\/fr\/wp-json\/wp\/v2\/product_tag?post=14365"}],"curies":[{"name":"wp","href":"https:\/\/api.w.org\/{rel}","templated":true}]}}