{"id":14348,"date":"2025-03-30T04:09:12","date_gmt":"2025-03-30T11:09:12","guid":{"rendered":"https:\/\/beacheden.com\/aliexpress-hot-selling-new-arrival-summer-bikini-womens-clothing-sexy-halter-sheer-mesh-beach-swimsuit-foreign-trade\/"},"modified":"2025-11-01T13:29:23","modified_gmt":"2025-11-01T20:29:23","slug":"bikini-noir","status":"publish","type":"product","link":"https:\/\/beacheden.com\/fr\/bikini-noir\/","title":{"rendered":"Bikini d'\u00e9t\u00e9 pour femmes Sexy Halter Sheer Mesh Beach Swimsuit Commerce ext\u00e9rieur"},"content":{"rendered":"<p><b>Informations sur le produit :<\/b><br \/>\nCouleur : Noir<br \/>\nTaille : S, M, L<br \/>\nClassification des couleurs : Noir<br \/>\nStyle : slip, bikini, boxer, bikini triangle, bikini jupe, maillot de bain fendu, <a href=\"https:\/\/beacheden.com\/fr\/bikini-etincelant-avec-triangle\/?wmc-currency=EUR\" title=\"Maillot de bain bikini fendu de couleur unie noir\" target=\"_blank\" rel=\"noopener\"  data-wpil-monitor-id=\"133\">maillot de bain d\u00e9contract\u00e9 pour le surf<\/a><br \/>\nStyle de motif : couleur unie, autres<br \/>\nNom du tissu : polyester<br \/>\nSc\u00e9narios applicables : Autres<br \/>\nSexe applicable : Autre<br \/>\nComposition du tissu : Fibre de polyester (polyester)<br \/>\nLongueur des manches : Autre<\/p>\n<p><b>Taille :<\/b><\/p>\n<p><img decoding=\"async\" src=\"https:\/\/cf.cjdropshipping.com\/4c103073-a16f-4e11-af96-6a13ec8c3bef.jpg?x-oss-process=image\/quality,q_100\" alt=\"\"><\/p>\n<p><b>Remarque :<\/b><\/p>\n<p>1. Les tailles asiatiques sont 1 \u00e0 2 tailles plus petites que les tailles <a href=\"https:\/\/beacheden.com\/fr\/nouveau-bikini-de-couleur-unie\/?wmc-currency=EUR\" title=\"European And American New Solid Color Bikini\" target=\"_blank\" rel=\"noopener\"  data-wpil-monitor-id=\"59\">Europ\u00e9en et am\u00e9ricain<\/a> personnes. Choisissez la taille la plus grande si votre taille se situe entre deux tailles. Veuillez tenir compte d'une diff\u00e9rence de 2 \u00e0 3 cm due aux mesures manuelles. 2. Si vous ne savez pas comment choisir votre taille, veuillez contacter notre service client\u00e8le. 3) Comme vous le savez, les ordinateurs affichent les couleurs diff\u00e9remment, la couleur de l'article r\u00e9el peut varier l\u00e9g\u00e8rement par rapport aux images suivantes.<\/p>\n<p><b>Liste d'emballage : <\/b><\/p>\n<p>Maillot de bain de plage \u00e0 encolure pendante*1<\/p>\n<p><b>Image du produit :<\/b><\/p>\n<p><img loading=\"lazy\" decoding=\"async\" class=\"alignnone\" src=\"https:\/\/cc-west-usa.oss-us-west-1.aliyuncs.com\/quick\/product\/55248603-5552-49d7-982f-2c065ee9b010.jpg\" alt=\"Bikini noir\" width=\"800\" height=\"800\" \/><br \/>\n<img decoding=\"async\" src=\"https:\/\/cc-west-usa.oss-us-west-1.aliyuncs.com\/quick\/product\/af94418f-3f5f-4e7a-b516-57e68b3d582d.jpg\" alt=\"\"><\/p>","protected":false},"excerpt":{"rendered":"<p>Bikini noir con\u00e7u pour la confiance et le confort. Rehaussez votre look de plage avec des mod\u00e8les \u00e9l\u00e9gants et durables qui \u00e9pousent parfaitement vos courbes.<\/p>","protected":false},"featured_media":14343,"comment_status":"open","ping_status":"closed","template":"","meta":[],"product_brand":[],"product_cat":[40],"product_tag":[],"class_list":{"0":"post-14348","1":"product","2":"type-product","3":"status-publish","4":"has-post-thumbnail","6":"product_cat-bikini","8":"first","9":"instock","10":"taxable","11":"shipping-taxable","12":"purchasable","13":"product-type-variable"},"_links":{"self":[{"href":"https:\/\/beacheden.com\/fr\/wp-json\/wp\/v2\/product\/14348","targetHints":{"allow":["GET"]}}],"collection":[{"href":"https:\/\/beacheden.com\/fr\/wp-json\/wp\/v2\/product"}],"about":[{"href":"https:\/\/beacheden.com\/fr\/wp-json\/wp\/v2\/types\/product"}],"replies":[{"embeddable":true,"href":"https:\/\/beacheden.com\/fr\/wp-json\/wp\/v2\/comments?post=14348"}],"wp:featuredmedia":[{"embeddable":true,"href":"https:\/\/beacheden.com\/fr\/wp-json\/wp\/v2\/media\/14343"}],"wp:attachment":[{"href":"https:\/\/beacheden.com\/fr\/wp-json\/wp\/v2\/media?parent=14348"}],"wp:term":[{"taxonomy":"product_brand","embeddable":true,"href":"https:\/\/beacheden.com\/fr\/wp-json\/wp\/v2\/product_brand?post=14348"},{"taxonomy":"product_cat","embeddable":true,"href":"https:\/\/beacheden.com\/fr\/wp-json\/wp\/v2\/product_cat?post=14348"},{"taxonomy":"product_tag","embeddable":true,"href":"https:\/\/beacheden.com\/fr\/wp-json\/wp\/v2\/product_tag?post=14348"}],"curies":[{"name":"wp","href":"https:\/\/api.w.org\/{rel}","templated":true}]}}