{"id":14246,"date":"2025-03-30T03:59:58","date_gmt":"2025-03-30T10:59:58","guid":{"rendered":"https:\/\/beacheden.com\/one-piece-fashion-vintage-abstract-print-lady-swimsuit-women-sleeveless-round-neck-bikini-swimwear-summer-push-up-swimsuit\/"},"modified":"2025-11-01T13:49:22","modified_gmt":"2025-11-01T20:49:22","slug":"maillot-de-bain-une-piece-style-vintage","status":"publish","type":"product","link":"https:\/\/beacheden.com\/fr\/maillot-de-bain-une-piece-style-vintage\/","title":{"rendered":"Maillot de bain une pi\u00e8ce \u00e0 la mode, imprim\u00e9 abstrait, femme sans manches, col rond, bikini, maillot de bain push up pour l'\u00e9t\u00e9"},"content":{"rendered":"<p><b>Vue d'ensemble<\/b><br \/>\nMeilleur cadeau de vacances pour maman, \u00e9pouse, petite amie, ou les femmes que vous aimez. Parfait pour les vacances tropicales, l'\u00e9t\u00e9, la plage et la piscine, la lune de miel, la croisi\u00e8re.<br \/>\nRemarque :<br \/>\n1. Les tailles asiatiques sont 1 \u00e0 2 tailles plus petites que les tailles europ\u00e9ennes et am\u00e9ricaines. Choisissez la taille la plus grande si vous \u00eates entre deux tailles. Veuillez tenir compte d'une diff\u00e9rence de 2 \u00e0 3 cm due aux mesures manuelles.<br \/>\n2. Si vous ne savez pas comment choisir votre taille, veuillez contacter notre service client\u00e8le.<br \/>\n3. comme vous le savez, les ordinateurs affichent les couleurs diff\u00e9remment, la couleur de l'article r\u00e9el peut varier l\u00e9g\u00e8rement par rapport aux images suivantes.<\/p>\n<p><b>Sp\u00e9cifications<\/b><br \/>\nStyle du mod\u00e8le : taille haute, protection de l'environnement, sexy, moulant, dos nu, durable, europ\u00e9en et am\u00e9ricain.<br \/>\nAvec remorque en acier : avec coussin thoracique sans support en acier<br \/>\nNom du tissu : polyester<br \/>\nComposition du tissu : fibre de polyester (polyester)<br \/>\nContenu de la composition du tissu : 82 (%)<br \/>\nNom de la doublure : fibres chimiques m\u00e9lang\u00e9es<br \/>\nComposition de la doublure : Spandex<br \/>\nTeneur en ingr\u00e9dients de la doublure : 100 (%)<br \/>\nSc\u00e8ne applicable : <a href=\"https:\/\/beacheden.com\/fr\/maillot-de-bain-une-piece-creux-a-encolure-en-v-avec-coutures-en-maille\/?wmc-currency=EUR\" title=\"Maillot de bain une pi\u00e8ce \u00e0 col en V creux et coutures en maille\" target=\"_blank\" rel=\"noopener\"  data-wpil-monitor-id=\"188\">la natation et le pataugeage<\/a> sports<br \/>\nCouleur : 1 yeux bleus, 2 demi-visage vert, 3 orange + rose noir, 4 l\u00e8vres blanches minimalistes avec lignes noires, 5 lignes minimales noires et blanches visage positif et n\u00e9gatif, 6 lignes minimales noires et blanches multi-visage, 7 empreintes f\u00e9minines noires, 8 empreintes digitales bleues, 9 empreintes f\u00e9minines vertes, 10 empreintes digitales rouges, 11 rose + vert, 12 orange vert rose jaune<br \/>\n<b><br \/>\nContenu de l'emballage <\/b><br \/>\nMaillot de bain*1<\/p>\n<p><b>Informations sur la taille :<\/b><\/p>\n<p><img decoding=\"async\" src=\"https:\/\/cf.cjdropshipping.com\/1619402622313.png\" alt=\"\"><\/p>\n<p>&nbsp;<\/p>\n<p><img loading=\"lazy\" decoding=\"async\" class=\"alignnone\" src=\"https:\/\/cf.cjdropshipping.com\/1619402881901.jpg\" alt=\"Maillot de bain une pi\u00e8ce style vintage\" width=\"1920\" height=\"1920\" \/><\/p>\n<p><img decoding=\"async\" src=\"https:\/\/cf.cjdropshipping.com\/1619402888161.jpg\" alt=\"\"><\/p>\n<p><img decoding=\"async\" src=\"https:\/\/cf.cjdropshipping.com\/1619402892947.jpg\" alt=\"\"><\/p>\n<p><img decoding=\"async\" src=\"https:\/\/cf.cjdropshipping.com\/1619402896663.jpg\" alt=\"\"><\/p>\n<p><img decoding=\"async\" src=\"https:\/\/cf.cjdropshipping.com\/1619402901236.jpg\" alt=\"\"><\/p>","protected":false},"excerpt":{"rendered":"<p><em>Maillot de bain une pi\u00e8ce de style vintage - un m\u00e9lange intemporel de charme r\u00e9tro et de confort moderne. Con\u00e7us pour flatter, ces maillots de bain chics apportent de l'\u00e9l\u00e9gance \u00e0 toutes les escapades au bord de la mer. Achetez d\u00e8s maintenant pour une sophistication classique !<\/em><\/p>","protected":false},"featured_media":14236,"comment_status":"open","ping_status":"closed","template":"","meta":[],"product_brand":[],"product_cat":[39],"product_tag":[],"class_list":{"0":"post-14246","1":"product","2":"type-product","3":"status-publish","4":"has-post-thumbnail","6":"product_cat-swimsuit","8":"first","9":"instock","10":"taxable","11":"shipping-taxable","12":"purchasable","13":"product-type-variable"},"_links":{"self":[{"href":"https:\/\/beacheden.com\/fr\/wp-json\/wp\/v2\/product\/14246","targetHints":{"allow":["GET"]}}],"collection":[{"href":"https:\/\/beacheden.com\/fr\/wp-json\/wp\/v2\/product"}],"about":[{"href":"https:\/\/beacheden.com\/fr\/wp-json\/wp\/v2\/types\/product"}],"replies":[{"embeddable":true,"href":"https:\/\/beacheden.com\/fr\/wp-json\/wp\/v2\/comments?post=14246"}],"wp:featuredmedia":[{"embeddable":true,"href":"https:\/\/beacheden.com\/fr\/wp-json\/wp\/v2\/media\/14236"}],"wp:attachment":[{"href":"https:\/\/beacheden.com\/fr\/wp-json\/wp\/v2\/media?parent=14246"}],"wp:term":[{"taxonomy":"product_brand","embeddable":true,"href":"https:\/\/beacheden.com\/fr\/wp-json\/wp\/v2\/product_brand?post=14246"},{"taxonomy":"product_cat","embeddable":true,"href":"https:\/\/beacheden.com\/fr\/wp-json\/wp\/v2\/product_cat?post=14246"},{"taxonomy":"product_tag","embeddable":true,"href":"https:\/\/beacheden.com\/fr\/wp-json\/wp\/v2\/product_tag?post=14246"}],"curies":[{"name":"wp","href":"https:\/\/api.w.org\/{rel}","templated":true}]}}