{"id":14187,"date":"2025-03-30T03:46:55","date_gmt":"2025-03-30T10:46:55","guid":{"rendered":"https:\/\/beacheden.com\/deep-v-bikini-european-and-american-conjoined-polyester-swimsuit\/"},"modified":"2025-11-01T14:09:20","modified_gmt":"2025-11-01T21:09:20","slug":"maillots-de-bain-pour-femmes","status":"publish","type":"product","link":"https:\/\/beacheden.com\/fr\/maillots-de-bain-pour-femmes\/","title":{"rendered":"Bikini V profond Maillot de bain en polyester Conjointes europ\u00e9ennes et am\u00e9ricaines"},"content":{"rendered":"<p><b> Informations sur le produit :<br \/>\n<\/b><\/p>\n<p>Style : maillot de bain une pi\u00e8ce<br \/>\nSexe applicable : f\u00e9minin<br \/>\n\u00c2ge : adulte<br \/>\nStyle de motif : couleur unie<br \/>\nAvec ou sans tra\u00een\u00e9e en acier : avec <a href=\"https:\/\/beacheden.com\/fr\/maillots-de-bain-deux-pieces-pour-femmes-2\/?wmc-currency=EUR\" title=\"Bikini creux de couleur unie haut de gamme blanc riche en cristaux et en diamants\" target=\"_blank\" rel=\"noopener\"  data-wpil-monitor-id=\"202\">coussin thoracique sans support en acier<\/a><br \/>\nDesign : couleur unie<br \/>\nNom du tissu : nylon<\/p>\n<p><b><br \/>\nInformations sur la taille :<br \/>\n<\/b><\/p>\n<table>\n<colgroup>\n<col \/>\n<col \/>\n<col \/>\n<col \/> <\/colgroup>\n<tbody>\n<tr>\n<td>Unit\u00e9\uff1acm<\/td>\n<td>Taille<\/td>\n<td>Taille<\/td>\n<td>Buste<\/td>\n<\/tr>\n<tr>\n<td><\/td>\n<td>S<\/td>\n<td>68-70<\/td>\n<td>70-80<\/td>\n<\/tr>\n<tr>\n<td><\/td>\n<td>M<\/td>\n<td>70-72<\/td>\n<td>80-82<\/td>\n<\/tr>\n<tr>\n<td><\/td>\n<td>L<\/td>\n<td>72-74<\/td>\n<td>82-84<\/td>\n<\/tr>\n<tr>\n<td><\/td>\n<td>XL<\/td>\n<td>74-76<\/td>\n<td>84-86<\/td>\n<\/tr>\n<tr>\n<td><\/td>\n<td>2XL<\/td>\n<td>76-78<\/td>\n<td>86-88<\/td>\n<\/tr>\n<\/tbody>\n<\/table>\n<p><b>Note\uff1a<\/b><br \/>\n1. Les tailles asiatiques sont 1 \u00e0 2 tailles plus petites que les tailles asiatiques. <a href=\"https:\/\/beacheden.com\/fr\/nouveau-bikini-de-couleur-unie\/?wmc-currency=EUR\" title=\"European And American New Solid Color Bikini\" target=\"_blank\" rel=\"noopener\"  data-wpil-monitor-id=\"60\">Europ\u00e9en et am\u00e9ricain<\/a> Les gens. Choisissez la taille la plus grande si votre taille se situe entre deux tailles. Veuillez tenir compte d'une diff\u00e9rence de 2 \u00e0 3 cm due aux mesures manuelles.<\/p>\n<p>2. Veuillez consulter attentivement le tableau des tailles avant d'acheter l'article. Si vous ne savez pas comment choisir votre taille, veuillez contacter notre service client\u00e8le.<\/p>\n<p>3. comme vous le savez, les ordinateurs affichent les couleurs diff\u00e9remment, la couleur de l'article r\u00e9el peut varier l\u00e9g\u00e8rement :<\/p>\n<p><b>Liste de colisage\uff1a<\/b><\/p>\n<p><a href=\"https:\/\/beacheden.com\/fr\/maillot-de-bain-bikini-jaune-pour-femmes\/?wmc-currency=EUR\" title=\"Maillot de bain bikini jaune pour femmes\" target=\"_blank\" rel=\"noopener\"  data-wpil-monitor-id=\"6\">Femmes <span style=\"font-size: 1em;\">\u00a0maillot de bain<\/a><\/span> <span style=\"font-size: 1em;\">*1<\/span><\/p>\n<p>&nbsp;<\/p>\n<p><img loading=\"lazy\" decoding=\"async\" class=\"alignnone\" src=\"https:\/\/cf.cjdropshipping.com\/4c6a7071-2e31-4afd-a0ef-7018cfdc8222.png\" alt=\"maillots de bain pour femmes\" width=\"794\" height=\"699\" \/> <img loading=\"lazy\" decoding=\"async\" class=\"alignnone\" src=\"https:\/\/cf.cjdropshipping.com\/927a5122-b844-4620-82a2-af7a4e5301ee.png\" alt=\"Maillots de bain pour femmes\" width=\"808\" height=\"701\" \/> <img decoding=\"async\" src=\"https:\/\/cf.cjdropshipping.com\/053eab51-526a-4f78-9696-ce7a011af9c8.png\" alt=\"\"><\/p>","protected":false},"excerpt":{"rendered":"<p>Maillots de bain pour femmes con\u00e7us pour donner de l'assurance et flatter. Des maillots de <a href=\"https:\/\/beacheden.com\/fr\/bikini-en-dentelle\/?wmc-currency=EUR\" title=\"Maillot de bain une pi\u00e8ce Maillot de bain europ\u00e9en et am\u00e9ricain Sexy Lace Hollow Bikini Swimsuit\" target=\"_blank\" rel=\"noopener\"  data-wpil-monitor-id=\"78\">des pi\u00e8ces uniques aux bikinis \u00e9clatants<\/a>Les v\u00eatements de la marque sont con\u00e7us pour s'adapter parfaitement \u00e0 votre morphologie et vous permettre de faire des vagues cette saison.<\/p>","protected":false},"featured_media":14182,"comment_status":"open","ping_status":"closed","template":"","meta":[],"product_brand":[],"product_cat":[40],"product_tag":[],"class_list":{"0":"post-14187","1":"product","2":"type-product","3":"status-publish","4":"has-post-thumbnail","6":"product_cat-bikini","8":"first","9":"instock","10":"taxable","11":"shipping-taxable","12":"purchasable","13":"product-type-variable"},"_links":{"self":[{"href":"https:\/\/beacheden.com\/fr\/wp-json\/wp\/v2\/product\/14187","targetHints":{"allow":["GET"]}}],"collection":[{"href":"https:\/\/beacheden.com\/fr\/wp-json\/wp\/v2\/product"}],"about":[{"href":"https:\/\/beacheden.com\/fr\/wp-json\/wp\/v2\/types\/product"}],"replies":[{"embeddable":true,"href":"https:\/\/beacheden.com\/fr\/wp-json\/wp\/v2\/comments?post=14187"}],"wp:featuredmedia":[{"embeddable":true,"href":"https:\/\/beacheden.com\/fr\/wp-json\/wp\/v2\/media\/14182"}],"wp:attachment":[{"href":"https:\/\/beacheden.com\/fr\/wp-json\/wp\/v2\/media?parent=14187"}],"wp:term":[{"taxonomy":"product_brand","embeddable":true,"href":"https:\/\/beacheden.com\/fr\/wp-json\/wp\/v2\/product_brand?post=14187"},{"taxonomy":"product_cat","embeddable":true,"href":"https:\/\/beacheden.com\/fr\/wp-json\/wp\/v2\/product_cat?post=14187"},{"taxonomy":"product_tag","embeddable":true,"href":"https:\/\/beacheden.com\/fr\/wp-json\/wp\/v2\/product_tag?post=14187"}],"curies":[{"name":"wp","href":"https:\/\/api.w.org\/{rel}","templated":true}]}}