{"id":14163,"date":"2025-03-30T03:45:04","date_gmt":"2025-03-30T10:45:04","guid":{"rendered":"https:\/\/beacheden.com\/irregular-cutout-swimsuit\/"},"modified":"2025-04-04T07:56:42","modified_gmt":"2025-04-04T14:56:42","slug":"maillot-de-bain-decoupe","status":"publish","type":"product","link":"https:\/\/beacheden.com\/fr\/maillot-de-bain-decoupe\/","title":{"rendered":"Maillot de bain \u00e0 d\u00e9coupe irr\u00e9guli\u00e8re"},"content":{"rendered":"<p>Rehaussez votre style estival avec notre <strong>Ensemble de maillots de bain d\u00e9coup\u00e9s <\/strong>Ce maillot de bain, con\u00e7u pour faire une d\u00e9claration audacieuse \u00e0 la plage ou \u00e0 la piscine, est un deux-pi\u00e8ces blanc \u00e9l\u00e9gant. Ce deux-pi\u00e8ces blanc \u00e9l\u00e9gant est dot\u00e9 d'un haut \u00e0 bretelles et \u00e0 d\u00e9coupes qui accentue vos courbes tout en offrant une coupe flatteuse. Le bas \u00e0 taille haute offre soutien et couverture, pour que vous vous sentiez s\u00fbre de vous et \u00e0 l'aise tout au long de la journ\u00e9e.<\/p>\n<p>Fabriqu\u00e9 dans un tissu extensible de qualit\u00e9 sup\u00e9rieure, ce maillot de bain est \u00e0 la fois \u00e9l\u00e9gant et fonctionnel, parfait pour se pr\u00e9lasser au bord de l'eau ou faire trempette. Son design \u00e9pur\u00e9 et minimaliste le rend suffisamment polyvalent pour l'associer \u00e0 des accessoires tels que des colliers ou des bracelets pour plus d'\u00e9l\u00e9gance.<\/p>\n<p data-spm-anchor-id=\"a2ty_o01.29997173.0.i99.565e26229nzc95\">Que vous partiez pour une escapade tropicale ou que vous profitiez d'un apr\u00e8s-midi ensoleill\u00e9 au bord de la piscine, cet ensemble de maillots de bain \u00e0 d\u00e9coupes est le choix id\u00e9al pour un chic et une confiance en soi sans effort. Plongez dans l'\u00e9t\u00e9 avec style !<\/p>\n<p>Nom du tissu : polyester<\/p>\n<p><img decoding=\"async\" src=\"https:\/\/cf.cjdropshipping.com\/20200304\/51308562341039.png\" alt=\"\"><\/p>\n<p><img loading=\"lazy\" decoding=\"async\" class=\"alignnone\" src=\"https:\/\/cf.cjdropshipping.com\/20200304\/1876204594886.jpg\" alt=\"Maillot de bain d\u00e9coup\u00e9\" width=\"800\" height=\"800\" \/><\/p>\n<p><img decoding=\"async\" src=\"https:\/\/cf.cjdropshipping.com\/20200304\/3417522375252.jpg\" alt=\"\"><\/p>\n<p><img decoding=\"async\" src=\"https:\/\/cf.cjdropshipping.com\/20200304\/5205738593609.jpg\" alt=\"\"><\/p>","protected":false},"excerpt":{"rendered":"<p>Les maillots de bain \u00e0 d\u00e9coupes sont con\u00e7us pour flatter et donner de l'assurance. Parfaits pour la plage ou la piscine, ils se distinguent avec assurance.<\/p>","protected":false},"featured_media":14156,"comment_status":"open","ping_status":"closed","template":"","meta":[],"product_brand":[],"product_cat":[40],"product_tag":[],"class_list":{"0":"post-14163","1":"product","2":"type-product","3":"status-publish","4":"has-post-thumbnail","6":"product_cat-bikini","8":"first","9":"instock","10":"taxable","11":"shipping-taxable","12":"purchasable","13":"product-type-variable"},"_links":{"self":[{"href":"https:\/\/beacheden.com\/fr\/wp-json\/wp\/v2\/product\/14163","targetHints":{"allow":["GET"]}}],"collection":[{"href":"https:\/\/beacheden.com\/fr\/wp-json\/wp\/v2\/product"}],"about":[{"href":"https:\/\/beacheden.com\/fr\/wp-json\/wp\/v2\/types\/product"}],"replies":[{"embeddable":true,"href":"https:\/\/beacheden.com\/fr\/wp-json\/wp\/v2\/comments?post=14163"}],"wp:featuredmedia":[{"embeddable":true,"href":"https:\/\/beacheden.com\/fr\/wp-json\/wp\/v2\/media\/14156"}],"wp:attachment":[{"href":"https:\/\/beacheden.com\/fr\/wp-json\/wp\/v2\/media?parent=14163"}],"wp:term":[{"taxonomy":"product_brand","embeddable":true,"href":"https:\/\/beacheden.com\/fr\/wp-json\/wp\/v2\/product_brand?post=14163"},{"taxonomy":"product_cat","embeddable":true,"href":"https:\/\/beacheden.com\/fr\/wp-json\/wp\/v2\/product_cat?post=14163"},{"taxonomy":"product_tag","embeddable":true,"href":"https:\/\/beacheden.com\/fr\/wp-json\/wp\/v2\/product_tag?post=14163"}],"curies":[{"name":"wp","href":"https:\/\/api.w.org\/{rel}","templated":true}]}}