{"id":14149,"date":"2025-03-30T03:43:32","date_gmt":"2025-03-30T10:43:32","guid":{"rendered":"https:\/\/beacheden.com\/swimwear-is-more-fashionable-than-kini-womens-split-style\/"},"modified":"2025-04-04T11:53:50","modified_gmt":"2025-04-04T18:53:50","slug":"bikini-metallique","status":"publish","type":"product","link":"https:\/\/beacheden.com\/fr\/bikini-metallique\/","title":{"rendered":"Les maillots de bain sont plus \u00e0 la mode que les kinis Le style fendu des femmes"},"content":{"rendered":"<p><b>Informations sur le produit :<\/b><\/p>\n<p>Mati\u00e8re : nylon<br \/>\nStyle : Loisirs<br \/>\nCaract\u00e9ristiques : couleur unie, avec coussin thoracique, sans support en acier<br \/>\nCouleur : argent<\/p>\n<p><b>Informations sur la taille :<\/b><\/p>\n<p><b><br \/>\n<\/b> <img decoding=\"async\" src=\"https:\/\/cf.cjdropshipping.com\/dc8d5624-8abb-4b64-b08a-8edd4c97305b.png\" alt=\"\"><\/p>\n<p>&nbsp;<\/p>\n<p><b>Remarque :<\/b><br \/>\n1. Les tailles asiatiques sont 1 \u00e0 2 tailles plus petites que les tailles europ\u00e9ennes et am\u00e9ricaines. Choisissez la taille la plus grande si votre taille se situe entre deux tailles. Veuillez tenir compte d'une diff\u00e9rence de 2 \u00e0 3 cm due aux mesures manuelles.<br \/>\n2. Si vous ne savez pas comment choisir votre taille, veuillez contacter notre service client\u00e8le.<br \/>\n3. comme vous le savez, les ordinateurs affichent les couleurs diff\u00e9remment, la couleur de l'article r\u00e9el peut varier l\u00e9g\u00e8rement par rapport aux images suivantes.<\/p>\n<p><b>Liste d'emballage :<\/b><\/p>\n<p>D\u00e9bardeur * 1 short * 1<\/p>\n<p><b>Image du produit :<\/b><\/p>\n<p><img decoding=\"async\" src=\"https:\/\/cf.cjdropshipping.com\/1cfa6ede-1b34-4eb1-89f0-da2a6538ee92.jpg\" alt=\"\"> <img decoding=\"async\" src=\"https:\/\/cf.cjdropshipping.com\/d5245ac8-d66a-4364-b4dd-996f058136ed.jpg\" alt=\"\"> <img decoding=\"async\" src=\"https:\/\/cf.cjdropshipping.com\/6b5ab05b-95b7-420b-b3e6-1235e89874e0.jpg\" alt=\"\"> <img decoding=\"async\" src=\"https:\/\/cf.cjdropshipping.com\/12959597-f093-46e5-a5dd-16096009b36d.jpg\" alt=\"\"> <img decoding=\"async\" src=\"https:\/\/cf.cjdropshipping.com\/8c9c5b6f-7a37-487c-a47d-8f20f175c8f3.jpg\" alt=\"\"> <img loading=\"lazy\" decoding=\"async\" class=\"alignnone\" src=\"https:\/\/cf.cjdropshipping.com\/fb400fb7-a419-4f5e-9b20-b569e615d923.jpg\" alt=\"Bikini m\u00e9tallique\" width=\"1000\" height=\"1000\" \/><\/p>","protected":false},"excerpt":{"rendered":"<p>Les ensembles de bikinis m\u00e9talliques sont la pi\u00e8ce de choix pour l'\u00e9t\u00e9, alliant glamour et confort. D\u00e9marquez-vous sur la plage ou au bord de la piscine gr\u00e2ce \u00e0 une brillance accrocheuse et \u00e0 un tissu de premi\u00e8re qualit\u00e9 con\u00e7u pour renforcer la confiance en soi.<\/p>","protected":false},"featured_media":14144,"comment_status":"open","ping_status":"closed","template":"","meta":[],"product_brand":[],"product_cat":[40],"product_tag":[],"class_list":{"0":"post-14149","1":"product","2":"type-product","3":"status-publish","4":"has-post-thumbnail","6":"product_cat-bikini","8":"first","9":"instock","10":"taxable","11":"shipping-taxable","12":"purchasable","13":"product-type-variable"},"_links":{"self":[{"href":"https:\/\/beacheden.com\/fr\/wp-json\/wp\/v2\/product\/14149","targetHints":{"allow":["GET"]}}],"collection":[{"href":"https:\/\/beacheden.com\/fr\/wp-json\/wp\/v2\/product"}],"about":[{"href":"https:\/\/beacheden.com\/fr\/wp-json\/wp\/v2\/types\/product"}],"replies":[{"embeddable":true,"href":"https:\/\/beacheden.com\/fr\/wp-json\/wp\/v2\/comments?post=14149"}],"wp:featuredmedia":[{"embeddable":true,"href":"https:\/\/beacheden.com\/fr\/wp-json\/wp\/v2\/media\/14144"}],"wp:attachment":[{"href":"https:\/\/beacheden.com\/fr\/wp-json\/wp\/v2\/media?parent=14149"}],"wp:term":[{"taxonomy":"product_brand","embeddable":true,"href":"https:\/\/beacheden.com\/fr\/wp-json\/wp\/v2\/product_brand?post=14149"},{"taxonomy":"product_cat","embeddable":true,"href":"https:\/\/beacheden.com\/fr\/wp-json\/wp\/v2\/product_cat?post=14149"},{"taxonomy":"product_tag","embeddable":true,"href":"https:\/\/beacheden.com\/fr\/wp-json\/wp\/v2\/product_tag?post=14149"}],"curies":[{"name":"wp","href":"https:\/\/api.w.org\/{rel}","templated":true}]}}