{"id":14093,"date":"2025-03-30T03:40:28","date_gmt":"2025-03-30T10:40:28","guid":{"rendered":"https:\/\/beacheden.com\/womens-fashion-print-split-bikini-swimwear\/"},"modified":"2025-04-04T12:02:03","modified_gmt":"2025-04-04T19:02:03","slug":"bikini-grande-taille","status":"publish","type":"product","link":"https:\/\/beacheden.com\/fr\/bikini-grande-taille\/","title":{"rendered":"Maillot de bain bikini fendu \u00e0 imprim\u00e9 mode pour femmes"},"content":{"rendered":"<p>Embrassez vos courbes avec notre superbe bikini Plus Size, con\u00e7u pour que vous vous sentiez belle et s\u00fbre de vous. Fabriqu\u00e9 dans un tissu extensible de qualit\u00e9 sup\u00e9rieure pour un ajustement parfait, ce bikini pr\u00e9sente des bretelles de soutien, une coupe flatteuse et des motifs vibrants qui c\u00e9l\u00e8brent chaque type de corps. Que vous vous pr\u00e9lassiez au bord de la piscine ou que vous preniez le soleil \u00e0 la plage, ce maillot de bain est l'indispensable de l'\u00e9t\u00e9. Aimez-vous sans complexe, car vous m\u00e9ritez de briller !<\/p>\n<p><b>Informations sur le produit :<\/b><\/p>\n<p>Mati\u00e8re : Polyester<br \/>\nStyle : mode et simplicit\u00e9<br \/>\nCaract\u00e9ristiques:Impression<br \/>\nCouleur : petites fleurs, grandes fleurs, fleurs en peau de tigre, noir, fleurs sur fond noir<\/p>\n<p><b>Informations sur la taille :<\/b><br \/>\n<img decoding=\"async\" src=\"https:\/\/cf.cjdropshipping.com\/deae1d9c-aab0-4e21-b6af-49b819ca66e9.png\" alt=\"\"><\/p>\n<p><b>Remarque :<\/b><br \/>\n1. Les tailles asiatiques sont 1 \u00e0 2 tailles plus petites que les tailles europ\u00e9ennes et am\u00e9ricaines. Choisissez la taille la plus grande si votre taille se situe entre deux tailles. Veuillez tenir compte d'une diff\u00e9rence de 2 \u00e0 3 cm due aux mesures manuelles.<br \/>\n2. Si vous ne savez pas comment choisir votre taille, veuillez contacter notre service client\u00e8le.<br \/>\n3. comme vous le savez, les ordinateurs affichent les couleurs diff\u00e9remment, la couleur de l'article r\u00e9el peut varier l\u00e9g\u00e8rement par rapport aux images suivantes.<\/p>\n<p><b>Liste d'emballage :<\/b><\/p>\n<p>Haut*1<\/p>\n<p>Short*1<\/p>\n<p>&nbsp;<\/p>\n<p><b>Image du produit :<\/b><\/p>\n<p><img loading=\"lazy\" decoding=\"async\" class=\"alignnone\" src=\"https:\/\/cf.cjdropshipping.com\/644258cd-4899-4f07-bb55-4ac8924e80ad.jpg\" alt=\"Bikini Plus Size\" width=\"1000\" height=\"1000\" \/> <img loading=\"lazy\" decoding=\"async\" class=\"alignnone\" src=\"https:\/\/cf.cjdropshipping.com\/c1b36ef3-58ca-4f3d-9712-4127f1e2b03a.jpg\" alt=\"Bikini Plus Size\" width=\"1500\" height=\"1500\" \/> <img decoding=\"async\" src=\"https:\/\/cf.cjdropshipping.com\/86f739cd-c953-4696-bdeb-252cf9bebf71.jpg\" alt=\"\"> <img decoding=\"async\" src=\"https:\/\/cf.cjdropshipping.com\/023acb27-a2fb-4c88-857e-07bed84a8dd5.jpg\" alt=\"\"> <img decoding=\"async\" src=\"https:\/\/cf.cjdropshipping.com\/d4ef94e7-a660-46bc-88c1-18e59176858d.jpg\" alt=\"\"> <img decoding=\"async\" src=\"https:\/\/cf.cjdropshipping.com\/faf0be98-da88-4514-8872-86c60ab89312.jpg\" alt=\"\"><\/p>","protected":false},"excerpt":{"rendered":"<p>Des bikinis grande taille con\u00e7us pour le confort, la confiance et le chic. C\u00e9l\u00e9brez vos courbes avec des mod\u00e8les vibrants qui brillent au bord de la mer ou de la piscine - achetez d\u00e8s aujourd'hui !<\/p>","protected":false},"featured_media":14087,"comment_status":"open","ping_status":"closed","template":"","meta":[],"product_brand":[],"product_cat":[40],"product_tag":[],"class_list":{"0":"post-14093","1":"product","2":"type-product","3":"status-publish","4":"has-post-thumbnail","6":"product_cat-bikini","8":"first","9":"instock","10":"taxable","11":"shipping-taxable","12":"purchasable","13":"product-type-variable"},"_links":{"self":[{"href":"https:\/\/beacheden.com\/fr\/wp-json\/wp\/v2\/product\/14093","targetHints":{"allow":["GET"]}}],"collection":[{"href":"https:\/\/beacheden.com\/fr\/wp-json\/wp\/v2\/product"}],"about":[{"href":"https:\/\/beacheden.com\/fr\/wp-json\/wp\/v2\/types\/product"}],"replies":[{"embeddable":true,"href":"https:\/\/beacheden.com\/fr\/wp-json\/wp\/v2\/comments?post=14093"}],"wp:featuredmedia":[{"embeddable":true,"href":"https:\/\/beacheden.com\/fr\/wp-json\/wp\/v2\/media\/14087"}],"wp:attachment":[{"href":"https:\/\/beacheden.com\/fr\/wp-json\/wp\/v2\/media?parent=14093"}],"wp:term":[{"taxonomy":"product_brand","embeddable":true,"href":"https:\/\/beacheden.com\/fr\/wp-json\/wp\/v2\/product_brand?post=14093"},{"taxonomy":"product_cat","embeddable":true,"href":"https:\/\/beacheden.com\/fr\/wp-json\/wp\/v2\/product_cat?post=14093"},{"taxonomy":"product_tag","embeddable":true,"href":"https:\/\/beacheden.com\/fr\/wp-json\/wp\/v2\/product_tag?post=14093"}],"curies":[{"name":"wp","href":"https:\/\/api.w.org\/{rel}","templated":true}]}}