{"id":14080,"date":"2025-03-30T03:38:37","date_gmt":"2025-03-30T10:38:37","guid":{"rendered":"https:\/\/beacheden.com\/womens-seperated-swimwear-solid-color-chain-bikini\/"},"modified":"2025-04-04T11:46:23","modified_gmt":"2025-04-04T18:46:23","slug":"bikini-a-chaines","status":"publish","type":"product","link":"https:\/\/beacheden.com\/fr\/bikini-a-chaines\/","title":{"rendered":"Maillots de bain s\u00e9par\u00e9s pour femmes Bikini \u00e0 cha\u00eene de couleur unie"},"content":{"rendered":"<p><b>Informations sur le produit :<\/b><br \/>\nCouleur : Noir<br \/>\nTaille : S, M, L<br \/>\nIngr\u00e9dients de la doublure : nylon\/nylon<br \/>\nTeneur en ingr\u00e9dients de la doublure : 80<br \/>\nStyle : slip, bikini, boxer, bikini triangle, bikini jupe, maillot de bain fendu, <a href=\"https:\/\/beacheden.com\/fr\/bikini-noir\/?wmc-currency=EUR\" title=\"Bikini d&#039;\u00e9t\u00e9 pour femmes Sexy Halter Sheer Mesh Beach Swimsuit Commerce ext\u00e9rieur\" target=\"_blank\" rel=\"noopener\"  data-wpil-monitor-id=\"149\">maillot de bain d\u00e9contract\u00e9 pour le surf<\/a><br \/>\nStyle de motif : couleur unie<br \/>\nNom de la doublure : Nylon<br \/>\nNom du tissu : Nylon<br \/>\nSexe applicable : F\u00e9minin<\/p>\n<p><b>Taille :<\/b><\/p>\n<p><img decoding=\"async\" src=\"https:\/\/cf.cjdropshipping.com\/334fdb63-9798-4339-9cd4-6765028c71a1.jpg?x-oss-process=image\/quality,q_100\" alt=\"\"><br \/>\n<b>Remarque :<\/b> 1. Les tailles asiatiques sont 1 \u00e0 2 tailles plus petites que les tailles <a href=\"https:\/\/beacheden.com\/fr\/bikini-papillon\/?wmc-currency=EUR\" title=\"Maillot de bain Bikini Femme Style Europ\u00e9en et Am\u00e9ricain Sexy Maillot de bain Papillon\" target=\"_blank\" rel=\"noopener\"  data-wpil-monitor-id=\"135\">Europ\u00e9en et am\u00e9ricain<\/a> personnes. Choisissez la taille la plus grande si votre taille se situe entre deux tailles. Veuillez tenir compte d'une diff\u00e9rence de 2 \u00e0 3 cm due aux mesures manuelles. 2. Si vous ne savez pas comment choisir votre taille, veuillez contacter notre service client\u00e8le. 3) Comme vous le savez, les ordinateurs affichent les couleurs diff\u00e9remment, la couleur de l'article r\u00e9el peut varier l\u00e9g\u00e8rement par rapport aux images suivantes.<\/p>\n<p><b>Liste d'emballage : <\/b><\/p>\n<p>Maillot de bain pour femmes X1<\/p>\n<p><b>Image du produit :<\/b><\/p>\n<p><img decoding=\"async\" src=\"https:\/\/cf.cjdropshipping.com\/d8887390-5e8a-454e-9428-b814e0db1bbd.jpg\" alt=\"\"><br \/>\n<img decoding=\"async\" src=\"https:\/\/cf.cjdropshipping.com\/8aa489f9-e825-4ca0-bbd1-b8945a80b744.jpg\" alt=\"\"><br \/>\n<img decoding=\"async\" src=\"https:\/\/cf.cjdropshipping.com\/7c2dd535-a3a5-44a1-bb08-914803e102de.jpg\" alt=\"\"><br \/>\n<img loading=\"lazy\" decoding=\"async\" class=\"alignnone\" src=\"https:\/\/cf.cjdropshipping.com\/ebfbb0cb-12b0-4ab2-af10-4f9a150bdf3f.jpg\" alt=\"Bikini en cha\u00eene\" width=\"1340\" height=\"1785\" \/><br \/>\n<img decoding=\"async\" src=\"https:\/\/cf.cjdropshipping.com\/478194ba-4c7f-4358-8e07-222e33970fb2.jpg\" alt=\"\"><\/p>","protected":false},"excerpt":{"rendered":"<p>Ensembles de bikinis en cha\u00eene con\u00e7us pour la confiance et le confort. D\u00e9marquez-vous avec des mod\u00e8les uniques qui allient \u00e9l\u00e9gance et \u00e9l\u00e9gance sans effort.<\/p>","protected":false},"featured_media":14073,"comment_status":"open","ping_status":"closed","template":"","meta":[],"product_brand":[],"product_cat":[40],"product_tag":[],"class_list":{"0":"post-14080","1":"product","2":"type-product","3":"status-publish","4":"has-post-thumbnail","6":"product_cat-bikini","8":"first","9":"instock","10":"taxable","11":"shipping-taxable","12":"purchasable","13":"product-type-variable"},"_links":{"self":[{"href":"https:\/\/beacheden.com\/fr\/wp-json\/wp\/v2\/product\/14080","targetHints":{"allow":["GET"]}}],"collection":[{"href":"https:\/\/beacheden.com\/fr\/wp-json\/wp\/v2\/product"}],"about":[{"href":"https:\/\/beacheden.com\/fr\/wp-json\/wp\/v2\/types\/product"}],"replies":[{"embeddable":true,"href":"https:\/\/beacheden.com\/fr\/wp-json\/wp\/v2\/comments?post=14080"}],"wp:featuredmedia":[{"embeddable":true,"href":"https:\/\/beacheden.com\/fr\/wp-json\/wp\/v2\/media\/14073"}],"wp:attachment":[{"href":"https:\/\/beacheden.com\/fr\/wp-json\/wp\/v2\/media?parent=14080"}],"wp:term":[{"taxonomy":"product_brand","embeddable":true,"href":"https:\/\/beacheden.com\/fr\/wp-json\/wp\/v2\/product_brand?post=14080"},{"taxonomy":"product_cat","embeddable":true,"href":"https:\/\/beacheden.com\/fr\/wp-json\/wp\/v2\/product_cat?post=14080"},{"taxonomy":"product_tag","embeddable":true,"href":"https:\/\/beacheden.com\/fr\/wp-json\/wp\/v2\/product_tag?post=14080"}],"curies":[{"name":"wp","href":"https:\/\/api.w.org\/{rel}","templated":true}]}}