{"id":14066,"date":"2025-03-30T03:36:28","date_gmt":"2025-03-30T10:36:28","guid":{"rendered":"https:\/\/beacheden.com\/women-in-european-and-american-triangular-split-swimsuit\/"},"modified":"2025-07-21T13:41:07","modified_gmt":"2025-07-21T20:41:07","slug":"bikini-triangle","status":"publish","type":"product","link":"https:\/\/beacheden.com\/fr\/bikini-triangle\/","title":{"rendered":"Femmes en maillot de bain europ\u00e9en et am\u00e9ricain \u00e0 fente triangulaire"},"content":{"rendered":"<p>Le bikini triangle est le choix id\u00e9al pour un style et un confort sans effort. Con\u00e7u avec des attaches r\u00e9glables, il offre une coupe sur mesure qui flatte toutes les morphologies. Ses bonnets triangulaires \u00e9l\u00e9gants et ses motifs \u00e9clatants en font une pi\u00e8ce remarquable, tandis que son tissu doux et r\u00e9sistant assure un confort tout au long de la journ\u00e9e. Que vous soyez <a href=\"https:\/\/beacheden.com\/fr\/bikini-a-motifs\/?wmc-currency=EUR\" title=\"Maillot de bain une pi\u00e8ce Amazon Positioning Print Sexy Bikini Swimsuit\" target=\"_blank\" rel=\"noopener\"  data-wpil-monitor-id=\"40\">se pr\u00e9lasser au bord de la piscine<\/a> ou prendre le soleil \u00e0 la plage, ce bikini est con\u00e7u pour vous donner confiance en vous et vous donner une allure fabuleuse. Faites preuve d'audace - votre look estival parfait commence ici !<\/p>\n<p><b> Informations sur le produit :<br \/>\n<\/b> Composition du tissu : fibre de polyester (polyester)<br \/>\nContenu du tissu : 82(%)<br \/>\nSc\u00e8ne applicable : <a href=\"https:\/\/beacheden.com\/fr\/bikini-triangle-2\/?wmc-currency=EUR\" title=\"Bikini europ\u00e9en et am\u00e9ricain \u00e0 triangle suspendu et \u00e0 encolure crois\u00e9e\" target=\"_blank\" rel=\"noopener\"  data-wpil-monitor-id=\"93\">la natation et le pataugeage<\/a><br \/>\nCouleur : couleur de l'image<\/p>\n<p><b> Informations sur la taille :<br \/>\n<\/b> Taille : S, M, L<\/p>\n<p>Unit\u00e9 : cm<br \/>\n<img decoding=\"async\" src=\"https:\/\/cf.cjdropshipping.com\/10231ae0-2d27-4bfd-ab02-61911e0a9639.png\" alt=\"\"><\/p>\n<p><b> Remarque :<br \/>\n<\/b> 1. Les tailles asiatiques sont 1 \u00e0 2 tailles plus petites que les tailles <a href=\"https:\/\/beacheden.com\/fr\/bikini-tie-dye\/?wmc-currency=EUR\" title=\"Bikini en maille tie-dye europ\u00e9en et am\u00e9ricain\" target=\"_blank\" rel=\"noopener\"  data-wpil-monitor-id=\"191\">Europ\u00e9en et am\u00e9ricain<\/a> personnes. Choisissez la taille la plus grande si votre taille se situe entre deux tailles. Veuillez tenir compte d'une diff\u00e9rence de 2 \u00e0 3 cm due aux mesures manuelles.<br \/>\n2. Si vous ne savez pas comment choisir votre taille, veuillez contacter notre service client\u00e8le.<br \/>\n3. comme vous le savez, les ordinateurs affichent les couleurs diff\u00e9remment, la couleur de l'article r\u00e9el peut varier l\u00e9g\u00e8rement par rapport aux images suivantes.<\/p>\n<p><b> Liste d'emballage :<br \/>\n<\/b> Bikini *1, short *1<\/p>\n<p><img decoding=\"async\" src=\"https:\/\/cf.cjdropshipping.com\/35c0d39b-8057-4237-a042-7b2ddbdffa4d.jpg\" alt=\"\"> <img loading=\"lazy\" decoding=\"async\" class=\"alignnone\" src=\"https:\/\/cf.cjdropshipping.com\/f99a7cfa-6d53-4531-8664-3be272433c26.jpg\" alt=\"Bikini triangle\" width=\"1920\" height=\"1920\" \/> <img decoding=\"async\" src=\"https:\/\/cf.cjdropshipping.com\/c8613945-1661-428d-8388-b87b26c4a67b.jpg\" alt=\"\"> <img decoding=\"async\" src=\"https:\/\/cf.cjdropshipping.com\/a5afff89-1e6d-49ca-950d-22cd74118000.jpg\" alt=\"\"> <img decoding=\"async\" src=\"https:\/\/cf.cjdropshipping.com\/d549a30d-54f3-4404-b182-3869c67f9b4a.jpg\" alt=\"\"> <img decoding=\"async\" src=\"https:\/\/cf.cjdropshipping.com\/8e11c892-2581-4c8b-b8d0-6abb0c4e8417.jpg\" alt=\"\"><\/p>","protected":false},"excerpt":{"rendered":"<p>Bikini triangle con\u00e7u pour mettre en valeur vos courbes gr\u00e2ce \u00e0 sa coupe \u00e9l\u00e9gante et ses motifs vibrants. Parfaitement con\u00e7u pour le style et le confort, c'est l'indispensable pour la plage. Am\u00e9liorez votre jeu de maillots de bain d\u00e8s aujourd'hui !<\/p>","protected":false},"featured_media":14057,"comment_status":"open","ping_status":"closed","template":"","meta":[],"product_brand":[],"product_cat":[40],"product_tag":[],"class_list":{"0":"post-14066","1":"product","2":"type-product","3":"status-publish","4":"has-post-thumbnail","6":"product_cat-bikini","8":"first","9":"instock","10":"taxable","11":"shipping-taxable","12":"purchasable","13":"product-type-variable"},"_links":{"self":[{"href":"https:\/\/beacheden.com\/fr\/wp-json\/wp\/v2\/product\/14066","targetHints":{"allow":["GET"]}}],"collection":[{"href":"https:\/\/beacheden.com\/fr\/wp-json\/wp\/v2\/product"}],"about":[{"href":"https:\/\/beacheden.com\/fr\/wp-json\/wp\/v2\/types\/product"}],"replies":[{"embeddable":true,"href":"https:\/\/beacheden.com\/fr\/wp-json\/wp\/v2\/comments?post=14066"}],"wp:featuredmedia":[{"embeddable":true,"href":"https:\/\/beacheden.com\/fr\/wp-json\/wp\/v2\/media\/14057"}],"wp:attachment":[{"href":"https:\/\/beacheden.com\/fr\/wp-json\/wp\/v2\/media?parent=14066"}],"wp:term":[{"taxonomy":"product_brand","embeddable":true,"href":"https:\/\/beacheden.com\/fr\/wp-json\/wp\/v2\/product_brand?post=14066"},{"taxonomy":"product_cat","embeddable":true,"href":"https:\/\/beacheden.com\/fr\/wp-json\/wp\/v2\/product_cat?post=14066"},{"taxonomy":"product_tag","embeddable":true,"href":"https:\/\/beacheden.com\/fr\/wp-json\/wp\/v2\/product_tag?post=14066"}],"curies":[{"name":"wp","href":"https:\/\/api.w.org\/{rel}","templated":true}]}}