{"id":13992,"date":"2025-03-30T03:32:03","date_gmt":"2025-03-30T10:32:03","guid":{"rendered":"https:\/\/beacheden.com\/women-with-wrapped-bikini-swimsuit\/"},"modified":"2025-11-01T14:06:11","modified_gmt":"2025-11-01T21:06:11","slug":"bikini-enveloppe","status":"publish","type":"product","link":"https:\/\/beacheden.com\/fr\/bikini-enveloppe\/","title":{"rendered":"Femmes avec maillot de bain bikini envelopp\u00e9"},"content":{"rendered":"<p><b> Informations sur le produit :<br \/>\n<\/b> Motif : couleur unie, s\u00e9chage rapide, sexy, dos nu, haute \u00e9lasticit\u00e9, Europe et Am\u00e9rique.<br \/>\nS'il s'agit d'une remorque en acier : avec coussin thoracique et sans support en acier.<br \/>\nComposition du tissu : nylon\/nylon<br \/>\nContenu du tissu : 80(%)<br \/>\nColor:ZH213AG,ZH213BK,ZH213RO,ZH213GB,ZH213YE,ZH213LP,ZH213PI,ZH213OR<\/p>\n<p><b> Informations sur la taille :<br \/>\n<\/b> Taille : S M L XL<br \/>\n<img decoding=\"async\" src=\"https:\/\/cf.cjdropshipping.com\/be9c90b4-b205-4d8b-a333-1030a7ef36f9.png\" alt=\"\"><\/p>\n<p><b> Remarque :<br \/>\n<\/b> 1. Les tailles asiatiques sont 1 \u00e0 2 tailles plus petites que les tailles europ\u00e9ennes et am\u00e9ricaines. Choisissez la taille la plus grande si votre taille se situe entre deux tailles. Veuillez tenir compte d'une diff\u00e9rence de 2 \u00e0 3 cm due aux mesures manuelles.<br \/>\n2. Si vous ne savez pas comment choisir votre taille, veuillez contacter notre service client\u00e8le.<br \/>\n3. comme vous le savez, les ordinateurs affichent les couleurs diff\u00e9remment, la couleur de l'article r\u00e9el peut varier l\u00e9g\u00e8rement par rapport aux images suivantes.<\/p>\n<p><b> Liste d'emballage :<br \/>\n<\/b><\/p>\n<p>Soutien-gorge*1 Culotte*1<\/p>\n<p>&nbsp;<\/p>\n<p><img loading=\"lazy\" decoding=\"async\" class=\"alignnone\" src=\"https:\/\/cf.cjdropshipping.com\/a3e609de-4bbc-4df1-a20e-42543d7e12ae.jpg\" alt=\"Bikini envelopp\u00e9\" width=\"1200\" height=\"1200\" \/> <img decoding=\"async\" src=\"https:\/\/cf.cjdropshipping.com\/28102366-c31a-483c-895c-42a5963ac349.jpg\" alt=\"\"> <img decoding=\"async\" src=\"https:\/\/cf.cjdropshipping.com\/96936548-e8b8-4e63-ae4a-af9fbaf09095.jpg\" alt=\"\"> <img decoding=\"async\" src=\"https:\/\/cf.cjdropshipping.com\/7105acc1-d89d-43e6-9ccc-d29f35c2ff35.jpg\" alt=\"\"> <img decoding=\"async\" src=\"https:\/\/cf.cjdropshipping.com\/4755ed95-913a-4732-bde6-297cf8d18e43.jpg\" alt=\"\"> <img decoding=\"async\" src=\"https:\/\/cf.cjdropshipping.com\/c72265a4-830c-42a5-82ce-b832225da832.jpg\" alt=\"\"><\/p>","protected":false},"excerpt":{"rendered":"<p>Bikini envelopp\u00e9 con\u00e7u pour flatter toutes les morphologies. Profitez d'une coupe chic et ajustable avec un tissu luxueux qui promet <a href=\"https:\/\/beacheden.com\/fr\/bikinis-dete\/?wmc-currency=EUR\" title=\"Maillot de bain Bikini Push Up pour femmes, couleur unie et fendue, en nylon avec anneaux en acier\" target=\"_blank\" rel=\"noopener\"  data-wpil-monitor-id=\"196\">le confort et la confiance<\/a> sous le soleil. Rehaussez votre style sans effort !<\/p>","protected":false},"featured_media":13982,"comment_status":"open","ping_status":"closed","template":"","meta":[],"product_brand":[],"product_cat":[40],"product_tag":[],"class_list":{"0":"post-13992","1":"product","2":"type-product","3":"status-publish","4":"has-post-thumbnail","6":"product_cat-bikini","8":"first","9":"instock","10":"taxable","11":"shipping-taxable","12":"purchasable","13":"product-type-variable"},"_links":{"self":[{"href":"https:\/\/beacheden.com\/fr\/wp-json\/wp\/v2\/product\/13992","targetHints":{"allow":["GET"]}}],"collection":[{"href":"https:\/\/beacheden.com\/fr\/wp-json\/wp\/v2\/product"}],"about":[{"href":"https:\/\/beacheden.com\/fr\/wp-json\/wp\/v2\/types\/product"}],"replies":[{"embeddable":true,"href":"https:\/\/beacheden.com\/fr\/wp-json\/wp\/v2\/comments?post=13992"}],"wp:featuredmedia":[{"embeddable":true,"href":"https:\/\/beacheden.com\/fr\/wp-json\/wp\/v2\/media\/13982"}],"wp:attachment":[{"href":"https:\/\/beacheden.com\/fr\/wp-json\/wp\/v2\/media?parent=13992"}],"wp:term":[{"taxonomy":"product_brand","embeddable":true,"href":"https:\/\/beacheden.com\/fr\/wp-json\/wp\/v2\/product_brand?post=13992"},{"taxonomy":"product_cat","embeddable":true,"href":"https:\/\/beacheden.com\/fr\/wp-json\/wp\/v2\/product_cat?post=13992"},{"taxonomy":"product_tag","embeddable":true,"href":"https:\/\/beacheden.com\/fr\/wp-json\/wp\/v2\/product_tag?post=13992"}],"curies":[{"name":"wp","href":"https:\/\/api.w.org\/{rel}","templated":true}]}}