{"id":13969,"date":"2025-03-30T03:30:10","date_gmt":"2025-03-30T10:30:10","guid":{"rendered":"https:\/\/beacheden.com\/solid-color-double-layer-fabric-split-swimsuit\/"},"modified":"2025-11-01T13:36:10","modified_gmt":"2025-11-01T20:36:10","slug":"bikini-flatteur","status":"publish","type":"product","link":"https:\/\/beacheden.com\/fr\/bikini-flatteur\/","title":{"rendered":"Maillot de bain fendu en tissu double couche de couleur unie"},"content":{"rendered":"<p>Le bikini flatteur a \u00e9t\u00e9 con\u00e7u pour mettre en valeur votre silhouette unique, offrant un m\u00e9lange parfait de style et de confort. Gr\u00e2ce \u00e0 sa coupe qui met en valeur les courbes et \u00e0 ses mat\u00e9riaux de qualit\u00e9 sup\u00e9rieure, ce bikini assure un ajustement s\u00fbr qui est aussi agr\u00e9able \u00e0 porter qu'\u00e0 regarder. Que vous vous pr\u00e9lassiez au bord de la piscine ou que vous preniez le soleil \u00e0 la plage, ce maillot de bain essentiel associe un design intemporel \u00e0 des d\u00e9tails modernes pour une ambiance chic sans effort. Embrassez le meilleur de vous-m\u00eame cette saison, car vous m\u00e9ritez de briller !<\/p>\n<p><b>Informations sur le produit :<br \/>\n<\/b> S'il s'agit d'une remorque en acier : avec coussin thoracique et sans support en acier.<br \/>\nComposition du tissu : fibre de polyester (polyester)<br \/>\nContenu du tissu : 80(%)<br \/>\nSc\u00e8nes applicables : cyclisme, danse, <a href=\"https:\/\/beacheden.com\/fr\/bikini-imprime-africain\/?wmc-currency=EUR\" title=\"New Style Swimsuit Ladies Multi-strap Lace Ethnic Print Half-sleeve Sexy Split Bikini\" target=\"_blank\" rel=\"noopener\"  data-wpil-monitor-id=\"162\">la natation et le pataugeage<\/a>.<br \/>\nCouleur : vert, couleur caf\u00e9<\/p>\n<p><b> Informations sur la taille :<br \/>\n<\/b> Taille : S, M, L<br \/>\n<img decoding=\"async\" src=\"https:\/\/cf.cjdropshipping.com\/a3c64eef-a57d-4fa2-b67f-c71362afa91e.png\" alt=\"\"><\/p>\n<p><b> Remarque :<br \/>\n<\/b> 1. <a href=\"https:\/\/beacheden.com\/fr\/bikini-plisse\/?wmc-currency=EUR\" title=\"Bikini pliss\u00e9 de couleur unie pour femmes europ\u00e9ennes et am\u00e9ricaines\" target=\"_blank\" rel=\"noopener\"  data-wpil-monitor-id=\"166\">Tailles asiatiques<\/a> sont 1 \u00e0 2 tailles plus petites que les Europ\u00e9ens et les Am\u00e9ricains. Choisissez la taille sup\u00e9rieure si votre taille se situe entre deux tailles. Veuillez tenir compte d'une diff\u00e9rence de 2 \u00e0 3 cm due aux mesures manuelles.<br \/>\n2. Si vous ne savez pas comment choisir votre taille, veuillez contacter notre service client\u00e8le.<br \/>\n3. comme vous le savez, les ordinateurs affichent les couleurs diff\u00e9remment, la couleur de l'article r\u00e9el peut varier l\u00e9g\u00e8rement par rapport aux images suivantes.<\/p>\n<p><b> Liste d'emballage :<br \/>\n<\/b> Bikini *1, short *1<\/p>\n<p><img decoding=\"async\" src=\"https:\/\/cf.cjdropshipping.com\/321f1123-90c8-4cd5-ba57-a7ebca3b2680.jpg\" alt=\"\"> <img decoding=\"async\" src=\"https:\/\/cf.cjdropshipping.com\/0323cb96-2547-4c79-be58-4bafdeb30f04.jpg\" alt=\"\"> <img decoding=\"async\" src=\"https:\/\/cf.cjdropshipping.com\/6d1231e0-c2de-4722-9f24-913569bffc4e.jpg\" alt=\"\"> <img loading=\"lazy\" decoding=\"async\" class=\"alignnone\" src=\"https:\/\/cf.cjdropshipping.com\/f42d16a9-e635-412e-b8bc-7934f88e6e0b.jpg\" alt=\"Bikini flatteur\" width=\"800\" height=\"800\" \/> <img decoding=\"async\" src=\"https:\/\/cf.cjdropshipping.com\/12b93ac9-9f46-451d-ae66-72cd011841b0.jpg\" alt=\"\"> <img decoding=\"async\" src=\"https:\/\/cf.cjdropshipping.com\/365665d1-3b91-4c9b-8240-a052eac6c546.jpg\" alt=\"\"> <img decoding=\"async\" src=\"https:\/\/cf.cjdropshipping.com\/79bc6eb5-ce5d-401d-a580-ad155936168e.jpg\" alt=\"\"> <img decoding=\"async\" src=\"https:\/\/cf.cjdropshipping.com\/61788c78-6ac8-481c-8016-3ffb90ee3f01.jpg\" alt=\"\"> <img decoding=\"async\" src=\"https:\/\/cf.cjdropshipping.com\/9e8d3445-1170-41c2-9574-22ecab55f0d5.jpg\" alt=\"\"> <img decoding=\"async\" src=\"https:\/\/cf.cjdropshipping.com\/76e314b7-4145-4faa-afae-10bd77bcc001.jpg\" alt=\"\"> <img decoding=\"async\" src=\"https:\/\/cf.cjdropshipping.com\/d2e8a700-dc2f-4293-90c9-585598bb09bc.jpg\" alt=\"\"><\/p>","protected":false},"excerpt":{"rendered":"<p>Bikini flatteur con\u00e7u pour mettre en valeur vos meilleurs atouts avec confort et style. Sentez-vous confiante et rayonnante \u00e0 chaque <a href=\"https:\/\/beacheden.com\/fr\/bikini-triangle-2\/?wmc-currency=EUR\" title=\"Bikini europ\u00e9en et am\u00e9ricain \u00e0 triangle suspendu et \u00e0 encolure crois\u00e9e\" target=\"_blank\" rel=\"noopener\"  data-wpil-monitor-id=\"97\">journ\u00e9e \u00e0 la plage ou au bord de la piscine<\/a> moment. Am\u00e9liorez votre jeu de maillots de bain sans effort !<\/p>","protected":false},"featured_media":13959,"comment_status":"open","ping_status":"closed","template":"","meta":[],"product_brand":[],"product_cat":[40],"product_tag":[],"class_list":{"0":"post-13969","1":"product","2":"type-product","3":"status-publish","4":"has-post-thumbnail","6":"product_cat-bikini","8":"first","9":"instock","10":"taxable","11":"shipping-taxable","12":"purchasable","13":"product-type-variable"},"_links":{"self":[{"href":"https:\/\/beacheden.com\/fr\/wp-json\/wp\/v2\/product\/13969","targetHints":{"allow":["GET"]}}],"collection":[{"href":"https:\/\/beacheden.com\/fr\/wp-json\/wp\/v2\/product"}],"about":[{"href":"https:\/\/beacheden.com\/fr\/wp-json\/wp\/v2\/types\/product"}],"replies":[{"embeddable":true,"href":"https:\/\/beacheden.com\/fr\/wp-json\/wp\/v2\/comments?post=13969"}],"wp:featuredmedia":[{"embeddable":true,"href":"https:\/\/beacheden.com\/fr\/wp-json\/wp\/v2\/media\/13959"}],"wp:attachment":[{"href":"https:\/\/beacheden.com\/fr\/wp-json\/wp\/v2\/media?parent=13969"}],"wp:term":[{"taxonomy":"product_brand","embeddable":true,"href":"https:\/\/beacheden.com\/fr\/wp-json\/wp\/v2\/product_brand?post=13969"},{"taxonomy":"product_cat","embeddable":true,"href":"https:\/\/beacheden.com\/fr\/wp-json\/wp\/v2\/product_cat?post=13969"},{"taxonomy":"product_tag","embeddable":true,"href":"https:\/\/beacheden.com\/fr\/wp-json\/wp\/v2\/product_tag?post=13969"}],"curies":[{"name":"wp","href":"https:\/\/api.w.org\/{rel}","templated":true}]}}