{"id":13928,"date":"2025-03-30T03:27:52","date_gmt":"2025-03-30T10:27:52","guid":{"rendered":"https:\/\/beacheden.com\/european-and-american-womens-solid-color-pleated-bikini\/"},"modified":"2025-11-02T11:55:32","modified_gmt":"2025-11-02T19:55:32","slug":"bikini-plisse","status":"publish","type":"product","link":"https:\/\/beacheden.com\/fr\/bikini-plisse\/","title":{"rendered":"Bikini pliss\u00e9 de couleur unie pour femmes europ\u00e9ennes et am\u00e9ricaines"},"content":{"rendered":"<p>Le bikini pliss\u00e9 est un incontournable de votre collection de maillots de bain, alliant \u00e9l\u00e9gance intemporelle et style contemporain. Son design pliss\u00e9 unique ajoute de la texture et de la dimension, cr\u00e9ant une silhouette flatteuse qui donne confiance en soi. Fabriqu\u00e9 dans un tissu de haute qualit\u00e9 \u00e0 s\u00e9chage rapide, ce bikini garantit confort et durabilit\u00e9.<\/p>\n<p>Que vous soyez <a href=\"https:\/\/beacheden.com\/fr\/bikini-a-imprime-geometrique\/?wmc-currency=EUR\" title=\"Maillot de bain imprim\u00e9 bikini num\u00e9rique sexy trois pi\u00e8ces\" target=\"_blank\" rel=\"noopener\"  data-wpil-monitor-id=\"225\">se pr\u00e9lasser au bord de la piscine<\/a> ou pour profiter du soleil \u00e0 la plage, le bikini pliss\u00e9 offre un m\u00e9lange parfait de style et de fonctionnalit\u00e9. Disponible dans une gamme de couleurs vives et de motifs chics, il est con\u00e7u pour vous mettre en valeur tout en vous assurant une tenue s\u00fbre et confortable. Rehaussez votre garde-robe d'\u00e9t\u00e9 avec cette pi\u00e8ce irr\u00e9sistible !<\/p>\n<p><b>Informations sur le produit :<\/b><\/p>\n<p>Sexe applicable : f\u00e9minin<br \/>\nMotif : couleur unie, taille haute, ajustement serr\u00e9, dos ouvert, grande \u00e9lasticit\u00e9, durable, petit frais<br \/>\nNom du tissu : polyester<br \/>\nDomaine d'application : natation et pataugeage<br \/>\nCouleur : beige, noir, bleu, racine de lotus, vert<br \/>\nTaille : S, M, L<\/p>\n<p>&nbsp;<\/p>\n<p><b>Informations sur la taille :<\/b><\/p>\n<p><img decoding=\"async\" src=\"https:\/\/cf.cjdropshipping.com\/5ecfd5b4-b8a7-4237-82bb-1861fc49418f.png\" alt=\"\"><\/p>\n<p>&nbsp;<\/p>\n<p><b> Note\uff1a<br \/>\n<\/b> 1. Les tailles asiatiques sont 1 \u00e0 2 tailles plus petites que les tailles europ\u00e9ennes et am\u00e9ricaines. Choisissez la taille la plus grande si votre taille se situe entre deux tailles. Veuillez tenir compte d'une diff\u00e9rence de 2 \u00e0 3 cm due aux mesures manuelles.<\/p>\n<p>2. Si vous ne savez pas comment choisir votre taille, veuillez contacter notre service client\u00e8le.<\/p>\n<p>3. comme vous le savez, les ordinateurs affichent les couleurs diff\u00e9remment, la couleur de l'article r\u00e9el peut varier l\u00e9g\u00e8rement par rapport aux images suivantes.<\/p>\n<p>&nbsp;<\/p>\n<p><b>Liste d'emballage :<\/b><\/p>\n<p>Bikini*1 set<\/p>\n<p>&nbsp;<\/p>\n<p><img decoding=\"async\" src=\"https:\/\/cf.cjdropshipping.com\/3f4ff168-c2cd-4c90-849b-0fa4a58194ba.jpg\" alt=\"\"> <img loading=\"lazy\" decoding=\"async\" class=\"alignnone\" src=\"https:\/\/cf.cjdropshipping.com\/951a39cf-822b-4441-99f8-044b0ede9e01.jpg\" alt=\"Bikini pliss\u00e9\" width=\"800\" height=\"800\" \/> <img loading=\"lazy\" decoding=\"async\" class=\"alignnone\" src=\"https:\/\/cf.cjdropshipping.com\/1d108cd0-cda6-4dda-bf76-06f30da71386.jpg\" alt=\"Bikini pliss\u00e9\" width=\"800\" height=\"800\" \/> <img decoding=\"async\" src=\"https:\/\/cf.cjdropshipping.com\/88b08c7a-d979-43ac-84e3-a0366eb83414.jpg\" alt=\"\"> <img decoding=\"async\" src=\"https:\/\/cf.cjdropshipping.com\/3997cff9-fb8e-42ae-a498-7e6b95431ff7.jpg\" alt=\"\"><\/p>","protected":false},"excerpt":{"rendered":"<p>Le bikini pliss\u00e9 allie l'\u00e9l\u00e9gance \u00e0 un design moderne et offre une coupe flatteuse. Parfait pour <a href=\"https:\/\/beacheden.com\/fr\/bikini-asymetrique-avec-couleur-unie-2\/?wmc-currency=EUR\" title=\"Bikini \u00e0 armatures Impression num\u00e9rique\" target=\"_blank\" rel=\"noopener\"  data-wpil-monitor-id=\"142\">les journ\u00e9es \u00e0 la plage ou le farniente au bord de la piscine<\/a>, C'est le maillot de bain qu'il vous faut !<\/p>","protected":false},"featured_media":15041,"comment_status":"open","ping_status":"closed","template":"","meta":[],"product_brand":[],"product_cat":[40],"product_tag":[],"class_list":{"0":"post-13928","1":"product","2":"type-product","3":"status-publish","4":"has-post-thumbnail","6":"product_cat-bikini","8":"first","9":"instock","10":"taxable","11":"shipping-taxable","12":"purchasable","13":"product-type-variable"},"_links":{"self":[{"href":"https:\/\/beacheden.com\/fr\/wp-json\/wp\/v2\/product\/13928","targetHints":{"allow":["GET"]}}],"collection":[{"href":"https:\/\/beacheden.com\/fr\/wp-json\/wp\/v2\/product"}],"about":[{"href":"https:\/\/beacheden.com\/fr\/wp-json\/wp\/v2\/types\/product"}],"replies":[{"embeddable":true,"href":"https:\/\/beacheden.com\/fr\/wp-json\/wp\/v2\/comments?post=13928"}],"wp:featuredmedia":[{"embeddable":true,"href":"https:\/\/beacheden.com\/fr\/wp-json\/wp\/v2\/media\/15041"}],"wp:attachment":[{"href":"https:\/\/beacheden.com\/fr\/wp-json\/wp\/v2\/media?parent=13928"}],"wp:term":[{"taxonomy":"product_brand","embeddable":true,"href":"https:\/\/beacheden.com\/fr\/wp-json\/wp\/v2\/product_brand?post=13928"},{"taxonomy":"product_cat","embeddable":true,"href":"https:\/\/beacheden.com\/fr\/wp-json\/wp\/v2\/product_cat?post=13928"},{"taxonomy":"product_tag","embeddable":true,"href":"https:\/\/beacheden.com\/fr\/wp-json\/wp\/v2\/product_tag?post=13928"}],"curies":[{"name":"wp","href":"https:\/\/api.w.org\/{rel}","templated":true}]}}