{"id":13912,"date":"2025-03-30T03:26:13","date_gmt":"2025-03-30T10:26:13","guid":{"rendered":"https:\/\/beacheden.com\/sexy-beach-dress-with-sling-ice-silk-seaside\/"},"modified":"2025-04-20T07:06:33","modified_gmt":"2025-04-20T14:06:33","slug":"robe-de-plage-sexy","status":"publish","type":"product","link":"https:\/\/beacheden.com\/fr\/robe-de-plage-sexy\/","title":{"rendered":"Robe de plage sexy avec \u00e9charpe Ice Silk Seaside"},"content":{"rendered":"<p>Sous les feux de la rampe avec notre <strong>Robe de plage sexy <\/strong>Cette robe est con\u00e7ue pour rendre chaque moment inoubliable. Confectionn\u00e9e dans un tissu ultra-doux et respirant, cette robe allie confort et style sans effort. Sa silhouette moulante met en valeur vos courbes, tandis que les bretelles r\u00e9glables assurent un ajustement parfait \u00e0 toutes les morphologies.<\/p>\n<p>Que vous vous promeniez le long du rivage ou que vous d\u00e9gustiez des cocktails au coucher du soleil, cette pi\u00e8ce polyvalente passe sans probl\u00e8me de l'int\u00e9rieur \u00e0 l'ext\u00e9rieur, de l'int\u00e9rieur \u00e0 l'ext\u00e9rieur. <a href=\"https:\/\/beacheden.com\/fr\/robe-longue-de-plage\/?wmc-currency=EUR\" title=\"Robe longue de plage \u00e0 bretelles bronzantes en perspective\" target=\"_blank\" rel=\"noopener\"  data-wpil-monitor-id=\"31\">du jour \u00e0 la nuit<\/a>. Disponibles dans des teintes vibrantes et des imprim\u00e9s chics, nos <a href=\"https:\/\/beacheden.com\/fr\/robe-de-plage-rayee-a-bretelles\/?wmc-currency=EUR\" title=\"Robe de plage explosive et sexy, robe de vacances, robe \u00e0 bretelles ray\u00e9e\" target=\"_blank\" rel=\"noopener\"  data-wpil-monitor-id=\"206\">robe de plage sexy<\/a> vous permet d'exprimer votre personnalit\u00e9 unique. L\u00e9ger, s\u00e9chant rapidement et infroissable, c'est le compagnon de voyage id\u00e9al pour vos aventures estivales.<\/p>\n<p data-spm-anchor-id=\"a2ty_o01.29997173.0.i79.565e2b7dOYfZOB\">Faites des vagues et sentez-vous inarr\u00eatable, car la confiance en soi commence par ce que vous portez.<\/p>\n<p><b>Informations sur le produit :<\/b><br \/>\nCat\u00e9gorie d'approvisionnement : Spot<br \/>\nType d'inventaire : commande globale<br \/>\n\u00c2ge d'application : adultes<br \/>\nSexe applicable : f\u00e9minin<br \/>\nNom du tissu : soie de glace<br \/>\nComposition du tissu : fibre de polyester (polyester)<br \/>\nComposition du tissu : 60 (%)<br \/>\nPoids du gramme : 200 (g)<br \/>\nNom de la doublure : pas de doublure<br \/>\nComposition de la doublure : fibre de polyester (polyester)<br \/>\nCouleur : 159 comme sur la photo, points roses, bleu lac<\/p>\n<p><b>Liste d'emballage :<\/b><br \/>\nRobe x1<\/p>\n<p><img loading=\"lazy\" decoding=\"async\" class=\"alignnone\" src=\"https:\/\/cf.cjdropshipping.com\/1620386134554.jpg\" alt=\" Robe de plage sexy\" width=\"749\" height=\"1000\" \/> <img loading=\"lazy\" decoding=\"async\" class=\"alignnone\" src=\"https:\/\/cf.cjdropshipping.com\/1620386134558.jpg\" alt=\" Robe de plage sexy\" width=\"590\" height=\"707\" \/> <img decoding=\"async\" src=\"https:\/\/cf.cjdropshipping.com\/1620386134564.jpg\" alt=\"\"><\/p>","protected":false},"excerpt":{"rendered":"<p>Robe de plage sexy parfaite pour faire tourner les t\u00eates cet \u00e9t\u00e9. Faites preuve d'assurance, de confort et de style avec des mod\u00e8les accrocheurs con\u00e7us pour des moments inoubliables au bord de la mer.<\/p>","protected":false},"featured_media":13907,"comment_status":"open","ping_status":"closed","template":"","meta":[],"product_brand":[],"product_cat":[16],"product_tag":[],"class_list":{"0":"post-13912","1":"product","2":"type-product","3":"status-publish","4":"has-post-thumbnail","6":"product_cat-cover-ups","8":"first","9":"instock","10":"taxable","11":"shipping-taxable","12":"purchasable","13":"product-type-variable"},"_links":{"self":[{"href":"https:\/\/beacheden.com\/fr\/wp-json\/wp\/v2\/product\/13912","targetHints":{"allow":["GET"]}}],"collection":[{"href":"https:\/\/beacheden.com\/fr\/wp-json\/wp\/v2\/product"}],"about":[{"href":"https:\/\/beacheden.com\/fr\/wp-json\/wp\/v2\/types\/product"}],"replies":[{"embeddable":true,"href":"https:\/\/beacheden.com\/fr\/wp-json\/wp\/v2\/comments?post=13912"}],"wp:featuredmedia":[{"embeddable":true,"href":"https:\/\/beacheden.com\/fr\/wp-json\/wp\/v2\/media\/13907"}],"wp:attachment":[{"href":"https:\/\/beacheden.com\/fr\/wp-json\/wp\/v2\/media?parent=13912"}],"wp:term":[{"taxonomy":"product_brand","embeddable":true,"href":"https:\/\/beacheden.com\/fr\/wp-json\/wp\/v2\/product_brand?post=13912"},{"taxonomy":"product_cat","embeddable":true,"href":"https:\/\/beacheden.com\/fr\/wp-json\/wp\/v2\/product_cat?post=13912"},{"taxonomy":"product_tag","embeddable":true,"href":"https:\/\/beacheden.com\/fr\/wp-json\/wp\/v2\/product_tag?post=13912"}],"curies":[{"name":"wp","href":"https:\/\/api.w.org\/{rel}","templated":true}]}}