{"id":13876,"date":"2025-03-30T03:23:08","date_gmt":"2025-03-30T10:23:08","guid":{"rendered":"https:\/\/beacheden.com\/european-and-american-womens-sling-beach-dress\/"},"modified":"2025-11-01T14:11:30","modified_gmt":"2025-11-01T21:11:30","slug":"robe-de-plage-en-bandouliere","status":"publish","type":"product","link":"https:\/\/beacheden.com\/fr\/robe-de-plage-en-bandouliere\/","title":{"rendered":"Robe de plage en bandouli\u00e8re pour femmes europ\u00e9ennes et am\u00e9ricaines"},"content":{"rendered":"<p>Les <strong>Robe de plage en \u00e9charpe <\/strong> est votre compagnon id\u00e9al pour les beaux jours, con\u00e7u pour faire tourner les t\u00eates tout en vous gardant au frais et \u00e0 l'aise. Con\u00e7ue dans un tissu l\u00e9ger et respirant, cette robe se drape magnifiquement et offre une silhouette flatteuse pour toutes les morphologies.<\/p>\n<p>Ses teintes vibrantes et son design ludique capturent l'essence de l'\u00e9t\u00e9, ce qui le rend parfait pour les jours de plage, les escapades tropicales ou les sorties d\u00e9contract\u00e9es. Chic et polyvalent \u00e0 l'extr\u00eame, le <a href=\"https:\/\/beacheden.com\/fr\/robe-de-plage-en-bandouliere\/?wmc-currency=EUR\" title=\"Robe de plage en bandouli\u00e8re pour femmes europ\u00e9ennes et am\u00e9ricaines\" target=\"_blank\" rel=\"noopener\"  data-wpil-monitor-id=\"34\">robe de plage en bandouli\u00e8re<\/a> passe sans transition des rivages sablonneux aux cocktails au coucher du soleil. Adoptez un style sans effort en vous glissant dans le <a href=\"https:\/\/beacheden.com\/fr\/robe-de-plage-sexy\/?wmc-currency=EUR\" title=\"Robe de plage sexy avec \u00e9charpe Ice Silk Seaside\" target=\"_blank\" rel=\"noopener\"  data-wpil-monitor-id=\"208\">robe de plage en bandouli\u00e8re<\/a> et laissez briller votre insouciance !<\/p>\n<p>\u00c2ge d'application : adulte<br \/>\nSexe applicable : f\u00e9minin<br \/>\nNom du tissu : Polyester<br \/>\nComposition du tissu : fibre de polyester (polyester)<br \/>\nComposition du tissu : 90 (%)<br \/>\nCouleur : blanc, jaune, orange, rouge, lavande, violet, noir, bleu lac, bleu paon, \u00e9meraude, saphir, poudre de p\u00eache, rouge rose, vert arm\u00e9e, vert fruit, rouge corail.<br \/>\ntaille : taille unique<br \/>\nTaille : 125*70cm environ<\/p>","protected":false},"excerpt":{"rendered":"<p data-spm-anchor-id=\"a2ty_o01.29997173.0.i88.565e3a87fyYdIe\">\u00c9lingue <a href=\"https:\/\/beacheden.com\/fr\/robe-de-plage-rayee-a-bretelles\/?wmc-currency=EUR\" title=\"Robe de plage explosive et sexy, robe de vacances, robe \u00e0 bretelles ray\u00e9e\" target=\"_blank\" rel=\"noopener\"  data-wpil-monitor-id=\"207\">La robe de plage offre une \u00e9l\u00e9gance sans effort<\/a> avec son design fluide. Parfaite pour les journ\u00e9es ensoleill\u00e9es, elle allie confort et chic pour rendre chaque moment inoubliable.<\/p>","protected":false},"featured_media":13866,"comment_status":"open","ping_status":"closed","template":"","meta":[],"product_brand":[],"product_cat":[16],"product_tag":[],"class_list":{"0":"post-13876","1":"product","2":"type-product","3":"status-publish","4":"has-post-thumbnail","6":"product_cat-cover-ups","8":"first","9":"instock","10":"taxable","11":"shipping-taxable","12":"purchasable","13":"product-type-variable"},"_links":{"self":[{"href":"https:\/\/beacheden.com\/fr\/wp-json\/wp\/v2\/product\/13876","targetHints":{"allow":["GET"]}}],"collection":[{"href":"https:\/\/beacheden.com\/fr\/wp-json\/wp\/v2\/product"}],"about":[{"href":"https:\/\/beacheden.com\/fr\/wp-json\/wp\/v2\/types\/product"}],"replies":[{"embeddable":true,"href":"https:\/\/beacheden.com\/fr\/wp-json\/wp\/v2\/comments?post=13876"}],"wp:featuredmedia":[{"embeddable":true,"href":"https:\/\/beacheden.com\/fr\/wp-json\/wp\/v2\/media\/13866"}],"wp:attachment":[{"href":"https:\/\/beacheden.com\/fr\/wp-json\/wp\/v2\/media?parent=13876"}],"wp:term":[{"taxonomy":"product_brand","embeddable":true,"href":"https:\/\/beacheden.com\/fr\/wp-json\/wp\/v2\/product_brand?post=13876"},{"taxonomy":"product_cat","embeddable":true,"href":"https:\/\/beacheden.com\/fr\/wp-json\/wp\/v2\/product_cat?post=13876"},{"taxonomy":"product_tag","embeddable":true,"href":"https:\/\/beacheden.com\/fr\/wp-json\/wp\/v2\/product_tag?post=13876"}],"curies":[{"name":"wp","href":"https:\/\/api.w.org\/{rel}","templated":true}]}}