{"id":13855,"date":"2025-03-30T03:20:30","date_gmt":"2025-03-30T10:20:30","guid":{"rendered":"https:\/\/beacheden.com\/hollow-perspective-color-mesh-beach-blouse-dress\/"},"modified":"2025-04-20T07:31:05","modified_gmt":"2025-04-20T14:31:05","slug":"robe-creuse","status":"publish","type":"product","link":"https:\/\/beacheden.com\/fr\/robe-creuse\/","title":{"rendered":"Perspective Color Mesh Beach Blouse Dress"},"content":{"rendered":"<p>La robe Hollow Out red\u00e9finit l'\u00e9l\u00e9gance moderne avec ses d\u00e9tails de d\u00e9coupe saisissants et sa silhouette flatteuse. Con\u00e7ue pour accentuer vos courbes tout en vous donnant confiance, cette robe est fabriqu\u00e9e dans un tissu respirant de qualit\u00e9 sup\u00e9rieure pour un confort optimal tout au long de la journ\u00e9e.<\/p>\n<p>Que vous assistiez \u00e0 un \u00e9v\u00e9nement glamour ou que vous sortiez en soir\u00e9e, le design \u00e9vid\u00e9 ajoute une touche d'allure et de style contemporain. Disponible dans des couleurs polyvalentes, il s'associe sans effort \u00e0 des talons ou \u00e0 des accessoires, vous permettant ainsi de vous d\u00e9marquer o\u00f9 que vous alliez.<\/p>\n<p>Rehaussez votre garde-robe avec cette pi\u00e8ce incontournable qui allie sophistication et audace dans un ensemble \u00e9blouissant.<\/p>\n<p><b>Informations sur le produit :<\/b><br \/>\n<span style=\"font-size: 1em;\">Type de motif : patchwork<\/span><\/p>\n<p>Style : jeune<br \/>\nStyle jeune : Boh\u00e8me<br \/>\nMat\u00e9riau : fibre de polyester<br \/>\nLieu d'origine : CN (Lieu d'origine)<br \/>\n\u00c2ge : 18-35 ans<br \/>\nAjustement : Taille ajust\u00e9e, sous r\u00e9serve de votre taille normale<br \/>\nDate de sortie : \u00c9t\u00e9 2021<\/p>\n<p><b>\u00a0<\/b><\/p>\n<p><b>Informations sur la taille :<\/b><\/p>\n<p><img decoding=\"async\" src=\"https:\/\/cf.cjdropshipping.com\/1623050367639.png\" alt=\"\"><\/p>\n<p><b>\u00a0<\/b><\/p>\n<p><b>Remarque :<\/b><br \/>\n1. Les tailles asiatiques sont 1 \u00e0 2 tailles plus petites que les tailles europ\u00e9ennes et am\u00e9ricaines. Choisissez la taille la plus grande si votre taille se situe entre deux tailles. Veuillez tenir compte d'une diff\u00e9rence de 2 \u00e0 3 cm due aux mesures manuelles.<br \/>\n2. Si vous ne savez pas comment choisir votre taille, veuillez contacter notre service client\u00e8le.<br \/>\n3. comme vous le savez, les ordinateurs affichent les couleurs diff\u00e9remment, la couleur de l'article r\u00e9el peut varier l\u00e9g\u00e8rement par rapport aux images suivantes.<\/p>\n<p><b>Liste d'emballage :<\/b><\/p>\n<p>Maillot de bainx1<\/p>\n<p><img decoding=\"async\" src=\"https:\/\/cf.cjdropshipping.com\/1623050427382.jpg\" alt=\"\"><br \/>\n<img decoding=\"async\" src=\"https:\/\/cf.cjdropshipping.com\/1623050427286.jpg\" alt=\"\"><br \/>\n<img decoding=\"async\" src=\"https:\/\/cf.cjdropshipping.com\/1623050427377.jpg\" alt=\"\"><br \/>\n<img decoding=\"async\" src=\"https:\/\/cf.cjdropshipping.com\/1623050427380.jpg\" alt=\"\"><br \/>\n<img decoding=\"async\" src=\"https:\/\/cf.cjdropshipping.com\/1623050427369.jpg\" alt=\"\"><\/p>","protected":false},"excerpt":{"rendered":"<p>Les robes creuses allient \u00e9l\u00e9gance chic et coupes audacieuses, offrant un m\u00e9lange parfait de sophistication et d'audace pour rehausser votre look sans effort. Id\u00e9ales pour faire une d\u00e9claration inoubliable lors d'\u00e9v\u00e9nements ou de f\u00eates.<\/p>","protected":false},"featured_media":13849,"comment_status":"open","ping_status":"closed","template":"","meta":[],"product_brand":[],"product_cat":[16],"product_tag":[],"class_list":{"0":"post-13855","1":"product","2":"type-product","3":"status-publish","4":"has-post-thumbnail","6":"product_cat-cover-ups","8":"first","9":"instock","10":"taxable","11":"shipping-taxable","12":"purchasable","13":"product-type-variable"},"_links":{"self":[{"href":"https:\/\/beacheden.com\/fr\/wp-json\/wp\/v2\/product\/13855","targetHints":{"allow":["GET"]}}],"collection":[{"href":"https:\/\/beacheden.com\/fr\/wp-json\/wp\/v2\/product"}],"about":[{"href":"https:\/\/beacheden.com\/fr\/wp-json\/wp\/v2\/types\/product"}],"replies":[{"embeddable":true,"href":"https:\/\/beacheden.com\/fr\/wp-json\/wp\/v2\/comments?post=13855"}],"wp:featuredmedia":[{"embeddable":true,"href":"https:\/\/beacheden.com\/fr\/wp-json\/wp\/v2\/media\/13849"}],"wp:attachment":[{"href":"https:\/\/beacheden.com\/fr\/wp-json\/wp\/v2\/media?parent=13855"}],"wp:term":[{"taxonomy":"product_brand","embeddable":true,"href":"https:\/\/beacheden.com\/fr\/wp-json\/wp\/v2\/product_brand?post=13855"},{"taxonomy":"product_cat","embeddable":true,"href":"https:\/\/beacheden.com\/fr\/wp-json\/wp\/v2\/product_cat?post=13855"},{"taxonomy":"product_tag","embeddable":true,"href":"https:\/\/beacheden.com\/fr\/wp-json\/wp\/v2\/product_tag?post=13855"}],"curies":[{"name":"wp","href":"https:\/\/api.w.org\/{rel}","templated":true}]}}