{"id":13824,"date":"2025-03-30T03:17:21","date_gmt":"2025-03-30T10:17:21","guid":{"rendered":"https:\/\/beacheden.com\/new-beach-cover-up-hollow-out-vacation-bikini-sweater\/"},"modified":"2025-07-21T14:01:25","modified_gmt":"2025-07-21T21:01:25","slug":"maillot-de-bain-2","status":"publish","type":"product","link":"https:\/\/beacheden.com\/fr\/maillot-de-bain-2\/","title":{"rendered":"New Beach Cover-up Hollow-out Vacation Bikini Sweater"},"content":{"rendered":"<p>Maillot de bain con\u00e7u pour allier harmonieusement mode et fonctionnalit\u00e9. Parfait pour les jours de plage ou pour se pr\u00e9lasser au bord de la piscine, ce v\u00eatement polyvalent offre un style et un confort sans effort.<\/p>\n<p>Confectionn\u00e9 dans un tissu l\u00e9ger \u00e0 s\u00e9chage rapide, il vous permet de rester chic lorsque vous passez de l'eau \u00e0 la terre. Avec sa coupe flatteuse et ses d\u00e9tails qui attirent l'attention, ce maillot de bain est l'indispensable de l'\u00e9t\u00e9. Rehaussez votre look et prenez confiance en vous avec une robe de chambre. <a href=\"https:\/\/beacheden.com\/fr\/couverture-a-franges\/?wmc-currency=EUR\" title=\"Beach Crochet Fringed Swimsuit Cover-up\" target=\"_blank\" rel=\"noopener\"  data-wpil-monitor-id=\"57\">maillot de bain<\/a> qui est aussi unique que vous l'\u00eates !<\/p>\n<p><b>Informations sur le produit :<\/b><br \/>\nNom du tissu : m\u00e9lange de coton<br \/>\nCouleur : blanc, abricot, noir, brocart mod\u00e8le photo<br \/>\nTaille : petite, moyenne, grande<br \/>\nSexe applicable : F\u00e9minin<br \/>\nGroupe d'\u00e2ge concern\u00e9 : 20-35 ans<br \/>\nComposition du tissu : Nylon<br \/>\nStyle : Costume de plage pour couple<br \/>\nNom de la doublure : Fibre de polyester<\/p>\n<p><b>Taille :<\/b><\/p>\n<p><img decoding=\"async\" src=\"https:\/\/cf.cjdropshipping.com\/7d635bd8-0479-4329-bbe1-bfcf42a4b414.jpg?x-oss-process=image\/quality,q_100\" alt=\"\"><\/p>\n<p><b>Remarque :<\/b><\/p>\n<p>1. Les tailles asiatiques sont 1 \u00e0 2 tailles plus petites que les tailles europ\u00e9ennes et am\u00e9ricaines. Choisissez la taille la plus grande si votre taille se situe entre deux tailles. Veuillez tenir compte d'une diff\u00e9rence de 2 \u00e0 3 cm due aux mesures manuelles. 2. Si vous ne savez pas comment choisir votre taille, veuillez contacter notre service client\u00e8le. 3) Comme vous le savez, les ordinateurs affichent les couleurs diff\u00e9remment, la couleur de l'article r\u00e9el peut varier l\u00e9g\u00e8rement par rapport aux images suivantes.<\/p>\n<p><b>Liste d'emballage : <\/b><\/p>\n<p>Robe x1<\/p>\n<p><b>Image du produit :<\/b><\/p>\n<p><img decoding=\"async\" src=\"https:\/\/cf.cjdropshipping.com\/3a9c521a-1afa-412f-b031-1eb435d5921d.jpg\" alt=\"\"><br \/>\n<img decoding=\"async\" src=\"https:\/\/cf.cjdropshipping.com\/69ab158f-0750-46eb-8e30-3e0ae17fef24.jpg\" alt=\"\"><br \/>\n<img loading=\"lazy\" decoding=\"async\" class=\"alignnone\" src=\"https:\/\/cf.cjdropshipping.com\/dc41de9c-def0-4994-a0f9-a116bdd83bc2.jpg\" alt=\"Maillot de bain\" width=\"1340\" height=\"1785\" \/><br \/>\n<img decoding=\"async\" src=\"https:\/\/cf.cjdropshipping.com\/7818f948-a282-4816-98d2-acefd78de204.jpg\" alt=\"\"><br \/>\n<img decoding=\"async\" src=\"https:\/\/cf.cjdropshipping.com\/9975fbb9-2480-4b30-8a52-89fec4ac8969.jpg\" alt=\"\"><\/p>","protected":false},"excerpt":{"rendered":"<p>Maillot de bain r\u00e9imagin\u00e9 pour le style et le confort. L\u00e9ger, tendance et facile \u00e0 porter, c'est le v\u00eatement id\u00e9al pour passer de la plage \u00e0 la rue !<\/p>","protected":false},"featured_media":13815,"comment_status":"open","ping_status":"closed","template":"","meta":[],"product_brand":[],"product_cat":[16],"product_tag":[],"class_list":{"0":"post-13824","1":"product","2":"type-product","3":"status-publish","4":"has-post-thumbnail","6":"product_cat-cover-ups","8":"first","9":"instock","10":"taxable","11":"shipping-taxable","12":"purchasable","13":"product-type-variable"},"_links":{"self":[{"href":"https:\/\/beacheden.com\/fr\/wp-json\/wp\/v2\/product\/13824","targetHints":{"allow":["GET"]}}],"collection":[{"href":"https:\/\/beacheden.com\/fr\/wp-json\/wp\/v2\/product"}],"about":[{"href":"https:\/\/beacheden.com\/fr\/wp-json\/wp\/v2\/types\/product"}],"replies":[{"embeddable":true,"href":"https:\/\/beacheden.com\/fr\/wp-json\/wp\/v2\/comments?post=13824"}],"wp:featuredmedia":[{"embeddable":true,"href":"https:\/\/beacheden.com\/fr\/wp-json\/wp\/v2\/media\/13815"}],"wp:attachment":[{"href":"https:\/\/beacheden.com\/fr\/wp-json\/wp\/v2\/media?parent=13824"}],"wp:term":[{"taxonomy":"product_brand","embeddable":true,"href":"https:\/\/beacheden.com\/fr\/wp-json\/wp\/v2\/product_brand?post=13824"},{"taxonomy":"product_cat","embeddable":true,"href":"https:\/\/beacheden.com\/fr\/wp-json\/wp\/v2\/product_cat?post=13824"},{"taxonomy":"product_tag","embeddable":true,"href":"https:\/\/beacheden.com\/fr\/wp-json\/wp\/v2\/product_tag?post=13824"}],"curies":[{"name":"wp","href":"https:\/\/api.w.org\/{rel}","templated":true}]}}