{"id":13806,"date":"2025-03-30T03:15:14","date_gmt":"2025-03-30T10:15:14","guid":{"rendered":"https:\/\/beacheden.com\/perspective-bronzing-strap-beach-long-dress\/"},"modified":"2025-04-13T03:28:22","modified_gmt":"2025-04-13T10:28:22","slug":"robe-longue-de-plage","status":"publish","type":"product","link":"https:\/\/beacheden.com\/fr\/robe-longue-de-plage\/","title":{"rendered":"Robe longue de plage \u00e0 bretelles bronzantes en perspective"},"content":{"rendered":"<p>Laissez-vous s\u00e9duire par l'attrait de notre <strong>robe longue de plage <\/strong>Cette robe a \u00e9t\u00e9 con\u00e7ue pour rendre chaque moment inoubliable. Con\u00e7ue avec des silhouettes fluides et des tissus l\u00e9gers, cette robe est le choix id\u00e9al pour les promenades en bord de mer, les cocktails au coucher du soleil ou les escapades tropicales. Son design \u00e9l\u00e9gant flatte toutes les morphologies tout en offrant un confort in\u00e9gal\u00e9, pour que vous vous sentiez aussi belle que vous \u00eates belle.<\/p>\n<p>Que vous soyez sur les rivages sablonneux ou que vous sirotiez un caf\u00e9 au bord de l'oc\u00e9an, cette pi\u00e8ce polyvalente passe sans effort du jour \u00e0 la nuit. Rehaussez votre garde-robe avec un <a href=\"https:\/\/beacheden.com\/fr\/robe-de-plage-sexy\/?wmc-currency=EUR\" title=\"Robe de plage sexy avec \u00e9charpe Ice Silk Seaside\" target=\"_blank\" rel=\"noopener\"  data-wpil-monitor-id=\"176\">robe longue de plage<\/a> qui incarne un style sans effort et une beaut\u00e9 intemporelle, parce que vous m\u00e9ritez de briller partout o\u00f9 la vie vous m\u00e8ne. Achetez d\u00e8s maintenant et faites l'exp\u00e9rience du luxe red\u00e9fini !<\/p>\n<p>Nom du tissu : Bronzage<br \/>\nComposition du tissu principal : fibre de polyester (polyester)<br \/>\nContenu de l'ingr\u00e9dient principal du tissu : 81%-90%<\/p>\n<table border=\"0\" width=\"100%\" cellspacing=\"0\" cellpadding=\"0\">\n<tbody>\n<tr>\n<th>taille<\/th>\n<th>\u00a0buste<\/th>\n<th>taille<\/th>\n<th>\u00a0longueur<\/th>\n<th><\/th>\n<\/tr>\n<tr>\n<td>\u00a0S<\/td>\n<td>\u00a082<\/td>\n<td>\u00a066<\/td>\n<td>\u00a0129<\/td>\n<td><\/td>\n<\/tr>\n<tr>\n<td>\u00a0M<\/td>\n<td>\u00a086<\/td>\n<td>\u00a070<\/td>\n<td>\u00a0130<\/td>\n<td><\/td>\n<\/tr>\n<tr>\n<td>\u00a0L<\/td>\n<td>\u00a090<\/td>\n<td>\u00a074<\/td>\n<td>131<\/td>\n<td><\/td>\n<\/tr>\n<tr>\n<td>\u00a0XL<\/td>\n<td>\u00a094<\/td>\n<td>\u00a078<\/td>\n<td>\u00a0132<\/td>\n<td><\/td>\n<\/tr>\n<\/tbody>\n<\/table>\n<p>UNIT\u00c9:CM<\/p>\n<p>1. Les tailles asiatiques sont 1 \u00e0 2 tailles plus petites que les tailles europ\u00e9ennes et am\u00e9ricaines. Choisissez la taille la plus grande si votre taille se situe entre deux tailles. Veuillez tenir compte d'une diff\u00e9rence de 2 \u00e0 3 cm due aux mesures manuelles.<\/p>\n<p>2. Si vous ne savez pas comment choisir votre taille, veuillez contacter notre service client\u00e8le.<\/p>\n<p>3. comme vous le savez, les ordinateurs affichent les couleurs diff\u00e9remment, la couleur de l'article r\u00e9el peut varier l\u00e9g\u00e8rement par rapport aux images suivantes.<\/p>\n<p><img loading=\"lazy\" decoding=\"async\" class=\"alignnone\" src=\"https:\/\/cf.cjdropshipping.com\/5717ff19-85ca-44b4-9962-0b43c55c09f3.jpg\" alt=\"Robe longue de plage\" width=\"640\" height=\"800\" \/> <img decoding=\"async\" src=\"https:\/\/cf.cjdropshipping.com\/2201138c-e508-429f-b2b5-0efc4ec8b2da.jpg\" alt=\"\"> <img decoding=\"async\" src=\"https:\/\/cf.cjdropshipping.com\/75c4f729-cae2-4d76-a1a8-181987d57d65.jpg\" alt=\"\"> <img decoding=\"async\" src=\"https:\/\/cf.cjdropshipping.com\/1f75f315-f10e-40de-858c-3306d8d66c52.jpg\" alt=\"\"> <img decoding=\"async\" src=\"https:\/\/cf.cjdropshipping.com\/109eca8f-567a-46fb-abf1-5b7cb661b672.jpg\" alt=\"\"><\/p>","protected":false},"excerpt":{"rendered":"<p>Robe longue de plage con\u00e7ue pour un confort et une \u00e9l\u00e9gance ultimes. Parfaite pour les promenades au coucher du soleil ou les escapades tropicales, cette pi\u00e8ce ma\u00eetresse fluide allie style et aisance. Adoptez un charme sans effort d\u00e8s aujourd'hui !<\/p>","protected":false},"featured_media":13801,"comment_status":"open","ping_status":"closed","template":"","meta":[],"product_brand":[],"product_cat":[16],"product_tag":[],"class_list":{"0":"post-13806","1":"product","2":"type-product","3":"status-publish","4":"has-post-thumbnail","6":"product_cat-cover-ups","8":"first","9":"instock","10":"taxable","11":"shipping-taxable","12":"purchasable","13":"product-type-variable"},"_links":{"self":[{"href":"https:\/\/beacheden.com\/fr\/wp-json\/wp\/v2\/product\/13806","targetHints":{"allow":["GET"]}}],"collection":[{"href":"https:\/\/beacheden.com\/fr\/wp-json\/wp\/v2\/product"}],"about":[{"href":"https:\/\/beacheden.com\/fr\/wp-json\/wp\/v2\/types\/product"}],"replies":[{"embeddable":true,"href":"https:\/\/beacheden.com\/fr\/wp-json\/wp\/v2\/comments?post=13806"}],"wp:featuredmedia":[{"embeddable":true,"href":"https:\/\/beacheden.com\/fr\/wp-json\/wp\/v2\/media\/13801"}],"wp:attachment":[{"href":"https:\/\/beacheden.com\/fr\/wp-json\/wp\/v2\/media?parent=13806"}],"wp:term":[{"taxonomy":"product_brand","embeddable":true,"href":"https:\/\/beacheden.com\/fr\/wp-json\/wp\/v2\/product_brand?post=13806"},{"taxonomy":"product_cat","embeddable":true,"href":"https:\/\/beacheden.com\/fr\/wp-json\/wp\/v2\/product_cat?post=13806"},{"taxonomy":"product_tag","embeddable":true,"href":"https:\/\/beacheden.com\/fr\/wp-json\/wp\/v2\/product_tag?post=13806"}],"curies":[{"name":"wp","href":"https:\/\/api.w.org\/{rel}","templated":true}]}}