{"id":13716,"date":"2025-03-30T03:10:36","date_gmt":"2025-03-30T10:10:36","guid":{"rendered":"https:\/\/beacheden.com\/explosive-sexy-beach-dress-holiday-dress-striped-suspender-dress\/"},"modified":"2025-04-20T07:57:48","modified_gmt":"2025-04-20T14:57:48","slug":"robe-de-plage-rayee-a-bretelles","status":"publish","type":"product","link":"https:\/\/beacheden.com\/fr\/robe-de-plage-rayee-a-bretelles\/","title":{"rendered":"Robe de plage explosive et sexy, robe de vacances, robe \u00e0 bretelles ray\u00e9e"},"content":{"rendered":"<p>Entrez dans le style avec le <strong>Robe de plage ray\u00e9e \u00e0 bretelles <\/strong>Cette robe est un incontournable de votre garde-robe estivale. Con\u00e7ue pour allier confort et mode, cette robe pr\u00e9sente un motif ray\u00e9 ludique et des bretelles r\u00e9glables qui s'adaptent parfaitement \u00e0 toutes les morphologies.<\/p>\n<p>Confectionn\u00e9 dans un tissu doux et respirant, il est parfait pour les journ\u00e9es de plage ensoleill\u00e9es ou les promenades d\u00e9contract\u00e9es au bord de la mer. La silhouette d\u00e9contract\u00e9e flatte sans effort, tandis que le design polyvalent vous permet de l'habiller ou de l'abaisser.<\/p>\n<p>Que vous sirotiez des cocktails au coucher du soleil ou que vous fassiez un pique-nique au bord de la mer, ce porte-jarretelles \u00e0 rayures vous permettra de vous sentir \u00e0 l'aise. <a href=\"https:\/\/beacheden.com\/fr\/robe-de-plage-en-bandouliere\/?wmc-currency=EUR\" title=\"Robe de plage en bandouli\u00e8re pour femmes europ\u00e9ennes et am\u00e9ricaines\" target=\"_blank\" rel=\"noopener\"  data-wpil-monitor-id=\"174\">La robe de plage est le compagnon id\u00e9al pour les beaux jours<\/a>. Adoptez l'\u00e9l\u00e9gance sans effort et faites des vagues cette saison !<\/p>\n<p><b>Informations sur le produit :<br \/>\n<\/b> Style : Sexy<br \/>\nMotif : rayures<br \/>\nArtisanat : collage\/\u00e9pissage<br \/>\nStyle : sling<br \/>\nLongueur de la jupe : jupe courte<br \/>\nType de jupe : type \u00e0 grande ouverture<br \/>\nType de taille : taille haute<br \/>\nPatte de boutonnage : couverture<br \/>\n\u00c9l\u00e9ments populaires : coutures<br \/>\nComposition du tissu principal : coton<br \/>\nContenu de l'ingr\u00e9dient principal du tissu : 71%-80%<br \/>\nComposition du tissu principal 2 : Spandex<br \/>\nContenu de l'ingr\u00e9dient 2 du tissu principal : 10%-29%<br \/>\nComposition de la doublure : Spandex<br \/>\nTeneur en ingr\u00e9dients de la doublure : 10%-29%<br \/>\nCouleur : noir, blanc, violet, bleu, bleu marine<\/p>\n<p><b> Emballage :<br \/>\n<\/b> Robe*1<\/p>\n<p><b> Informations sur la taille<br \/>\n<\/b> S, M, L, XL, XXL<\/p>\n<p>&nbsp;<\/p>\n<p><img decoding=\"async\" src=\"https:\/\/cf.cjdropshipping.com\/1623827573556.jpg\" alt=\"\"> <img decoding=\"async\" src=\"https:\/\/cf.cjdropshipping.com\/1623827573549.jpg\" alt=\"\"> <img loading=\"lazy\" decoding=\"async\" class=\"alignnone\" src=\"https:\/\/cf.cjdropshipping.com\/1623827573554.jpg\" alt=\"Robe de plage ray\u00e9e \u00e0 bretelles\" width=\"800\" height=\"800\" \/> <img decoding=\"async\" src=\"https:\/\/cf.cjdropshipping.com\/1623827573553.jpg\" alt=\"\"> <img decoding=\"async\" src=\"https:\/\/cf.cjdropshipping.com\/1623827573551.jpg\" alt=\"\"><\/p>\n<p><img decoding=\"async\" src=\"https:\/\/cf.cjdropshipping.com\/1623827529558.jpg\" alt=\"\"> <img decoding=\"async\" src=\"https:\/\/cf.cjdropshipping.com\/1623827529555.jpg\" alt=\"\"> <img decoding=\"async\" src=\"https:\/\/cf.cjdropshipping.com\/1623827529552.jpg\" alt=\"\"> <img decoding=\"async\" src=\"https:\/\/cf.cjdropshipping.com\/1623827529560.jpg\" alt=\"\"> <img decoding=\"async\" src=\"https:\/\/cf.cjdropshipping.com\/1623827529554.jpg\" alt=\"\"><\/p>","protected":false},"excerpt":{"rendered":"<p>La robe de plage \u00e0 bretelles ray\u00e9es offre une coupe chic et d\u00e9contract\u00e9e avec des bretelles r\u00e9glables et un motif ray\u00e9 tr\u00e8s tendance. Id\u00e9ale pour les escapades au bord de la mer ou les sorties d\u00e9contract\u00e9es. Rehaussez votre garde-robe d\u00e8s aujourd'hui !<\/p>","protected":false},"featured_media":13709,"comment_status":"open","ping_status":"closed","template":"","meta":[],"product_brand":[],"product_cat":[16],"product_tag":[],"class_list":{"0":"post-13716","1":"product","2":"type-product","3":"status-publish","4":"has-post-thumbnail","6":"product_cat-cover-ups","8":"first","9":"instock","10":"taxable","11":"shipping-taxable","12":"purchasable","13":"product-type-variable"},"_links":{"self":[{"href":"https:\/\/beacheden.com\/fr\/wp-json\/wp\/v2\/product\/13716","targetHints":{"allow":["GET"]}}],"collection":[{"href":"https:\/\/beacheden.com\/fr\/wp-json\/wp\/v2\/product"}],"about":[{"href":"https:\/\/beacheden.com\/fr\/wp-json\/wp\/v2\/types\/product"}],"replies":[{"embeddable":true,"href":"https:\/\/beacheden.com\/fr\/wp-json\/wp\/v2\/comments?post=13716"}],"wp:featuredmedia":[{"embeddable":true,"href":"https:\/\/beacheden.com\/fr\/wp-json\/wp\/v2\/media\/13709"}],"wp:attachment":[{"href":"https:\/\/beacheden.com\/fr\/wp-json\/wp\/v2\/media?parent=13716"}],"wp:term":[{"taxonomy":"product_brand","embeddable":true,"href":"https:\/\/beacheden.com\/fr\/wp-json\/wp\/v2\/product_brand?post=13716"},{"taxonomy":"product_cat","embeddable":true,"href":"https:\/\/beacheden.com\/fr\/wp-json\/wp\/v2\/product_cat?post=13716"},{"taxonomy":"product_tag","embeddable":true,"href":"https:\/\/beacheden.com\/fr\/wp-json\/wp\/v2\/product_tag?post=13716"}],"curies":[{"name":"wp","href":"https:\/\/api.w.org\/{rel}","templated":true}]}}