{"id":13570,"date":"2025-03-30T03:03:57","date_gmt":"2025-03-30T10:03:57","guid":{"rendered":"https:\/\/beacheden.com\/basic-european-and-american-style-fashion-dress\/"},"modified":"2025-04-20T06:51:35","modified_gmt":"2025-04-20T13:51:35","slug":"robe-a-fente-haute","status":"publish","type":"product","link":"https:\/\/beacheden.com\/fr\/robe-a-fente-haute\/","title":{"rendered":"Robe de base \u00e0 la mode europ\u00e9enne et am\u00e9ricaine"},"content":{"rendered":"<p>Sous les feux de la rampe gr\u00e2ce \u00e0 nos superbes <strong>robe \u00e0 fente haute <\/strong>Cette robe est con\u00e7ue pour laisser une impression durable. Cette pi\u00e8ce captivante allie l'\u00e9l\u00e9gance audacieuse \u00e0 la sophistication moderne, avec une fente audacieuse qui ajoute une touche d'allure tout en conservant une gr\u00e2ce intemporelle.<\/p>\n<p>Fabriqu\u00e9e \u00e0 partir de mat\u00e9riaux de qualit\u00e9 sup\u00e9rieure, elle garantit une coupe impeccable et un confort in\u00e9gal\u00e9. Que vous assistiez \u00e0 un \u00e9v\u00e9nement glamour ou \u00e0 une soir\u00e9e romantique, cette robe est votre ultime d\u00e9claration de style.<\/p>\n<p>Prenez confiance en vous, prenez le pouvoir - choisissez une robe \u00e0 fente haute qui en dit long sans avoir \u00e0 prononcer un mot. Achetez d\u00e8s maintenant et red\u00e9finissez votre garde-robe avec ce chef-d'\u0153uvre incontournable.<\/p>\n<p><b>Informations sur le produit :<\/b><br \/>\nStyle : basique<br \/>\nForme de combinaison : une pi\u00e8ce<br \/>\nType de jupe : jupe irr\u00e9guli\u00e8re<br \/>\nComposition du tissu principal : fibre de polyester (polyester)<br \/>\nContenu des principaux ingr\u00e9dients du tissu : 91%-99%<br \/>\nCouleur : blanc, jaune, rouge vin, gris, noir, violet, rouge rose, gris clair, bleu, rose, orange<\/p>\n<p><b>Informations sur la taille :<\/b><br \/>\nTaille : S,M,L,XL,2XL,3XL,4XL,5XL<\/p>\n<p><img decoding=\"async\" src=\"https:\/\/cf.cjdropshipping.com\/62a71fb8-f1c5-4435-bc36-852dba3aafce.png\" alt=\"\"><\/p>\n<p>&nbsp;<\/p>\n<p><b>Remarque :<\/b><br \/>\n1. Les tailles asiatiques sont 1 \u00e0 2 tailles plus petites que les tailles europ\u00e9ennes et am\u00e9ricaines. Choisissez la taille la plus grande si votre taille se situe entre deux tailles. Veuillez tenir compte d'une diff\u00e9rence de 2 \u00e0 3 cm due aux mesures manuelles.<br \/>\n2. Si vous ne savez pas comment choisir votre taille, veuillez contacter notre service client\u00e8le.<br \/>\n3. comme vous le savez, les ordinateurs affichent les couleurs diff\u00e9remment, la couleur de l'article r\u00e9el peut varier l\u00e9g\u00e8rement par rapport aux images suivantes.<\/p>\n<p><b>Liste d'emballage :<\/b><br \/>\nRobe *1<\/p>\n<p>&nbsp;<\/p>\n<p><img loading=\"lazy\" decoding=\"async\" class=\"alignnone\" src=\"https:\/\/cf.cjdropshipping.com\/64480a8c-2546-4ee3-94a6-7e454be566b3.jpg\" alt=\"Robe \u00e0 fente haute\" width=\"572\" height=\"570\" \/> <img loading=\"lazy\" decoding=\"async\" class=\"alignnone\" src=\"https:\/\/cf.cjdropshipping.com\/ba59898e-9b04-4702-a28e-945437e19132.jpg\" alt=\"Robe \u00e0 fente haute\" width=\"703\" height=\"759\" \/> <img decoding=\"async\" src=\"https:\/\/cf.cjdropshipping.com\/cbdba11c-09f2-47d8-a408-a5c4f913597c.jpg\" alt=\"\"> <img decoding=\"async\" src=\"https:\/\/cf.cjdropshipping.com\/b74c0c94-2b13-44d4-b16c-37e939f33287.jpg\" alt=\"\"> <img decoding=\"async\" src=\"https:\/\/cf.cjdropshipping.com\/ac3c715e-070b-47b7-8f6a-179eb68a061a.jpg\" alt=\"\"> <img decoding=\"async\" src=\"https:\/\/cf.cjdropshipping.com\/b630b872-44be-4756-8118-21a6131258d1.jpg\" alt=\"\"> <img decoding=\"async\" src=\"https:\/\/cf.cjdropshipping.com\/ddfdd648-640b-4a4b-b89d-a86757d44847.jpg\" alt=\"\"><\/p>","protected":false},"excerpt":{"rendered":"<p>Les collections de robes \u00e0 fente haute offrent un m\u00e9lange parfait d'allure et d'\u00e9l\u00e9gance, con\u00e7ues pour vous permettre de vous d\u00e9marquer sans effort \u00e0 chaque occasion.<\/p>","protected":false},"featured_media":13560,"comment_status":"open","ping_status":"closed","template":"","meta":[],"product_brand":[],"product_cat":[16],"product_tag":[],"class_list":{"0":"post-13570","1":"product","2":"type-product","3":"status-publish","4":"has-post-thumbnail","6":"product_cat-cover-ups","8":"first","9":"instock","10":"taxable","11":"shipping-taxable","12":"purchasable","13":"product-type-variable"},"_links":{"self":[{"href":"https:\/\/beacheden.com\/fr\/wp-json\/wp\/v2\/product\/13570","targetHints":{"allow":["GET"]}}],"collection":[{"href":"https:\/\/beacheden.com\/fr\/wp-json\/wp\/v2\/product"}],"about":[{"href":"https:\/\/beacheden.com\/fr\/wp-json\/wp\/v2\/types\/product"}],"replies":[{"embeddable":true,"href":"https:\/\/beacheden.com\/fr\/wp-json\/wp\/v2\/comments?post=13570"}],"wp:featuredmedia":[{"embeddable":true,"href":"https:\/\/beacheden.com\/fr\/wp-json\/wp\/v2\/media\/13560"}],"wp:attachment":[{"href":"https:\/\/beacheden.com\/fr\/wp-json\/wp\/v2\/media?parent=13570"}],"wp:term":[{"taxonomy":"product_brand","embeddable":true,"href":"https:\/\/beacheden.com\/fr\/wp-json\/wp\/v2\/product_brand?post=13570"},{"taxonomy":"product_cat","embeddable":true,"href":"https:\/\/beacheden.com\/fr\/wp-json\/wp\/v2\/product_cat?post=13570"},{"taxonomy":"product_tag","embeddable":true,"href":"https:\/\/beacheden.com\/fr\/wp-json\/wp\/v2\/product_tag?post=13570"}],"curies":[{"name":"wp","href":"https:\/\/api.w.org\/{rel}","templated":true}]}}