{"id":13551,"date":"2025-03-30T03:01:33","date_gmt":"2025-03-30T10:01:33","guid":{"rendered":"https:\/\/beacheden.com\/lace-beach-skirt-solid-beach-bikini\/"},"modified":"2025-09-23T12:18:22","modified_gmt":"2025-09-23T19:18:22","slug":"jupe-de-plage-en-dentelle","status":"publish","type":"product","link":"https:\/\/beacheden.com\/fr\/jupe-de-plage-en-dentelle\/","title":{"rendered":"Jupe de plage en dentelle Bikini de plage solide"},"content":{"rendered":"<p>Entrez dans l'\u00e9l\u00e9gance sans effort avec notre jupe de plage en dentelle, un must pour vos aventures au bord de la mer et vos escapades ensoleill\u00e9es. Con\u00e7ue avec des d\u00e9tails de dentelle complexes, cette jupe allie charme intemporel et style moderne, avec une coupe flatteuse qui bouge avec vous.<\/p>\n<p>L\u00e9g\u00e8re et respirante, elle est parfaite pour les chaudes journ\u00e9es de plage ou les promenades romantiques au coucher du soleil. Associ\u00e9e \u00e0 un d\u00e9bardeur d\u00e9contract\u00e9 ou \u00e0 un top chic, la jupe de plage en dentelle attire tous les regards. Profitez du confort, de la beaut\u00e9 et de la polyvalence - faites de cette pi\u00e8ce \u00e9tonnante la pi\u00e8ce ma\u00eetresse de votre garde-robe estivale d\u00e8s aujourd'hui !<\/p>\n<p><b>D\u00e9tails du produit :<\/b><\/p>\n<p>Composition du tissu : polyester<\/p>\n<p>Contenu du tissu : 80 (%)<\/p>\n<p>Domaine d'application : natation et pataugeage<\/p>\n<p>Couleur : blanc, noir, vert<\/p>\n<p>&nbsp;<\/p>\n<p><b>Informations sur la taille :<\/b><\/p>\n<p>Taille : Taille unique<\/p>\n<p>&nbsp;<\/p>\n<p><b>Contenu de l'emballage :<\/b><\/p>\n<p>Jupe X1<\/p>\n<p>&nbsp;<\/p>\n<p><img loading=\"lazy\" decoding=\"async\" class=\"alignnone\" src=\"https:\/\/cf.cjdropshipping.com\/17166816\/2405260133110320000.jpg\" alt=\"Jupe de plage en dentelle\" width=\"830\" height=\"1513\" \/><\/p>\n<p><img decoding=\"async\" src=\"https:\/\/cf.cjdropshipping.com\/17166816\/2405260133110320800.jpg\" alt=\"\"> <img decoding=\"async\" src=\"https:\/\/cf.cjdropshipping.com\/17166816\/2405260133110321600.jpg\" alt=\"\"> <img decoding=\"async\" src=\"https:\/\/cf.cjdropshipping.com\/17166816\/2405260133110322600.jpg\" alt=\"\"> <img decoding=\"async\" src=\"https:\/\/cf.cjdropshipping.com\/17166816\/2405260133110323800.jpg\" alt=\"\"> <img decoding=\"async\" src=\"https:\/\/cf.cjdropshipping.com\/17166816\/2405260133110324900.jpg\" alt=\"\"> <img decoding=\"async\" src=\"https:\/\/cf.cjdropshipping.com\/17166816\/2405260133110326100.jpg\" alt=\"\"> <img decoding=\"async\" src=\"https:\/\/cf.cjdropshipping.com\/17166816\/2405260133110327100.jpg\" alt=\"\"><\/p>","protected":false},"excerpt":{"rendered":"<p>La jupe de plage en dentelle offre un m\u00e9lange d'\u00e9l\u00e9gance et de confort, con\u00e7ue pour les promenades ensoleill\u00e9es et les soir\u00e9es ensoleill\u00e9es au bord de la mer. Son design en dentelle d\u00e9licate vous permet de vous d\u00e9marquer avec une gr\u00e2ce sans effort. Associez-la \u00e0 des sandales ou \u00e0 des talons pour parfaire votre look !<\/p>","protected":false},"featured_media":13544,"comment_status":"open","ping_status":"closed","template":"","meta":[],"product_brand":[],"product_cat":[16],"product_tag":[],"class_list":{"0":"post-13551","1":"product","2":"type-product","3":"status-publish","4":"has-post-thumbnail","6":"product_cat-cover-ups","8":"first","9":"instock","10":"taxable","11":"shipping-taxable","12":"purchasable","13":"product-type-variable"},"_links":{"self":[{"href":"https:\/\/beacheden.com\/fr\/wp-json\/wp\/v2\/product\/13551","targetHints":{"allow":["GET"]}}],"collection":[{"href":"https:\/\/beacheden.com\/fr\/wp-json\/wp\/v2\/product"}],"about":[{"href":"https:\/\/beacheden.com\/fr\/wp-json\/wp\/v2\/types\/product"}],"replies":[{"embeddable":true,"href":"https:\/\/beacheden.com\/fr\/wp-json\/wp\/v2\/comments?post=13551"}],"wp:featuredmedia":[{"embeddable":true,"href":"https:\/\/beacheden.com\/fr\/wp-json\/wp\/v2\/media\/13544"}],"wp:attachment":[{"href":"https:\/\/beacheden.com\/fr\/wp-json\/wp\/v2\/media?parent=13551"}],"wp:term":[{"taxonomy":"product_brand","embeddable":true,"href":"https:\/\/beacheden.com\/fr\/wp-json\/wp\/v2\/product_brand?post=13551"},{"taxonomy":"product_cat","embeddable":true,"href":"https:\/\/beacheden.com\/fr\/wp-json\/wp\/v2\/product_cat?post=13551"},{"taxonomy":"product_tag","embeddable":true,"href":"https:\/\/beacheden.com\/fr\/wp-json\/wp\/v2\/product_tag?post=13551"}],"curies":[{"name":"wp","href":"https:\/\/api.w.org\/{rel}","templated":true}]}}