{"id":13535,"date":"2025-03-30T02:59:20","date_gmt":"2025-03-30T09:59:20","guid":{"rendered":"https:\/\/beacheden.com\/womens-suit-color-beach-dress\/"},"modified":"2025-11-01T13:49:28","modified_gmt":"2025-11-01T20:49:28","slug":"robe-de-plage-a-fleurs","status":"publish","type":"product","link":"https:\/\/beacheden.com\/fr\/robe-de-plage-a-fleurs\/","title":{"rendered":"Robe de plage couleur tailleur pour femmes"},"content":{"rendered":"<p>La robe de plage florale est l'accessoire de base de l'\u00e9t\u00e9, con\u00e7u pour vous rendre radieuse sans effort. Dot\u00e9e d'un motif floral vibrant et d'une silhouette fluide, cette robe allie style et confort en toute occasion. Fabriqu\u00e9e dans un tissu l\u00e9ger et respirant, elle est parfaite pour les journ\u00e9es \u00e0 la plage, les rassemblements en plein air ou les escapades tropicales.<\/p>\n<p>Les <a href=\"https:\/\/beacheden.com\/fr\/combinaison-longue-a-imprime-chale-pour-femmes\/?wmc-currency=EUR\" title=\"Combinaison \u00e0 imprim\u00e9 long ch\u00e2le pour femmes, nouveau style europ\u00e9en et am\u00e9ricain\" target=\"_blank\" rel=\"noopener\"  data-wpil-monitor-id=\"100\">lien r\u00e9glable \u00e0 la taille<\/a> assure une coupe flatteuse, tandis que l'ourlet ludique ajoute une touche de charme. Que vous sirotiez des cocktails au bord de la mer ou que vous vous promeniez dans une ville baln\u00e9aire, cette robe de plage \u00e0 fleurs vous fera para\u00eetre et vous sentir fabuleuse tout au long de la saison. <a href=\"https:\/\/beacheden.com\/fr\/robe-creuse\/?wmc-currency=EUR\" title=\"Perspective Color Mesh Beach Blouse Dress\" target=\"_blank\" rel=\"noopener\"  data-wpil-monitor-id=\"185\">Am\u00e9liorez votre garde-robe<\/a> avec cette pi\u00e8ce incontournable qui capture l'essence de l'\u00e9l\u00e9gance estivale.<\/p>\n<p>Motif : impression<br \/>\nLongueur de la jupe : jupe longue<br \/>\nType de jupe : jupe irr\u00e9guli\u00e8re<br \/>\nType de col : Cardigan<br \/>\nLongueur des manches : manches longues<br \/>\nType de taille : taille \u00e9lastique<br \/>\nNom du tissu : Chiffon<br \/>\nComposition du tissu principal : fibre de polyester (polyester)<br \/>\nComposition du tissu principal : 91%-99%<br \/>\ncouleur : bleu<br \/>\nTaille : S, M, L, XL<\/p>\n<p>\u00c2ge appropri\u00e9 : 25-29 ans<\/p>\n<p><img decoding=\"async\" src=\"https:\/\/cf.cjdropshipping.com\/0d34a709-e7ce-454c-8242-bb3b6f52998a.jpg\" alt=\"\"><\/p>\n<p>1. Les tailles asiatiques sont 1 \u00e0 2 tailles plus petites que les tailles europ\u00e9ennes et am\u00e9ricaines. Choisissez la taille la plus grande si votre taille se situe entre deux tailles. Veuillez tenir compte d'une diff\u00e9rence de 2 \u00e0 3 cm due aux mesures manuelles.<\/p>\n<p>2. Si vous ne savez pas comment choisir votre taille, veuillez contacter notre service client\u00e8le.<\/p>\n<p>3. comme vous le savez, les ordinateurs affichent les couleurs diff\u00e9remment, la couleur de l'article r\u00e9el peut varier l\u00e9g\u00e8rement par rapport aux images suivantes.<\/p>\n<p><img loading=\"lazy\" decoding=\"async\" class=\"alignnone\" src=\"https:\/\/cf.cjdropshipping.com\/fc240c6f-154d-4267-93eb-9821db87a0d6.jpg\" alt=\"Robe de plage \u00e0 fleurs\" width=\"900\" height=\"900\" \/> <img decoding=\"async\" src=\"https:\/\/cf.cjdropshipping.com\/d456e185-c831-4cec-b86f-961727e062ee.jpg\" alt=\"\"> <img decoding=\"async\" src=\"https:\/\/cf.cjdropshipping.com\/d249a33e-e195-4881-b75d-35cffd002a52.jpg\" alt=\"\"> <img decoding=\"async\" src=\"https:\/\/cf.cjdropshipping.com\/62e3a375-6c06-4285-bdf5-4fd5e8fc62b0.jpg\" alt=\"\"> <img decoding=\"async\" src=\"https:\/\/cf.cjdropshipping.com\/80fcb533-a17e-4ee0-87ee-18f3b97c2e57.jpg\" alt=\"\"> <img decoding=\"async\" src=\"https:\/\/cf.cjdropshipping.com\/fe7e3578-83fc-452a-80f5-5482b45cdf93.jpg\" alt=\"\"><\/p>","protected":false},"excerpt":{"rendered":"<p>Robe de plage florale con\u00e7ue pour des aventures chics au bord de la mer. Sa coupe d\u00e9contract\u00e9e et son design accrocheur sont parfaits pour une escapade ensoleill\u00e9e.<\/p>","protected":false},"featured_media":13529,"comment_status":"open","ping_status":"closed","template":"","meta":[],"product_brand":[],"product_cat":[16],"product_tag":[],"class_list":{"0":"post-13535","1":"product","2":"type-product","3":"status-publish","4":"has-post-thumbnail","6":"product_cat-cover-ups","8":"first","9":"instock","10":"taxable","11":"shipping-taxable","12":"purchasable","13":"product-type-variable"},"_links":{"self":[{"href":"https:\/\/beacheden.com\/fr\/wp-json\/wp\/v2\/product\/13535","targetHints":{"allow":["GET"]}}],"collection":[{"href":"https:\/\/beacheden.com\/fr\/wp-json\/wp\/v2\/product"}],"about":[{"href":"https:\/\/beacheden.com\/fr\/wp-json\/wp\/v2\/types\/product"}],"replies":[{"embeddable":true,"href":"https:\/\/beacheden.com\/fr\/wp-json\/wp\/v2\/comments?post=13535"}],"wp:featuredmedia":[{"embeddable":true,"href":"https:\/\/beacheden.com\/fr\/wp-json\/wp\/v2\/media\/13529"}],"wp:attachment":[{"href":"https:\/\/beacheden.com\/fr\/wp-json\/wp\/v2\/media?parent=13535"}],"wp:term":[{"taxonomy":"product_brand","embeddable":true,"href":"https:\/\/beacheden.com\/fr\/wp-json\/wp\/v2\/product_brand?post=13535"},{"taxonomy":"product_cat","embeddable":true,"href":"https:\/\/beacheden.com\/fr\/wp-json\/wp\/v2\/product_cat?post=13535"},{"taxonomy":"product_tag","embeddable":true,"href":"https:\/\/beacheden.com\/fr\/wp-json\/wp\/v2\/product_tag?post=13535"}],"curies":[{"name":"wp","href":"https:\/\/api.w.org\/{rel}","templated":true}]}}