{"id":13484,"date":"2025-03-30T02:47:50","date_gmt":"2025-03-30T09:47:50","guid":{"rendered":"https:\/\/beacheden.com\/hot-diamond-shiny-swimsuit-hand-woven-fishing-net\/"},"modified":"2025-11-24T05:56:55","modified_gmt":"2025-11-24T13:56:55","slug":"bikini-filet-de-peche","status":"publish","type":"product","link":"https:\/\/beacheden.com\/fr\/bikini-filet-de-peche\/","title":{"rendered":"Maillot de bain brillant \u00e0 diamant chaud Filet de p\u00eache tiss\u00e9 \u00e0 la main"},"content":{"rendered":"<p>Cet \u00e9t\u00e9, faites parler de vous avec notre <strong>Bikini en filet de p\u00eache <\/strong>Ce bikini est le m\u00e9lange ultime d'un style audacieux et d'un confort sans effort. Con\u00e7u pour les adeptes modernes de la plage, ce bikini est dot\u00e9 d'un motif en filet qui attire l'attention et d\u00e9gage confiance et allure.<\/p>\n<p>Fabriqu\u00e9 avec des mat\u00e9riaux de premi\u00e8re qualit\u00e9, il assure un ajustement parfait tout en \u00e9tant durable pour toutes vos aventures au bord de la mer. Que vous vous pr\u00e9lassiez au bord des vagues ou que vous preniez le soleil, ce bikini est votre meilleur choix pour vous d\u00e9marquer avec style. Adoptez la tendance qui red\u00e9finit les v\u00eatements de plage - soyez intr\u00e9pide, soyez inoubliable.<\/p>\n<p><b>Informations sur le produit :<\/b><\/p>\n<p>Nom du tissu : fibre de polyester (polyester)<br \/>\nStyle : Sports<br \/>\nCouleur : noir, blanc<\/p>\n<p>Caract\u00e9ristiques :<\/p>\n<p>Artisanat : collage\/\u00e9pissage<\/p>\n<p>Type de style : hipster de rue<\/p>\n<p>&nbsp;<\/p>\n<p><b>Liste d'emballage :<\/b><\/p>\n<p><span style=\"font-size: 1em;\">Bikini*1<\/span><\/p>\n<p><img decoding=\"async\" src=\"https:\/\/cf.cjdropshipping.com\/0f18d55d-130c-4b5c-997f-e37cd8d9aa3d.jpg\" alt=\"\"> <img decoding=\"async\" src=\"https:\/\/cf.cjdropshipping.com\/843db34e-738d-4544-b3b9-b8ede8f89e8f.jpg\" alt=\"\"> <img decoding=\"async\" src=\"https:\/\/cf.cjdropshipping.com\/170aad93-11ad-4d14-b395-a1c41add4a72.jpg\" alt=\"\"> <img decoding=\"async\" src=\"https:\/\/cf.cjdropshipping.com\/271a22e2-c36f-4390-8a7a-0406b80711d3.jpg\" alt=\"\"> <img loading=\"lazy\" decoding=\"async\" class=\"alignnone\" src=\"https:\/\/cf.cjdropshipping.com\/a7465965-5706-48d4-926c-c8707b24c68f.jpg\" alt=\"Bikini en filet de p\u00eache\" width=\"800\" height=\"800\" \/> <span style=\"font-size: 1em;\"><br \/>\n<\/span><\/p>","protected":false},"excerpt":{"rendered":"<p>Bikini en filet de p\u00eache con\u00e7u pour faire tourner les t\u00eates cet \u00e9t\u00e9. Adoptez des motifs audacieux, un confort ultime et de l'\u00e9l\u00e9gance. Parfait pour les baigneuses s\u00fbres d'elles et pr\u00eates \u00e0 briller !<\/p>","protected":false},"featured_media":13474,"comment_status":"open","ping_status":"closed","template":"","meta":[],"product_brand":[],"product_cat":[16],"product_tag":[],"class_list":{"0":"post-13484","1":"product","2":"type-product","3":"status-publish","4":"has-post-thumbnail","6":"product_cat-cover-ups","8":"first","9":"instock","10":"taxable","11":"shipping-taxable","12":"purchasable","13":"product-type-variable"},"_links":{"self":[{"href":"https:\/\/beacheden.com\/fr\/wp-json\/wp\/v2\/product\/13484","targetHints":{"allow":["GET"]}}],"collection":[{"href":"https:\/\/beacheden.com\/fr\/wp-json\/wp\/v2\/product"}],"about":[{"href":"https:\/\/beacheden.com\/fr\/wp-json\/wp\/v2\/types\/product"}],"replies":[{"embeddable":true,"href":"https:\/\/beacheden.com\/fr\/wp-json\/wp\/v2\/comments?post=13484"}],"wp:featuredmedia":[{"embeddable":true,"href":"https:\/\/beacheden.com\/fr\/wp-json\/wp\/v2\/media\/13474"}],"wp:attachment":[{"href":"https:\/\/beacheden.com\/fr\/wp-json\/wp\/v2\/media?parent=13484"}],"wp:term":[{"taxonomy":"product_brand","embeddable":true,"href":"https:\/\/beacheden.com\/fr\/wp-json\/wp\/v2\/product_brand?post=13484"},{"taxonomy":"product_cat","embeddable":true,"href":"https:\/\/beacheden.com\/fr\/wp-json\/wp\/v2\/product_cat?post=13484"},{"taxonomy":"product_tag","embeddable":true,"href":"https:\/\/beacheden.com\/fr\/wp-json\/wp\/v2\/product_tag?post=13484"}],"curies":[{"name":"wp","href":"https:\/\/api.w.org\/{rel}","templated":true}]}}