{"id":13412,"date":"2025-03-29T16:11:45","date_gmt":"2025-03-29T23:11:45","guid":{"rendered":"https:\/\/beacheden.com\/new-style-beach-towel-bath-dress-towel-2\/"},"modified":"2025-06-10T05:08:15","modified_gmt":"2025-06-10T12:08:15","slug":"nouveau-style-serviette-de-plage-serviette-de-bain-2","status":"publish","type":"product","link":"https:\/\/beacheden.com\/fr\/nouveau-style-serviette-de-plage-serviette-de-bain-2\/","title":{"rendered":"Serviette de plage New Style - Serviette de bain habill\u00e9e"},"content":{"rendered":"<p> <b>Vue d'ensemble :<\/b> <br \/> Il s'agit non seulement d'une serviette de bain d\u00e9contract\u00e9e et confortable, mais aussi d'une serviette \u00e0 la mode et sexy. <br \/> Pour les sorties estivales, le porter \u00e0 la plage ou \u00e0 la piscine doit \u00eatre le plus beau des d\u00e9cors. <br \/> L'essuyage de l'eau et de la cr\u00e8me solaire est pratique et sexy. Compar\u00e9 \u00e0 toutes sortes de serviettes de plage \u00e9blouissantes, son style pur doit \u00eatre le nouveau favori de la mer. <br \/> Nombreuses utilisations, excellent rapport qualit\u00e9-prix ! <br \/> Pratique et sexy, un article de mode indispensable pour MM. ne le manquez pas ! <br \/> La microfibre et la rayonne sont constitu\u00e9es de deux types de mat\u00e9riaux, avec des choix et des effets diff\u00e9rents. <\/p>\n<p> <b>Informations sur le produit :<\/b> <br \/> Taille :&nbsp; <\/p>\n<p>S=140*70cm<\/p>\n<p>L =80*150cm<\/p>\n<p> Poids : 240g <br \/> Couleur : rose\/rouge\/bleu\/violet <br \/> Mat\u00e9riau : fibre de polyester <br \/> Emballage : Le sac en PP est minimal mais pas simple <\/p>\n<p> <b>Contenu du paquet :<\/b> <br \/> 1x serviette de bain <\/p>\n<ul>\n<li>\n<div>\n   <img decoding=\"async\" alt=\"\" src=\"https:\/\/cf.cjdropshipping.com\/17163360\/2405220608220321200.jpg\">\n  <\/div>\n<\/li>\n<li>\n<div>\n   <img decoding=\"async\" alt=\"\" src=\"https:\/\/cf.cjdropshipping.com\/17163360\/2405220608220322500.jpg\">\n  <\/div>\n<\/li>\n<li>\n<div>\n   <img decoding=\"async\" alt=\"\" src=\"https:\/\/cf.cjdropshipping.com\/17163360\/2405220608220323300.jpg\">\n  <\/div>\n<\/li>\n<li>\n<div>\n   <img decoding=\"async\" alt=\"\" src=\"https:\/\/cf.cjdropshipping.com\/17163360\/2405220608220323900.jpg\">\n  <\/div>\n<\/li>\n<li>\n<div>\n   <br \/> \n  <\/div>\n<\/li>\n<li>\n<div>\n   <img decoding=\"async\" alt=\"\" src=\"https:\/\/cf.cjdropshipping.com\/17163360\/2405220608220324600.jpg\">\n  <\/div>\n<\/li>\n<li>\n<div>\n   <img decoding=\"async\" alt=\"\" src=\"https:\/\/cf.cjdropshipping.com\/17163360\/2405220608220325500.jpg\">\n  <\/div>\n<\/li>\n<li>\n<div>\n   <img decoding=\"async\" alt=\"\" src=\"https:\/\/cf.cjdropshipping.com\/17163360\/2405220608220326100.jpg\">\n  <\/div>\n<\/li>\n<li>\n<div>\n   <img decoding=\"async\" src=\"https:\/\/cf.cjdropshipping.com\/17163360\/2405220608220327100.jpg\" alt=\"\"><br \/>\n   <img decoding=\"async\" src=\"https:\/\/cf.cjdropshipping.com\/17163360\/2405220608220328200.jpg\" alt=\"\"><br \/>\n   <img decoding=\"async\" src=\"https:\/\/cf.cjdropshipping.com\/17163360\/2405220608220329000.jpg\" alt=\"\"><br \/>\n   <img decoding=\"async\" src=\"https:\/\/cf.cjdropshipping.com\/17163360\/2405220608230320000.jpg\" alt=\"\"><br \/>\n   <img decoding=\"async\" src=\"https:\/\/cf.cjdropshipping.com\/17163360\/2405220608230321300.jpg\" alt=\"\"><br \/>\n   <br \/> \n  <\/div>\n<\/li>\n<\/ul>","protected":false},"excerpt":{"rendered":"<p>Overview: It is not only a casual and comfortable bath towel, but also a fashionable and sexy taste. For summer outings, wearing it on the beach or swimming pool must be the most beautiful scenery. Wiping water and sunscreen is convenient and sexy. Compared with all kinds of dazzling beach towels, its pure style must [&#8230;]\n","protected":false},"featured_media":13402,"comment_status":"open","ping_status":"closed","template":"","meta":[],"product_brand":[],"product_cat":[41],"product_tag":[],"class_list":{"0":"post-13412","1":"product","2":"type-product","3":"status-publish","4":"has-post-thumbnail","6":"product_cat-beach-towels","8":"first","9":"instock","10":"taxable","11":"shipping-taxable","12":"purchasable","13":"product-type-variable"},"_links":{"self":[{"href":"https:\/\/beacheden.com\/fr\/wp-json\/wp\/v2\/product\/13412","targetHints":{"allow":["GET"]}}],"collection":[{"href":"https:\/\/beacheden.com\/fr\/wp-json\/wp\/v2\/product"}],"about":[{"href":"https:\/\/beacheden.com\/fr\/wp-json\/wp\/v2\/types\/product"}],"replies":[{"embeddable":true,"href":"https:\/\/beacheden.com\/fr\/wp-json\/wp\/v2\/comments?post=13412"}],"wp:featuredmedia":[{"embeddable":true,"href":"https:\/\/beacheden.com\/fr\/wp-json\/wp\/v2\/media\/13402"}],"wp:attachment":[{"href":"https:\/\/beacheden.com\/fr\/wp-json\/wp\/v2\/media?parent=13412"}],"wp:term":[{"taxonomy":"product_brand","embeddable":true,"href":"https:\/\/beacheden.com\/fr\/wp-json\/wp\/v2\/product_brand?post=13412"},{"taxonomy":"product_cat","embeddable":true,"href":"https:\/\/beacheden.com\/fr\/wp-json\/wp\/v2\/product_cat?post=13412"},{"taxonomy":"product_tag","embeddable":true,"href":"https:\/\/beacheden.com\/fr\/wp-json\/wp\/v2\/product_tag?post=13412"}],"curies":[{"name":"wp","href":"https:\/\/api.w.org\/{rel}","templated":true}]}}